{"id":2535,"date":"2024-07-02T09:07:58","date_gmt":"2024-07-02T09:07:58","guid":{"rendered":"https:\/\/minersking.com\/?post_type=product&#038;p=2535"},"modified":"2024-08-30T10:22:46","modified_gmt":"2024-08-30T10:22:46","slug":"bombax-ez100-12500m","status":"publish","type":"product","link":"https:\/\/minersking.com\/es\/producto\/bombax-ez100-12500m\/","title":{"rendered":"Bombax EZ100 Ethereum Miner(12500MH\/s)"},"content":{"rendered":"<h2>Descripci\u00f3n<\/h2>\n<p>BOMBAX EZ100 es un dispositivo de miner\u00eda optimizado para la miner\u00eda de ETC (Ethereum Classic), con un alto rendimiento de miner\u00eda y un consumo de energ\u00eda relativamente bajo.<\/p>\n<p>Hashrate: 12500M-13000M, lo que demuestra que el dispositivo tiene una alta velocidad de computaci\u00f3n al procesar c\u00e1lculos hash ETC.<\/p>\n<p>Consumo de energ\u00eda: 2200W-2300W, que es un indicador importante para medir el consumo de energ\u00eda durante el proceso de miner\u00eda. Un menor consumo de energ\u00eda significa que se pueden ahorrar m\u00e1s costes de electricidad durante el proceso de miner\u00eda.<\/p>\n<p>Eficiencia energ\u00e9tica: 0,2\u00b15%. Este par\u00e1metro refleja la estabilidad de la eficiencia de conversi\u00f3n de potencia. Una alta eficiencia puede reducir la p\u00e9rdida de energ\u00eda y mejorar la eficiencia general de la miner\u00eda.<\/p>\n<p>Corto retorno de la inversi\u00f3n: Esto significa que la eficiente potencia de c\u00e1lculo de los equipos puede ayudar a los usuarios a recuperar sus costes de inversi\u00f3n en un corto periodo de tiempo.<\/p>\n<p>Ya sea para uso personal o como parte de una operaci\u00f3n m\u00e1s grande, la BomBax EZ100 ofrece una soluci\u00f3n fiable para maximizar los rendimientos de criptomoneda y minimizar los costos de energ\u00eda.<\/p>\n<h3>Especificaciones:<\/h3>\n<table border=\"0\" width=\"161\" cellspacing=\"0\" cellpadding=\"0\">\n<tbody>\n<tr>\n<td width=\"86\" height=\"17\"><strong>ESPECIFICACI\u00d3N<\/strong><\/td>\n<td width=\"75\">DETALLES<\/td>\n<\/tr>\n<tr>\n<td height=\"17\"><strong>Modelo Miner<\/strong><\/td>\n<td>BomBax EZ100<\/td>\n<\/tr>\n<tr>\n<td height=\"17\"><strong>Tasa Hash<\/strong><\/td>\n<td>12500 MH\/s<\/td>\n<\/tr>\n<tr>\n<td height=\"17\"><strong>Algoritmo<\/strong><\/td>\n<td>Etchash<\/td>\n<\/tr>\n<tr>\n<td height=\"17\"><strong>Monedas admitidas<\/strong><\/td>\n<td>Ethereum Classic (ETC), Ethereum Fog (ETF), Zilliqa (ZIL), EthereumPoW (ETHW)<\/td>\n<\/tr>\n<tr>\n<td height=\"17\"><strong>El consumo de energ\u00eda<\/strong><\/td>\n<td>2500 vatios<\/td>\n<\/tr>\n<tr>\n<td height=\"17\"><strong>Eficiencia energetica<\/strong><\/td>\n<td>~0,2 J\/MH<\/td>\n<\/tr>\n<\/tbody>\n<\/table>","protected":false},"excerpt":{"rendered":"<p>Description BOMBAX EZ100 is a mining device optimized for ETC (Ethereum Classic) mining, with high mining performance and relatively low power consumption. Hashrate: 12500M-13000M, which shows that the device has a high computing speed when processing ETC hash calculations. Power consumption: 2200W-2300W, which is an important indicator to measure the power consumption during the mining [&hellip;]<\/p>","protected":false},"featured_media":2536,"comment_status":"open","ping_status":"closed","template":"","meta":[],"product_brand":[],"product_cat":[79,90],"product_tag":[],"class_list":{"0":"post-2535","1":"product","2":"type-product","3":"status-publish","4":"has-post-thumbnail","6":"product_cat-bombax","7":"product_cat-bombax-etc-mining","9":"first","10":"outofstock","11":"shipping-taxable","12":"purchasable","13":"product-type-simple"},"_links":{"self":[{"href":"https:\/\/minersking.com\/es\/wp-json\/wp\/v2\/product\/2535","targetHints":{"allow":["GET"]}}],"collection":[{"href":"https:\/\/minersking.com\/es\/wp-json\/wp\/v2\/product"}],"about":[{"href":"https:\/\/minersking.com\/es\/wp-json\/wp\/v2\/types\/product"}],"replies":[{"embeddable":true,"href":"https:\/\/minersking.com\/es\/wp-json\/wp\/v2\/comments?post=2535"}],"wp:featuredmedia":[{"embeddable":true,"href":"https:\/\/minersking.com\/es\/wp-json\/wp\/v2\/media\/2536"}],"wp:attachment":[{"href":"https:\/\/minersking.com\/es\/wp-json\/wp\/v2\/media?parent=2535"}],"wp:term":[{"taxonomy":"product_brand","embeddable":true,"href":"https:\/\/minersking.com\/es\/wp-json\/wp\/v2\/product_brand?post=2535"},{"taxonomy":"product_cat","embeddable":true,"href":"https:\/\/minersking.com\/es\/wp-json\/wp\/v2\/product_cat?post=2535"},{"taxonomy":"product_tag","embeddable":true,"href":"https:\/\/minersking.com\/es\/wp-json\/wp\/v2\/product_tag?post=2535"}],"curies":[{"name":"wp","href":"https:\/\/api.w.org\/{rel}","templated":true}]}}