{"id":2683,"date":"2024-08-06T02:45:24","date_gmt":"2024-08-06T02:45:24","guid":{"rendered":"https:\/\/minersking.com\/?post_type=product&#038;p=2683"},"modified":"2024-12-09T06:45:57","modified_gmt":"2024-12-09T06:45:57","slug":"antminer-l9-miner-mining-ltc-and-doge","status":"publish","type":"product","link":"https:\/\/minersking.com\/es\/producto\/antminer-l9-miner-mining-ltc-and-doge\/","title":{"rendered":"Bitmain Antminer L9 Miner Mining LTC and DOGE(16GH\/s)"},"content":{"rendered":"<h2>Descripci\u00f3n<\/h2>\n<p><strong>Bitmain antminer L9<\/strong> is designed in May 2024. It uses the KHeavyHash algorithm and can reach a peak hashrate of 16 GH\/s while consuming only 3360W of power.<\/p>\n<table width=\"1026\">\n<tbody>\n<tr>\n<td width=\"265\">Tasa de hash<\/td>\n<td width=\"265\">16GH\/s<\/td>\n<\/tr>\n<tr>\n<td width=\"265\">Alimentaci\u00f3n de pared<\/td>\n<td width=\"265\">3360W\/h(\u00b110%)<\/td>\n<\/tr>\n<tr>\n<td width=\"265\">Power efficiency<\/td>\n<td width=\"265\">210J\/G<\/td>\n<\/tr>\n<tr>\n<td width=\"265\">Dimensi\u00f3n (con embalaje)<\/td>\n<td width=\"265\">570*316*430(mm)<\/td>\n<\/tr>\n<tr>\n<td width=\"265\">Dimensi\u00f3n<\/td>\n<td width=\"265\">400*195*290(mm)<\/td>\n<\/tr>\n<tr>\n<td width=\"265\">Peso bruto<\/td>\n<td width=\"265\">15.9kg<\/td>\n<\/tr>\n<tr>\n<td width=\"265\">Peso neto<\/td>\n<td width=\"265\">14,1 kilos<\/td>\n<\/tr>\n<tr>\n<td width=\"265\">Conexi\u00f3n<\/td>\n<td width=\"265\">Ethernet<\/td>\n<\/tr>\n<tr>\n<td width=\"265\">Entrada de voltaje<\/td>\n<td width=\"265\">220-277V<\/td>\n<\/tr>\n<tr>\n<td width=\"265\">Temperatura de trabajo<\/td>\n<td width=\"265\">-20~45 \u2103<\/td>\n<\/tr>\n<\/tbody>\n<\/table>\n<div>\n<h4 class=\"font-satoshi text-xl text-black dark:text-white md:text-xl lg:mb-2 lg:text-heading-5 xl:text-heading-5\">Algoritmos<\/h4>\n<p>Algoritmo: KHeavyHash<\/p>\n<p>Hashrate: 16GH\/s<\/p>\n<p>Consumption: 3360W<\/p>\n<p>Minable coins: Litecoin(LTC) and Dogecoin(DOGE)<\/p>\n<h4>Air-Cooling Miner<\/h4>\n<p>After the release of the L7, Bitmain has once again introduced a new machine, the <strong>antminer L9<\/strong>, which boasts even higher computing power and improved performance. The goal is to provide miners who are enthusiastic about Litecoin and Dogecoin with a mining device that offers higher profitability. The L9 has a hash rate of up to 16 GH\/s and a power consumption of 3360W. This machine will begin shipping in August 2024.<\/p>\n<h2>Informaci\u00f3n adicional<\/h2>\n<ul>\n<li>P\u00f3ngase en contacto con nosotros para conocer los detalles de los distintos pedidos. Adem\u00e1s, el DDP (PRECIO con gastos de env\u00edo y aduana incluidos) tambi\u00e9n puede estar disponible en algunos pa\u00edses.<\/li>\n<li>Un pedido o pre-pedido no puede ser cancelado bajo ninguna circunstancia, ya que se considera definitivo una vez que ha sido confirmado con nosotros.<\/li>\n<\/ul>\n<\/div>","protected":false},"excerpt":{"rendered":"<p>Description Bitmain antminer L9 is designed in May 2024. It uses the KHeavyHash algorithm and can reach a peak hashrate of 16 GH\/s while consuming only 3360W of power. Hashrate 16GH\/s Wall Power 3360W\/h(\u00b110%) Power efficiency 210J\/G Dimension(with packaging) 570*316*430(mm) Dimension 400*195*290(mm) Gross Weight 15.9kg Net Weight 14.1kg Connection Ethernet Voltage Input 220-277V Working Temp [&hellip;]<\/p>","protected":false},"featured_media":2684,"comment_status":"open","ping_status":"closed","template":"","meta":[],"product_brand":[],"product_cat":[81,33,46],"product_tag":[],"class_list":{"0":"post-2683","1":"product","2":"type-product","3":"status-publish","4":"has-post-thumbnail","6":"product_cat-hot-selling","7":"product_cat-antminer","8":"product_cat-litecoin-dogecoin","10":"first","11":"instock","12":"shipping-taxable","13":"purchasable","14":"product-type-simple"},"_links":{"self":[{"href":"https:\/\/minersking.com\/es\/wp-json\/wp\/v2\/product\/2683","targetHints":{"allow":["GET"]}}],"collection":[{"href":"https:\/\/minersking.com\/es\/wp-json\/wp\/v2\/product"}],"about":[{"href":"https:\/\/minersking.com\/es\/wp-json\/wp\/v2\/types\/product"}],"replies":[{"embeddable":true,"href":"https:\/\/minersking.com\/es\/wp-json\/wp\/v2\/comments?post=2683"}],"wp:featuredmedia":[{"embeddable":true,"href":"https:\/\/minersking.com\/es\/wp-json\/wp\/v2\/media\/2684"}],"wp:attachment":[{"href":"https:\/\/minersking.com\/es\/wp-json\/wp\/v2\/media?parent=2683"}],"wp:term":[{"taxonomy":"product_brand","embeddable":true,"href":"https:\/\/minersking.com\/es\/wp-json\/wp\/v2\/product_brand?post=2683"},{"taxonomy":"product_cat","embeddable":true,"href":"https:\/\/minersking.com\/es\/wp-json\/wp\/v2\/product_cat?post=2683"},{"taxonomy":"product_tag","embeddable":true,"href":"https:\/\/minersking.com\/es\/wp-json\/wp\/v2\/product_tag?post=2683"}],"curies":[{"name":"wp","href":"https:\/\/api.w.org\/{rel}","templated":true}]}}