{"id":2686,"date":"2024-08-06T03:44:53","date_gmt":"2024-08-06T03:44:53","guid":{"rendered":"https:\/\/minersking.com\/?post_type=product&#038;p=2686"},"modified":"2024-08-30T07:26:54","modified_gmt":"2024-08-30T07:26:54","slug":"iceriver-al0-alephium-mining-hardware","status":"publish","type":"product","link":"https:\/\/minersking.com\/es\/producto\/iceriver-al0-alephium-mining-hardware\/","title":{"rendered":"Hardware de miner\u00eda de alefio Iceriver AL0 (400GH\/s)"},"content":{"rendered":"<h2>Descripci\u00f3n<\/h2>\n<p><strong>Iceriver AL0<\/strong> is released in August 2024, which uses the <strong>Algoritmo Blake3<\/strong>. With a hash rate of <strong>400 GH\/s<\/strong> y un consumo de energ\u00eda de <strong>100W<\/strong>, the AL0 has become one of the top choices for home miners.<\/p>\n<h2>Especificaci\u00f3n<\/h2>\n<table>\n<tbody>\n<tr>\n<td width=\"496\">Tama\u00f1o<\/td>\n<td width=\"706\">200mm*194mm*74mm<\/td>\n<\/tr>\n<tr>\n<td width=\"496\">Algoritmo<\/td>\n<td width=\"706\">Blake3<\/td>\n<\/tr>\n<tr>\n<td width=\"496\">Peso<\/td>\n<td width=\"706\">2,5 kilos<\/td>\n<\/tr>\n<tr>\n<td width=\"496\">Puerto de red<\/td>\n<td width=\"706\">Ethernet<\/td>\n<\/tr>\n<tr>\n<td width=\"496\">Voltaje de entrada<\/td>\n<td width=\"706\">100-240V<\/td>\n<\/tr>\n<tr>\n<td width=\"496\">Temperatura de trabajo<\/td>\n<td width=\"706\">0~35\u2103<\/td>\n<\/tr>\n<\/tbody>\n<\/table>\n<h4 class=\"font-satoshi text-xl text-black dark:text-white md:text-xl lg:mb-2 lg:text-heading-5 xl:text-heading-5\">Algoritmos<\/h4>\n<p>Algorithm: Blake3<\/p>\n<p>Hashrate: 400GH\/s<\/p>\n<p>Consumo: 100W<\/p>\n<p>Minable coins: Alephium(ALPH)<\/p>\n<h3><strong>Alephium Miner for Home Mining<\/strong><\/h3>\n<p>Iceriver ha lanzado un nuevo dispositivo de miner\u00eda dom\u00e9stico, el AL0, para la miner\u00eda de Alephium (ALPH). Con una tasa de hash de 400 GH\/s y un consumo de energ\u00eda de 100W, el AL0 se ha convertido en una de las principales opciones para los mineros dom\u00e9sticos. La impresionante potencia de c\u00e1lculo del AL0 y su bajo consumo energ\u00e9tico lo convierten en una opci\u00f3n atractiva para las personas interesadas en minar la criptomoneda Alephium.<\/p>\n<h2>Informaci\u00f3n adicional<\/h2>\n<ul>\n<li>P\u00f3ngase en contacto con nosotros para conocer los detalles de los distintos pedidos. El DDP (PRECIO con gastos de env\u00edo y aduana incluidos) tambi\u00e9n puede estar disponible en algunos pa\u00edses.<\/li>\n<li>Un pedido o pre-pedido no puede ser cancelado bajo ninguna circunstancia, ya que se considera definitivo una vez que ha sido confirmado con nosotros.<\/li>\n<\/ul>","protected":false},"excerpt":{"rendered":"<p>Description Iceriver AL0 is released in August 2024, which uses the Blake3 algorithm. With a hash rate of 400 GH\/s and a power consumption of 100W, the AL0 has become one of the top choices for home miners. Specification Size 200mm*194mm*74mm Algorithm Blake3 Weight 2.5kg Network Port Ethernet Imput Voltage 100-240V Working Temperature 0~35 \u2103 [&hellip;]<\/p>","protected":false},"featured_media":2687,"comment_status":"open","ping_status":"closed","template":"","meta":[],"product_brand":[],"product_cat":[36,84],"product_tag":[],"class_list":{"0":"post-2686","1":"product","2":"type-product","3":"status-publish","4":"has-post-thumbnail","6":"product_cat-iceriver","7":"product_cat-iceriver-alph-mining","9":"first","10":"instock","11":"sale","12":"shipping-taxable","13":"purchasable","14":"product-type-simple"},"_links":{"self":[{"href":"https:\/\/minersking.com\/es\/wp-json\/wp\/v2\/product\/2686","targetHints":{"allow":["GET"]}}],"collection":[{"href":"https:\/\/minersking.com\/es\/wp-json\/wp\/v2\/product"}],"about":[{"href":"https:\/\/minersking.com\/es\/wp-json\/wp\/v2\/types\/product"}],"replies":[{"embeddable":true,"href":"https:\/\/minersking.com\/es\/wp-json\/wp\/v2\/comments?post=2686"}],"wp:featuredmedia":[{"embeddable":true,"href":"https:\/\/minersking.com\/es\/wp-json\/wp\/v2\/media\/2687"}],"wp:attachment":[{"href":"https:\/\/minersking.com\/es\/wp-json\/wp\/v2\/media?parent=2686"}],"wp:term":[{"taxonomy":"product_brand","embeddable":true,"href":"https:\/\/minersking.com\/es\/wp-json\/wp\/v2\/product_brand?post=2686"},{"taxonomy":"product_cat","embeddable":true,"href":"https:\/\/minersking.com\/es\/wp-json\/wp\/v2\/product_cat?post=2686"},{"taxonomy":"product_tag","embeddable":true,"href":"https:\/\/minersking.com\/es\/wp-json\/wp\/v2\/product_tag?post=2686"}],"curies":[{"name":"wp","href":"https:\/\/api.w.org\/{rel}","templated":true}]}}