{"id":2692,"date":"2024-08-06T06:33:41","date_gmt":"2024-08-06T06:33:41","guid":{"rendered":"https:\/\/minersking.com\/?post_type=product&#038;p=2692"},"modified":"2024-08-30T07:13:00","modified_gmt":"2024-08-30T07:13:00","slug":"goldshell-al-box-ii-alephium-mining-hardware","status":"publish","type":"product","link":"https:\/\/minersking.com\/es\/producto\/goldshell-al-box-ii-alephium-mining-hardware\/","title":{"rendered":"Goldshell AL BOX II Alephium Mining Hardware (720GH\/s)"},"content":{"rendered":"<h2>Descripci\u00f3n<\/h2>\n<p>El <strong>Goldshell AL BOX II<\/strong> is an upgrade over its predecessor, providing twice the hash rate (<strong>720 GH\/s<\/strong>), doubling the earnings potential for Alephium mining, and offering superior efficiency\u2014ideal for home mining! With only <strong>360W<\/strong> power consumption, the Goldshell AL-BOX maximizes profitability while keeping operating costs low<\/p>\n<h2>Especificaci\u00f3n<\/h2>\n<table>\n<tbody>\n<tr>\n<td width=\"496\">Tama\u00f1o<\/td>\n<td width=\"706\">198mm*150mm*96mm<\/td>\n<\/tr>\n<tr>\n<td width=\"496\">Algoritmo<\/td>\n<td width=\"706\">Blake3<\/td>\n<\/tr>\n<tr>\n<td width=\"496\">Peso<\/td>\n<td width=\"706\">2.2kg<\/td>\n<\/tr>\n<tr>\n<td width=\"496\">Puerto de red<\/td>\n<td width=\"706\">Ethernet<\/td>\n<\/tr>\n<tr>\n<td width=\"496\">Voltaje de entrada<\/td>\n<td width=\"706\">100-240V<\/td>\n<\/tr>\n<tr>\n<td width=\"496\">Temperatura de trabajo<\/td>\n<td width=\"706\">0~35\u2103<\/td>\n<\/tr>\n<\/tbody>\n<\/table>\n<h4 class=\"font-satoshi text-xl text-black dark:text-white md:text-xl lg:mb-2 lg:text-heading-5 xl:text-heading-5\">Algoritmos<\/h4>\n<p>Algorithm: Blake3<\/p>\n<p>Hashrate: 720GH\/s<\/p>\n<p>Consumption: 360W<\/p>\n<p>Minable coins: Alephium(ALPH)<\/p>\n<h3><strong>Alephium Miner for Home Mining<\/strong><\/h3>\n<p>Goldshell has launched its upgraded miner for mining Alephium (ALPH). With a hash rate of 720 GH\/s and a power consumption of 360W. The AL-BOX II is a solid choice for home miners. Its low power consumption and impressive computing power make the AL-BOX II an attractive option for those interested in mining Alephium<\/p>\n<h2>Informaci\u00f3n adicional<\/h2>\n<ul>\n<li>P\u00f3ngase en contacto con nosotros para conocer los detalles de los distintos pedidos. Adem\u00e1s, el DDP (PRECIO con gastos de env\u00edo y aduana incluidos) tambi\u00e9n puede estar disponible en algunos pa\u00edses.<\/li>\n<li>Un pedido o pre-pedido no puede ser cancelado bajo ninguna circunstancia, ya que se considera definitivo una vez que ha sido confirmado con nosotros.<\/li>\n<\/ul>","protected":false},"excerpt":{"rendered":"<p>Description The Goldshell AL BOX II is an upgrade over its predecessor, providing twice the hash rate (720 GH\/s), doubling the earnings potential for Alephium mining, and offering superior efficiency\u2014ideal for home mining! With only 360W power consumption, the Goldshell AL-BOX maximizes profitability while keeping operating costs low Specification Size 198mm*150mm*96mm Algorithm Blake3 Weight 2.2kg [&hellip;]<\/p>","protected":false},"featured_media":2693,"comment_status":"open","ping_status":"closed","template":"","meta":[],"product_brand":[],"product_cat":[91,92],"product_tag":[],"class_list":{"0":"post-2692","1":"product","2":"type-product","3":"status-publish","4":"has-post-thumbnail","6":"product_cat-goldshell","7":"product_cat-alph-mining","9":"first","10":"instock","11":"shipping-taxable","12":"purchasable","13":"product-type-simple"},"_links":{"self":[{"href":"https:\/\/minersking.com\/es\/wp-json\/wp\/v2\/product\/2692","targetHints":{"allow":["GET"]}}],"collection":[{"href":"https:\/\/minersking.com\/es\/wp-json\/wp\/v2\/product"}],"about":[{"href":"https:\/\/minersking.com\/es\/wp-json\/wp\/v2\/types\/product"}],"replies":[{"embeddable":true,"href":"https:\/\/minersking.com\/es\/wp-json\/wp\/v2\/comments?post=2692"}],"wp:featuredmedia":[{"embeddable":true,"href":"https:\/\/minersking.com\/es\/wp-json\/wp\/v2\/media\/2693"}],"wp:attachment":[{"href":"https:\/\/minersking.com\/es\/wp-json\/wp\/v2\/media?parent=2692"}],"wp:term":[{"taxonomy":"product_brand","embeddable":true,"href":"https:\/\/minersking.com\/es\/wp-json\/wp\/v2\/product_brand?post=2692"},{"taxonomy":"product_cat","embeddable":true,"href":"https:\/\/minersking.com\/es\/wp-json\/wp\/v2\/product_cat?post=2692"},{"taxonomy":"product_tag","embeddable":true,"href":"https:\/\/minersking.com\/es\/wp-json\/wp\/v2\/product_tag?post=2692"}],"curies":[{"name":"wp","href":"https:\/\/api.w.org\/{rel}","templated":true}]}}