{"id":2726,"date":"2024-08-07T03:01:01","date_gmt":"2024-08-07T03:01:01","guid":{"rendered":"https:\/\/minersking.com\/?post_type=product&#038;p=2726"},"modified":"2024-08-27T08:37:22","modified_gmt":"2024-08-27T08:37:22","slug":"bitmain-antminer-s21-xp-270t-bitcoin-miner-btc-crypto-mining-machine","status":"publish","type":"product","link":"https:\/\/minersking.com\/es\/producto\/bitmain-antminer-s21-xp-270t-bitcoin-miner-btc-crypto-mining-machine\/","title":{"rendered":"Minero Bitcoin Bitmain Antminer S21 XP (270TH\/s)"},"content":{"rendered":"<h2>Descripci\u00f3n<\/h2>\n<p>El Antminer S21 XP de Bitmain es un minero de Bitcoin refrigerado por aire de \u00faltima generaci\u00f3n dise\u00f1ado para ofrecer la m\u00e1xima eficiencia. Utiliza el algoritmo SHA-256 y ofrece un impresionante hashrate de 270 Th\/s con un consumo de 3650 W.<\/p>\n<div class=\"woocommerce-tabs wc-tabs-wrapper\" data-type=\"type-1:center\">\n<div class=\"table-wrapper\">\n<table width=\"1026\">\n<tbody>\n<tr>\n<td width=\"265\">Tasa de hash<\/td>\n<td width=\"265\">270TH\/s<\/td>\n<\/tr>\n<tr>\n<td width=\"265\">Fuerza<\/td>\n<td width=\"265\">3650W\/h<\/td>\n<\/tr>\n<tr>\n<td width=\"265\">Power efficiency<\/td>\n<td width=\"265\">13.5J\/TH<\/td>\n<\/tr>\n<tr>\n<td width=\"265\">Dimensi\u00f3n (con embalaje)<\/td>\n<td width=\"265\">640*360*450 (mm)<\/td>\n<\/tr>\n<tr>\n<td width=\"265\">Dimensi\u00f3n<\/td>\n<td width=\"265\">449*219*293 (mm)<\/td>\n<\/tr>\n<tr>\n<td width=\"265\">Peso bruto<\/td>\n<td width=\"265\">21.5 kg<\/td>\n<\/tr>\n<tr>\n<td width=\"265\">Peso neto<\/td>\n<td width=\"265\">18.7 kg<\/td>\n<\/tr>\n<tr>\n<td width=\"265\">Puerto de conexi\u00f3n<\/td>\n<td width=\"265\">Ethernet<\/td>\n<\/tr>\n<tr>\n<td width=\"265\">Entrada de voltaje<\/td>\n<td width=\"265\">170-300 VCA<\/td>\n<\/tr>\n<tr>\n<td width=\"265\">Temperatura de trabajo<\/td>\n<td width=\"265\">-20~45 \u2103<\/td>\n<\/tr>\n<\/tbody>\n<\/table>\n<\/div>\n<\/div>\n<div>\n<h4 class=\"font-satoshi text-xl text-black dark:text-white md:text-xl lg:mb-2 lg:text-heading-5 xl:text-heading-5\">Algoritmos<\/h4>\n<p>Algoritmo: SHA-256<\/p>\n<p>Hashrate: \u00a0270TH\/s<\/p>\n<p>Consumption: 3650W<\/p>\n<p>Minable coins: Bitcoin(BTC)<\/p>\n<h4>Refrigeraci\u00f3n por aire Kaspa Miner<\/h4>\n<p>Bitmain will release the Antminer S21 XP in Sep 2024. It has a hashrate of 270 TH\/s and uses 3650 W of power to mine Bitcoin coins.<\/p>\n<p>El S21 XP es la actualizaci\u00f3n ideal para los mineros serios de criptomonedas que buscan optimizar sus operaciones. Experimenta un rendimiento sin precedentes y mantente por delante de la competencia con la \u00faltima innovaci\u00f3n minera de Bitmain.<\/p>\n<h2>Informaci\u00f3n adicional<\/h2>\n<ul>\n<li>P\u00f3ngase en contacto con nosotros para conocer los detalles de los distintos pedidos. Adem\u00e1s, el DDP (PRECIO con gastos de env\u00edo y aduana incluidos) tambi\u00e9n puede estar disponible en algunos pa\u00edses.<\/li>\n<li>Un pedido o pre-pedido no puede ser cancelado bajo ninguna circunstancia, ya que se considera definitivo una vez que ha sido confirmado con nosotros.<\/li>\n<\/ul>\n<\/div>","protected":false},"excerpt":{"rendered":"<p>Description Bitmain&#8217;s Antminer S21 XP is a state-of-the-art air-cooled Bitcoin miner designed for maximum efficiency. Utilizing the SHA-256 algorithm, it delivers an impressive 270 Th\/s hashrate at just 3650W power consumption. Hashrate 270TH\/s Power 3650W\/h Power efficiency 13.5J\/TH Dimension(with packaging) 640*360*450 (mm) Dimension 449*219*293 (mm) Gross Weight 21.5 kg Net Weight 18.7 kg Connection Port [&hellip;]<\/p>","protected":false},"featured_media":2727,"comment_status":"open","ping_status":"closed","template":"","meta":[],"product_brand":[],"product_cat":[33,44],"product_tag":[],"class_list":{"0":"post-2726","1":"product","2":"type-product","3":"status-publish","4":"has-post-thumbnail","6":"product_cat-antminer","7":"product_cat-bitcoin-mining","9":"first","10":"instock","11":"shipping-taxable","12":"purchasable","13":"product-type-simple"},"_links":{"self":[{"href":"https:\/\/minersking.com\/es\/wp-json\/wp\/v2\/product\/2726","targetHints":{"allow":["GET"]}}],"collection":[{"href":"https:\/\/minersking.com\/es\/wp-json\/wp\/v2\/product"}],"about":[{"href":"https:\/\/minersking.com\/es\/wp-json\/wp\/v2\/types\/product"}],"replies":[{"embeddable":true,"href":"https:\/\/minersking.com\/es\/wp-json\/wp\/v2\/comments?post=2726"}],"wp:featuredmedia":[{"embeddable":true,"href":"https:\/\/minersking.com\/es\/wp-json\/wp\/v2\/media\/2727"}],"wp:attachment":[{"href":"https:\/\/minersking.com\/es\/wp-json\/wp\/v2\/media?parent=2726"}],"wp:term":[{"taxonomy":"product_brand","embeddable":true,"href":"https:\/\/minersking.com\/es\/wp-json\/wp\/v2\/product_brand?post=2726"},{"taxonomy":"product_cat","embeddable":true,"href":"https:\/\/minersking.com\/es\/wp-json\/wp\/v2\/product_cat?post=2726"},{"taxonomy":"product_tag","embeddable":true,"href":"https:\/\/minersking.com\/es\/wp-json\/wp\/v2\/product_tag?post=2726"}],"curies":[{"name":"wp","href":"https:\/\/api.w.org\/{rel}","templated":true}]}}