{"id":2728,"date":"2024-08-07T03:04:07","date_gmt":"2024-08-07T03:04:07","guid":{"rendered":"https:\/\/minersking.com\/?post_type=product&#038;p=2728"},"modified":"2024-08-31T02:51:00","modified_gmt":"2024-08-31T02:51:00","slug":"bitmain-antminer-s21-xp-hydro-btc-miner","status":"publish","type":"product","link":"https:\/\/minersking.com\/es\/producto\/bitmain-antminer-s21-xp-hydro-btc-miner\/","title":{"rendered":"Minero Bitcoin Bitmain Antminer S21 XP Hydro (473TH\/s)"},"content":{"rendered":"<h2>Descripci\u00f3n<\/h2>\n<p><strong>Bitmain<\/strong> lanzar\u00e1 su nuevo minero de Bitcoin, el Antminer S21 XP Hydro, en octubre de 2024. Alcanza un nuevo hashrate m\u00e1ximo de<strong> 473 TH\/s<\/strong> y tiene un consumo de energ\u00eda de <strong>5670 vatios<\/strong>utilizando el <strong>Algoritmo SHA-256<\/strong><\/p>\n<h2>Especificaci\u00f3n<\/h2>\n<table class=\"table table-striped\" style=\"height: 418px;\" width=\"367\">\n<tbody>\n<tr>\n<th scope=\"row\">Marca<\/th>\n<td>Bitmain<\/td>\n<\/tr>\n<tr>\n<th scope=\"row\">SKU<\/th>\n<td>Antminer S21 XP Hydro<\/td>\n<\/tr>\n<tr>\n<th scope=\"row\">Tambi\u00e9n llamado<\/th>\n<td>Antminer S21 XP Hydro<\/td>\n<\/tr>\n<tr>\n<th scope=\"row\">Lanzamiento<\/th>\n<td>Oct 2024<\/td>\n<\/tr>\n<tr>\n<th scope=\"row\">Peso neto<\/th>\n<td>13,8 kg<\/td>\n<\/tr>\n<tr>\n<th scope=\"row\">Peso bruto<\/th>\n<td>15,7 kg<\/td>\n<\/tr>\n<tr>\n<th scope=\"row\">Ruido<\/th>\n<td>50 dB<\/td>\n<\/tr>\n<tr>\n<th scope=\"row\">Tama\u00f1o sin embalaje<\/th>\n<td>339*173*207mm<\/td>\n<\/tr>\n<tr>\n<th scope=\"row\">Tama\u00f1o con envase<\/th>\n<td>570*316*430mm<\/td>\n<\/tr>\n<tr>\n<th scope=\"row\">Voltaje<\/th>\n<td>380-415V<\/td>\n<\/tr>\n<tr>\n<th scope=\"row\">Fuerza<\/th>\n<td>5670W<\/td>\n<\/tr>\n<tr>\n<th>Tasa de hash<\/th>\n<td>473 TH<\/td>\n<\/tr>\n<tr>\n<th scope=\"row\">Puerto de red<\/th>\n<td>Ethernet<\/td>\n<\/tr>\n<tr>\n<th scope=\"row\">Temperatura<\/th>\n<td>5 - 45 \u00b0C<\/td>\n<\/tr>\n<\/tbody>\n<\/table>\n<h4 class=\"font-satoshi text-xl text-black dark:text-white md:text-xl lg:mb-2 lg:text-heading-5 xl:text-heading-5\">Algoritmos<\/h4>\n<p>Algoritmo: SHA-256<\/p>\n<p>Hashrate: 473 Th\/s<\/p>\n<p>Consumo: 5670W<\/p>\n<p>Monedas minables: Bitcoin<\/p>\n<h4>Minero de Bitcoin Hydro Cooling<\/h4>\n<p>The S21 XP Hydro has a hashrate of 473 TH\/s and consumes 5670W of power. By using an efficient liquid cooling system, this mining rig can effectively dissipate heat and mine Bitcoin, ensuring the miner operates well under normal temperature conditions<\/p>\n<h2>Informaci\u00f3n adicional<\/h2>\n<ul>\n<li>P\u00f3ngase en contacto con nosotros para conocer los detalles de los distintos pedidos. El DDP (PRECIO con gastos de env\u00edo y aduana incluidos) tambi\u00e9n puede estar disponible en algunos pa\u00edses.<\/li>\n<li>Un pedido o pre-pedido no puede ser cancelado bajo ninguna circunstancia, ya que se considera definitivo una vez que ha sido confirmado con nosotros.<\/li>\n<\/ul>","protected":false},"excerpt":{"rendered":"<p>Description Bitmain will launch its new Bitcoin miner, the Antminer S21 XP Hydro, in Oct 2024. It achieves a new high hashrate of 473 TH\/s and has a power consumption of 5670 watts, using the SHA-256 algorithm Specification Brand Bitmain SKU Antminer S21 XP Hydro Also called Antminer S21 XP Hydro Launch Oct 2024 Net [&hellip;]<\/p>","protected":false},"featured_media":2729,"comment_status":"open","ping_status":"closed","template":"","meta":[],"product_brand":[],"product_cat":[33,44],"product_tag":[],"class_list":{"0":"post-2728","1":"product","2":"type-product","3":"status-publish","4":"has-post-thumbnail","6":"product_cat-antminer","7":"product_cat-bitcoin-mining","9":"first","10":"instock","11":"shipping-taxable","12":"purchasable","13":"product-type-simple"},"_links":{"self":[{"href":"https:\/\/minersking.com\/es\/wp-json\/wp\/v2\/product\/2728","targetHints":{"allow":["GET"]}}],"collection":[{"href":"https:\/\/minersking.com\/es\/wp-json\/wp\/v2\/product"}],"about":[{"href":"https:\/\/minersking.com\/es\/wp-json\/wp\/v2\/types\/product"}],"replies":[{"embeddable":true,"href":"https:\/\/minersking.com\/es\/wp-json\/wp\/v2\/comments?post=2728"}],"wp:featuredmedia":[{"embeddable":true,"href":"https:\/\/minersking.com\/es\/wp-json\/wp\/v2\/media\/2729"}],"wp:attachment":[{"href":"https:\/\/minersking.com\/es\/wp-json\/wp\/v2\/media?parent=2728"}],"wp:term":[{"taxonomy":"product_brand","embeddable":true,"href":"https:\/\/minersking.com\/es\/wp-json\/wp\/v2\/product_brand?post=2728"},{"taxonomy":"product_cat","embeddable":true,"href":"https:\/\/minersking.com\/es\/wp-json\/wp\/v2\/product_cat?post=2728"},{"taxonomy":"product_tag","embeddable":true,"href":"https:\/\/minersking.com\/es\/wp-json\/wp\/v2\/product_tag?post=2728"}],"curies":[{"name":"wp","href":"https:\/\/api.w.org\/{rel}","templated":true}]}}