{"id":2730,"date":"2024-08-07T03:35:32","date_gmt":"2024-08-07T03:35:32","guid":{"rendered":"https:\/\/minersking.com\/?post_type=product&#038;p=2730"},"modified":"2024-08-31T07:50:41","modified_gmt":"2024-08-31T07:50:41","slug":"canaan-avalon-miner-a1566-bitcoin-miner","status":"publish","type":"product","link":"https:\/\/minersking.com\/es\/producto\/canaan-avalon-miner-a1566-bitcoin-miner\/","title":{"rendered":"Canaan Avalon Miner A1566 Bitcoin Miner(185TH\/s)"},"content":{"rendered":"<h3>Descripci\u00f3n<\/h3>\n<p>Introducing the <strong>Avalon Miner A1566<\/strong> from Canaan, the ultimate solution for cryptocurrency mining. Boasting a powerful computing speed of<strong> 185 Th\/s<\/strong> and an optimized energy <strong>efficiency ratio of 18.5 J\/T<\/strong>, this miner sets a new standard for performance and profitability.<\/p>\n<table width=\"1026\">\n<tbody>\n<tr>\n<td width=\"265\">Tasa de hash<\/td>\n<td width=\"265\">185TH\/s<\/td>\n<\/tr>\n<tr>\n<td width=\"265\">Alimentaci\u00f3n de pared<\/td>\n<td width=\"265\">3420W\/h<\/td>\n<\/tr>\n<tr>\n<td width=\"265\">Fuente de alimentaci\u00f3n<\/td>\n<td width=\"265\">Con PSU<\/td>\n<\/tr>\n<tr>\n<td width=\"265\">Dimensi\u00f3n<\/td>\n<td width=\"265\">301mm *192mm* 292mm<\/td>\n<\/tr>\n<tr>\n<td width=\"265\">Dimensi\u00f3n (con embalaje)<\/td>\n<td width=\"265\">390mm *290mm *395mm<\/td>\n<\/tr>\n<tr>\n<td width=\"265\">Peso bruto<\/td>\n<td width=\"265\">15.9kg<\/td>\n<\/tr>\n<tr>\n<td width=\"265\">Peso neto<\/td>\n<td width=\"265\">14,9 kg<\/td>\n<\/tr>\n<tr>\n<td width=\"265\">Puerto de conexi\u00f3n<\/td>\n<td width=\"265\">Ethernet<\/td>\n<\/tr>\n<tr>\n<td width=\"265\">Entrada de voltaje<\/td>\n<td width=\"265\">220~277V<\/td>\n<\/tr>\n<tr>\n<td width=\"265\">Temperatura de trabajo<\/td>\n<td width=\"265\">-5 \u2103 ~ 35 \u2103<\/td>\n<\/tr>\n<\/tbody>\n<\/table>\n<h4 class=\"font-satoshi text-xl text-black dark:text-white md:text-xl lg:mb-2 lg:text-heading-5 xl:text-heading-5\">Algoritmos<\/h4>\n<p>Algoritmo: SHA-256<\/p>\n<p>Hashrate: 185 TH\/s<\/p>\n<p>Consumption: 3420W<\/p>\n<p>Minable coins: Bitcoin(BTC)<\/p>\n<h4>Minero de Bitcoin refrigerado por aire<\/h4>\n<p>Engineered with advanced chip technology and Canaan&#8217;s commitment to innovation, the canaan avalon miner A1566 delivers exceptional reliability and maximizes mining profits, even in the &#8220;post-halving&#8221; era. Upgrade your mining operations with this cutting-edge solution and stay ahead of the competition.<\/p>\n<p>The canaan Avalon Miner A1566 from Canaan represents the pinnacle of cryptocurrency mining technology. Elevate your mining setup and experience unparalleled efficiency that will drive your profitability to new heights.<\/p>\n<h3>Informaci\u00f3n adicional<\/h3>\n<ul>\n<li>P\u00f3ngase en contacto con nosotros para conocer los detalles de los distintos pedidos. El DDP (PRECIO con gastos de env\u00edo y aduana incluidos) tambi\u00e9n puede estar disponible en algunos pa\u00edses.<\/li>\n<li>Un pedido o pre-pedido no puede ser cancelado bajo ninguna circunstancia, ya que se considera definitivo una vez que ha sido confirmado con nosotros.<\/li>\n<\/ul>\n<p>&nbsp;<\/p>","protected":false},"excerpt":{"rendered":"<p>Description Introducing the Avalon Miner A1566 from Canaan, the ultimate solution for cryptocurrency mining. Boasting a powerful computing speed of 185 Th\/s and an optimized energy efficiency ratio of 18.5 J\/T, this miner sets a new standard for performance and profitability. Hashrate 185TH\/s Wall Power 3420W\/h Power Supply With PSU Dimension 301mm *192mm* 292mm Dimension(with [&hellip;]<\/p>","protected":false},"featured_media":2731,"comment_status":"open","ping_status":"closed","template":"","meta":[],"product_brand":[],"product_cat":[38,60],"product_tag":[],"class_list":{"0":"post-2730","1":"product","2":"type-product","3":"status-publish","4":"has-post-thumbnail","6":"product_cat-avalon","7":"product_cat-avalon-btc-mining","9":"first","10":"instock","11":"shipping-taxable","12":"purchasable","13":"product-type-simple"},"_links":{"self":[{"href":"https:\/\/minersking.com\/es\/wp-json\/wp\/v2\/product\/2730","targetHints":{"allow":["GET"]}}],"collection":[{"href":"https:\/\/minersking.com\/es\/wp-json\/wp\/v2\/product"}],"about":[{"href":"https:\/\/minersking.com\/es\/wp-json\/wp\/v2\/types\/product"}],"replies":[{"embeddable":true,"href":"https:\/\/minersking.com\/es\/wp-json\/wp\/v2\/comments?post=2730"}],"wp:featuredmedia":[{"embeddable":true,"href":"https:\/\/minersking.com\/es\/wp-json\/wp\/v2\/media\/2731"}],"wp:attachment":[{"href":"https:\/\/minersking.com\/es\/wp-json\/wp\/v2\/media?parent=2730"}],"wp:term":[{"taxonomy":"product_brand","embeddable":true,"href":"https:\/\/minersking.com\/es\/wp-json\/wp\/v2\/product_brand?post=2730"},{"taxonomy":"product_cat","embeddable":true,"href":"https:\/\/minersking.com\/es\/wp-json\/wp\/v2\/product_cat?post=2730"},{"taxonomy":"product_tag","embeddable":true,"href":"https:\/\/minersking.com\/es\/wp-json\/wp\/v2\/product_tag?post=2730"}],"curies":[{"name":"wp","href":"https:\/\/api.w.org\/{rel}","templated":true}]}}