{"id":2561,"date":"2024-07-23T16:12:29","date_gmt":"2024-07-23T16:12:29","guid":{"rendered":"https:\/\/minersking.com\/?page_id=2561"},"modified":"2025-01-21T07:20:01","modified_gmt":"2025-01-21T07:20:01","slug":"fraud-prevention","status":"publish","type":"page","link":"https:\/\/minersking.com\/fr\/fraud-prevention\/","title":{"rendered":"Pr\u00e9vention de la fraude"},"content":{"rendered":"<div data-elementor-type=\"wp-page\" data-elementor-id=\"2561\" class=\"elementor elementor-2561\" data-elementor-post-type=\"page\">\n\t\t\t\t<div class=\"elementor-element elementor-element-f7bfdd0 e-flex e-con-boxed e-con e-parent\" data-id=\"f7bfdd0\" data-element_type=\"container\" data-settings=\"{&quot;ekit_has_onepagescroll_dot&quot;:&quot;yes&quot;}\">\n\t\t\t\t\t<div class=\"e-con-inner\">\n\t\t\t\t<div class=\"elementor-element elementor-element-894e119 htmega-title-align-center elementor-widget elementor-widget-section-title-addons\" data-id=\"894e119\" data-element_type=\"widget\" data-settings=\"{&quot;ekit_we_effect_on&quot;:&quot;none&quot;}\" data-widget_type=\"section-title-addons.default\">\n\t\t\t\t<div class=\"elementor-widget-container\">\n\t\t\t\t\t            <div class=\"htmega-894e119 htmega-section-title htmega-subtitle-position- title-style-two  image-bottom\">\n                <h2 class=\"section-title-txt\">Pr\u00e9vention de la fraude<\/h2><div class=\"htmega-title-sperator-sec\"><span class=\"htmega-title-sperator\">&nbsp;<\/span><\/div>            <\/div>\n\n            \n        \t\t\t\t<\/div>\n\t\t\t\t<\/div>\n\t\t<div class=\"elementor-element elementor-element-5361a4f e-con-full e-flex e-con e-child\" data-id=\"5361a4f\" data-element_type=\"container\" data-settings=\"{&quot;ekit_has_onepagescroll_dot&quot;:&quot;yes&quot;}\">\n\t\t<div class=\"elementor-element elementor-element-8d9b4b9 e-con-full e-flex e-con e-child\" data-id=\"8d9b4b9\" data-element_type=\"container\" data-settings=\"{&quot;ekit_has_onepagescroll_dot&quot;:&quot;yes&quot;}\">\n\t\t\t\t<div class=\"elementor-element elementor-element-3f5b8bc elementor-widget elementor-widget-image\" data-id=\"3f5b8bc\" data-element_type=\"widget\" data-settings=\"{&quot;ekit_we_effect_on&quot;:&quot;none&quot;}\" data-widget_type=\"image.default\">\n\t\t\t\t<div class=\"elementor-widget-container\">\n\t\t\t\t\t\t\t\t\t\t\t\t\t\t\t<img decoding=\"async\" width=\"396\" height=\"360\" src=\"https:\/\/minersking.com\/wp-content\/uploads\/2024\/09\/sara-kurfess-8Klz66m11hU-unsplash-396x360.jpg\" class=\"attachment-htmega_size_396x360 size-htmega_size_396x360 wp-image-3053\" alt=\"Social media\" \/>\t\t\t\t\t\t\t\t\t\t\t\t\t\t\t<\/div>\n\t\t\t\t<\/div>\n\t\t\t\t<\/div>\n\t\t<div class=\"elementor-element elementor-element-711c258 e-con-full e-flex e-con e-child\" data-id=\"711c258\" data-element_type=\"container\" data-settings=\"{&quot;ekit_has_onepagescroll_dot&quot;:&quot;yes&quot;}\">\n\t\t\t\t<div class=\"elementor-element elementor-element-60d7245 elementor-widget elementor-widget-text-editor\" data-id=\"60d7245\" data-element_type=\"widget\" data-settings=\"{&quot;ekit_we_effect_on&quot;:&quot;none&quot;}\" data-widget_type=\"text-editor.default\">\n\t\t\t\t<div class=\"elementor-widget-container\">\n\t\t\t\t\t\t\t\t\t<p>V\u00e9rifiez les comptes officiels de m\u00e9dias sociaux et l'adresse du portefeuille de paiement de MinersKing, afin d'\u00e9viter d'\u00eatre escroqu\u00e9.<\/p>\t\t\t\t\t\t\t\t<\/div>\n\t\t\t\t<\/div>\n\t\t\t\t<div class=\"elementor-element elementor-element-ee45f5f elementor-align-justify elementor-widget elementor-widget-button\" data-id=\"ee45f5f\" data-element_type=\"widget\" data-settings=\"{&quot;ekit_we_effect_on&quot;:&quot;none&quot;}\" data-widget_type=\"button.default\">\n\t\t\t\t<div class=\"elementor-widget-container\">\n\t\t\t\t\t\t\t\t\t<div class=\"elementor-button-wrapper\">\n\t\t\t\t\t<a class=\"elementor-button elementor-button-link elementor-size-sm\" href=\"https:\/\/minersking.com\/fr\/fraud-prevention\/\">\n\t\t\t\t\t\t<span class=\"elementor-button-content-wrapper\">\n\t\t\t\t\t\t\t\t\t<span class=\"elementor-button-text\">Apprendre encore plus<\/span>\n\t\t\t\t\t<\/span>\n\t\t\t\t\t<\/a>\n\t\t\t\t<\/div>\n\t\t\t\t\t\t\t\t<\/div>\n\t\t\t\t<\/div>\n\t\t\t\t<\/div>\n\t\t\t\t<\/div>\n\t\t\t\t<div class=\"elementor-element elementor-element-ee064f3 elementor-widget elementor-widget-text-editor\" data-id=\"ee064f3\" data-element_type=\"widget\" data-settings=\"{&quot;ekit_we_effect_on&quot;:&quot;none&quot;}\" data-widget_type=\"text-editor.default\">\n\t\t\t\t<div class=\"elementor-widget-container\">\n\t\t\t\t\t\t\t\t\t<div><p>Sur cette page, nous dressons la liste des adresses et des comptes de portefeuilles officiels de diverses plateformes, ainsi que des faux comptes connus. Soyez vigilant et prudent pour \u00e9viter d'\u00eatre victime d'une escroquerie.<\/p><div>\u00a0<\/div><h5>Adresse officielle du portefeuille :<\/h5><div>TRC20: TCSB***********************CzHH<br \/>ERC20: 0x1A************************4bcb<\/div><div>\u00a0<\/div><div><div><h5><strong>Liste officielle des comptes :<\/strong><\/h5><div>Twitter :<a href=\"https:\/\/twitter.com\/MinersKing2023\" target=\"_blank\" rel=\"noopener\">https:\/\/twitter.com\/MinersKing2023 <\/a><\/div><div>FaceBook :<a href=\"https:\/\/www.facebook.com\/profile.php?id=100093011867034\" target=\"_blank\" rel=\"noopener\">https:\/\/www.facebook.com\/profile.php?id=100093011867034<\/a><\/div><div><div><div>LinkedIn :<a href=\"https:\/\/www.linkedin.com\/company\/minersking2023\" target=\"_blank\" rel=\"noopener\">https:\/\/www.linkedin.com\/company\/minersking2023<\/a><\/div><div><div><div>WhatsApp :<a href=\"https:\/\/api.whatsapp.com\/send\/?phone=8617796357499&amp;text&amp;type=phone_number&amp;app_absent=0\" target=\"_blank\" rel=\"noopener\">https:\/\/api.whatsapp.com\/send\/?phone=8617796357499&amp;text&amp;type=phone_number&amp;app_absent=0<\/a><\/div><div><div><div>T\u00e9l\u00e9gramme :<a href=\"https:\/\/t.me\/minerskingchina\">https:\/\/t.me\/minerskingchina<\/a><\/div><div>\u00a0<\/div><div><div><h5>Liste des faux comptes :<\/h5><div><div><div>Faux WhatsApp : +852 57485294<\/div><div>\u00a0 \u00a0 \u00a0 \u00a0 \u00a0 \u00a0 \u00a0 \u00a0 \u00a0 \u00a0 \u00a0 \u00a0 \u00a0 \u00a0 \u00a0 \u00a0+852 94663209<\/div><div><div><div>Faux Facebook :<a href=\"https:\/\/www.facebook.com\/profile.php?id=61550934025435\" target=\"_blank\" rel=\"noopener\">https:\/\/www.facebook.com\/profile.php?id=61550934025435<\/a><\/div><\/div><\/div><\/div><\/div><\/div><\/div><\/div><\/div><\/div><\/div><\/div><\/div><\/div><\/div><\/div><div>\u00a0<\/div><div><div><div>Clause de non-responsabilit\u00e9 : Actuellement, de nombreux escrocs se font passer pour des membres de MinersKing afin de commettre des fraudes. Veuillez consulter les coordonn\u00e9es officielles de notre soci\u00e9t\u00e9 et les coordonn\u00e9es du personnel de vente sur la page Contact. Si vous n'\u00eates pas en mesure de confirmer que l'autre partie est un membre de MinersKing, veuillez nous contacter par le biais du site Web officiel pour v\u00e9rifier et confirmer. MinersKing n'assumera aucune responsabilit\u00e9 pour les transactions effectu\u00e9es avec des comptes de non-membres de MinersKing sans avoir contact\u00e9 l'officiel.<\/div><div><h3><img decoding=\"async\" src=\"https:\/\/minersking.com\/wp-content\/uploads\/2024\/07\/phishing-news.jpg\" alt=\"\" width=\"1090\" height=\"595\" \/><b><\/b><\/h3><\/div><\/div><\/div>\t\t\t\t\t\t\t\t<\/div>\n\t\t\t\t<\/div>\n\t\t\t\t\t<\/div>\n\t\t\t\t<\/div>\n\t\t\t\t<\/div>","protected":false},"excerpt":{"rendered":"<p>Fraud Prevention &nbsp; Check the official social media accounts and payment wallet address of MinersKing, to avoid being scammed Learn More On this page, we will list the official wallet address and accounts of various platforms as well as the known fake accounts below. Please be aware and cautious to avoid being scammed. \u00a0 Official [&hellip;]<\/p>","protected":false},"author":2,"featured_media":0,"parent":0,"menu_order":0,"comment_status":"closed","ping_status":"closed","template":"elementor_header_footer","meta":{"footnotes":""},"class_list":["post-2561","page","type-page","status-publish","hentry"],"blocksy_meta":[],"_links":{"self":[{"href":"https:\/\/minersking.com\/fr\/wp-json\/wp\/v2\/pages\/2561","targetHints":{"allow":["GET"]}}],"collection":[{"href":"https:\/\/minersking.com\/fr\/wp-json\/wp\/v2\/pages"}],"about":[{"href":"https:\/\/minersking.com\/fr\/wp-json\/wp\/v2\/types\/page"}],"author":[{"embeddable":true,"href":"https:\/\/minersking.com\/fr\/wp-json\/wp\/v2\/users\/2"}],"replies":[{"embeddable":true,"href":"https:\/\/minersking.com\/fr\/wp-json\/wp\/v2\/comments?post=2561"}],"version-history":[{"count":49,"href":"https:\/\/minersking.com\/fr\/wp-json\/wp\/v2\/pages\/2561\/revisions"}],"predecessor-version":[{"id":3155,"href":"https:\/\/minersking.com\/fr\/wp-json\/wp\/v2\/pages\/2561\/revisions\/3155"}],"wp:attachment":[{"href":"https:\/\/minersking.com\/fr\/wp-json\/wp\/v2\/media?parent=2561"}],"curies":[{"name":"wp","href":"https:\/\/api.w.org\/{rel}","templated":true}]}}