{"id":2614,"date":"2024-07-30T10:17:07","date_gmt":"2024-07-30T10:17:07","guid":{"rendered":"https:\/\/minersking.com\/?page_id=2614"},"modified":"2024-07-30T10:27:47","modified_gmt":"2024-07-30T10:27:47","slug":"shipping-policy","status":"publish","type":"page","link":"https:\/\/minersking.com\/fr\/shipping-policy\/","title":{"rendered":"Politique d'exp\u00e9dition"},"content":{"rendered":"<div data-elementor-type=\"wp-page\" data-elementor-id=\"2614\" class=\"elementor elementor-2614\" data-elementor-post-type=\"page\">\n\t\t\t\t<div class=\"elementor-element elementor-element-3eaecaf2 e-flex e-con-boxed e-con e-parent\" data-id=\"3eaecaf2\" data-element_type=\"container\" data-settings=\"{&quot;ekit_has_onepagescroll_dot&quot;:&quot;yes&quot;}\">\n\t\t\t\t\t<div class=\"e-con-inner\">\n\t\t\t\t<div class=\"elementor-element elementor-element-9661dc6 htmega-title-align-center elementor-widget elementor-widget-section-title-addons\" data-id=\"9661dc6\" data-element_type=\"widget\" data-settings=\"{&quot;ekit_we_effect_on&quot;:&quot;none&quot;}\" data-widget_type=\"section-title-addons.default\">\n\t\t\t\t<div class=\"elementor-widget-container\">\n\t\t\t\t\t            <div class=\"htmega-9661dc6 htmega-section-title htmega-subtitle-position- title-style-two  image-bottom\">\n                <h2 class=\"section-title-txt\">Politique d'exp\u00e9dition<\/h2><div class=\"htmega-title-sperator-sec\"><span class=\"htmega-title-sperator\">&nbsp;<\/span><\/div>            <\/div>\n\n            \n        \t\t\t\t<\/div>\n\t\t\t\t<\/div>\n\t\t\t\t<div class=\"elementor-element elementor-element-10d30572 elementor-widget elementor-widget-text-editor\" data-id=\"10d30572\" data-element_type=\"widget\" data-settings=\"{&quot;ekit_we_effect_on&quot;:&quot;none&quot;}\" data-widget_type=\"text-editor.default\">\n\t\t\t\t<div class=\"elementor-widget-container\">\n\t\t\t\t\t\t\t\t\t<h4><strong><b>Politique de d\u00e9p\u00f4t<\/b><\/strong><\/h4><p>Pour certaines commandes sp\u00e9ciales, nous aidons les clients \u00e0 payer d'abord l'acompte pour bloquer la commande (50%). D\u00e8s r\u00e9ception de l'avis de livraison, le client doit payer le solde dans un d\u00e9lai de trois jours ouvrables. En cas de circonstances particuli\u00e8res, le client doit nous en informer \u00e0 l'avance pour n\u00e9gociation.<\/p><p>Si le paiement final n'est pas effectu\u00e9 dans un d\u00e9lai d'une semaine apr\u00e8s la notification, le client devra payer un suppl\u00e9ment de $20 par unit\u00e9 de stockage. Si le paiement n'est pas re\u00e7u dans les deux semaines, la commande sera annul\u00e9e et l'acompte ne sera pas rembours\u00e9 pour les raisons invoqu\u00e9es par le client.<\/p><p>\u00a0<\/p><h4><strong><b>Politique d'exp\u00e9dition<\/b><\/strong><\/h4><p>Pour les commandes en stock, les articles seront exp\u00e9di\u00e9s dans les 3 jours ouvrables suivant le traitement du paiement.<\/p><p>Pour les pr\u00e9-commandes (futur stock), les articles seront exp\u00e9di\u00e9s dans les 3 jours ouvrables suivant leur arriv\u00e9e dans l'entrep\u00f4t de l'entreprise. En ce qui concerne la date de sortie, l'entreprise fournira toujours aux clients un d\u00e9lai estimatif, mais la date de livraison r\u00e9elle d\u00e9pendra du calendrier du fabricant.<\/p><p>Les frais d'exp\u00e9dition pour chaque commande sont d\u00e9termin\u00e9s par le poids du mod\u00e8le de machine, le contenu de la commande et le pays\/la r\u00e9gion de destination. Les clients doivent consulter l'entreprise pour obtenir des informations d\u00e9taill\u00e9es sur les frais.<\/p>\t\t\t\t\t\t\t\t<\/div>\n\t\t\t\t<\/div>\n\t\t\t\t\t<\/div>\n\t\t\t\t<\/div>\n\t\t\t\t<\/div>","protected":false},"excerpt":{"rendered":"<p>Shipping Policy &nbsp; Deposit Policy For some special orders, we support the customers to pay the deposit first to lock the order (50%). Upon receiving the delivery notification, the customer must pay the remaining balance within 3 business days. If there are special circumstances, the customer must inform us in advance for negotiation. If the [&hellip;]<\/p>","protected":false},"author":2,"featured_media":0,"parent":0,"menu_order":0,"comment_status":"closed","ping_status":"closed","template":"elementor_header_footer","meta":{"footnotes":""},"class_list":["post-2614","page","type-page","status-publish","hentry"],"blocksy_meta":[],"_links":{"self":[{"href":"https:\/\/minersking.com\/fr\/wp-json\/wp\/v2\/pages\/2614","targetHints":{"allow":["GET"]}}],"collection":[{"href":"https:\/\/minersking.com\/fr\/wp-json\/wp\/v2\/pages"}],"about":[{"href":"https:\/\/minersking.com\/fr\/wp-json\/wp\/v2\/types\/page"}],"author":[{"embeddable":true,"href":"https:\/\/minersking.com\/fr\/wp-json\/wp\/v2\/users\/2"}],"replies":[{"embeddable":true,"href":"https:\/\/minersking.com\/fr\/wp-json\/wp\/v2\/comments?post=2614"}],"version-history":[{"count":7,"href":"https:\/\/minersking.com\/fr\/wp-json\/wp\/v2\/pages\/2614\/revisions"}],"predecessor-version":[{"id":2626,"href":"https:\/\/minersking.com\/fr\/wp-json\/wp\/v2\/pages\/2614\/revisions\/2626"}],"wp:attachment":[{"href":"https:\/\/minersking.com\/fr\/wp-json\/wp\/v2\/media?parent=2614"}],"curies":[{"name":"wp","href":"https:\/\/api.w.org\/{rel}","templated":true}]}}