{"id":3,"date":"2023-11-28T09:16:41","date_gmt":"2023-11-28T09:16:41","guid":{"rendered":"http:\/\/minersking.com\/?page_id=3"},"modified":"2024-07-31T02:56:25","modified_gmt":"2024-07-31T02:56:25","slug":"privacy","status":"publish","type":"page","link":"https:\/\/minersking.com\/fr\/privacy\/","title":{"rendered":"Vie priv\u00e9e"},"content":{"rendered":"<div data-elementor-type=\"wp-page\" data-elementor-id=\"3\" class=\"elementor elementor-3\" data-elementor-post-type=\"page\">\n\t\t\t\t<div class=\"elementor-element elementor-element-3eaecaf2 e-flex e-con-boxed e-con e-parent\" data-id=\"3eaecaf2\" data-element_type=\"container\" data-settings=\"{&quot;ekit_has_onepagescroll_dot&quot;:&quot;yes&quot;}\">\n\t\t\t\t\t<div class=\"e-con-inner\">\n\t\t\t\t<div class=\"elementor-element elementor-element-9661dc6 htmega-title-align-center elementor-widget elementor-widget-section-title-addons\" data-id=\"9661dc6\" data-element_type=\"widget\" data-settings=\"{&quot;ekit_we_effect_on&quot;:&quot;none&quot;}\" data-widget_type=\"section-title-addons.default\">\n\t\t\t\t<div class=\"elementor-widget-container\">\n\t\t\t\t\t            <div class=\"htmega-9661dc6 htmega-section-title htmega-subtitle-position- title-style-two  image-bottom\">\n                <h2 class=\"section-title-txt\">Vie priv\u00e9e<\/h2><div class=\"htmega-title-sperator-sec\"><span class=\"htmega-title-sperator\">&nbsp;<\/span><\/div>            <\/div>\n\n            \n        \t\t\t\t<\/div>\n\t\t\t\t<\/div>\n\t\t\t\t<div class=\"elementor-element elementor-element-10d30572 elementor-widget elementor-widget-text-editor\" data-id=\"10d30572\" data-element_type=\"widget\" data-settings=\"{&quot;ekit_we_effect_on&quot;:&quot;none&quot;}\" data-widget_type=\"text-editor.default\">\n\t\t\t\t<div class=\"elementor-widget-container\">\n\t\t\t\t\t\t\t\t\t<h1><strong>Vie priv\u00e9e et politique<\/strong><\/h1><p>Le site Web officiel de MinersKing (ci-apr\u00e8s d\u00e9nomm\u00e9 \"ce site Web\") attache une grande importance au droit \u00e0 la vie priv\u00e9e et \u00e0 la protection des informations personnelles des utilisateurs. Cette politique de confidentialit\u00e9 a pour but de vous informer sur la mani\u00e8re dont ce site Web recueille, utilise et g\u00e8re vos informations personnelles. Veuillez lire attentivement ce qui suit et, si vous avez des questions concernant cette politique, n'h\u00e9sitez pas \u00e0 nous contacter \u00e0 tout moment.<\/p><h5>Types d'informations personnelles collect\u00e9es<\/h5><p>Ce site web peut collecter les types d'informations personnelles suivants :<\/p><ul><li>Les informations personnelles de base telles que le nom, les coordonn\u00e9es et l'adresse \u00e9lectronique fournies lors de l'enregistrement d'un compte ;<\/li><li>Les informations d'utilisation telles que l'historique de navigation, les enregistrements de recherche et les informations relatives aux commandes g\u00e9n\u00e9r\u00e9es lors de l'utilisation des services de ce site web ;<\/li><li>Les informations personnelles autoris\u00e9es \u00e0 \u00eatre fournies par ce site web par le biais des comptes de m\u00e9dias sociaux.<\/li><\/ul><h5>M\u00e9thodes de collecte d'informations<\/h5><p>Les moyens utilis\u00e9s par ce site web pour collecter des informations personnelles sont, entre autres, les suivants :<\/p><ul><li>Les informations que vous fournissez activement lors de l'enregistrement d'un compte ou de l'utilisation des services de ce site web ;<\/li><li>Informations sur le comportement de navigation de l'utilisateur recueillies par ce site web au moyen de cookies et d'autres technologies ;<\/li><li>Informations obtenues par ce site web \u00e0 partir de plateformes tierces avec votre autorisation.<\/li><\/ul><h5>Finalit\u00e9s de l'utilisation des informations<\/h5><p>Ce site web recueille les informations personnelles susmentionn\u00e9es principalement aux fins suivantes :<\/p><ul><li>Fournir des services sur le site web et optimiser l'exp\u00e9rience de l'utilisateur ;<\/li><li>Envoi d'annonces sur le site web, d'informations marketing, etc ;<\/li><li>Effectuer des transactions et fournir des services apr\u00e8s-vente ;<\/li><li>Analyse du profil de l'utilisateur et recommandations personnalis\u00e9es ;<\/li><li>Maintenir la s\u00e9curit\u00e9 du site web et la conformit\u00e9 des op\u00e9rations.<\/li><\/ul><h5>Partage et divulgation d'informations<\/h5><p>Ce site web ne divulguera ni ne fournira ill\u00e9galement vos informations personnelles \u00e0 un tiers, sauf dans les cas suivants :<\/p><ul><li>le partage d'informations personnelles limit\u00e9es avec des partenaires pour la fourniture de services ;<\/li><li>Respecter les exigences l\u00e9gales et r\u00e9glementaires, ou r\u00e9pondre aux demandes l\u00e9gitimes des agences gouvernementales ;<\/li><li>Prot\u00e9ger les droits et les int\u00e9r\u00eats l\u00e9gitimes de ce site web et de ses utilisateurs, et pr\u00e9venir les activit\u00e9s frauduleuses et autres activit\u00e9s ill\u00e9gales.<\/li><\/ul><h5>Mesures de s\u00e9curit\u00e9 de l'information<\/h5><p>Ce site web prend les mesures suivantes pour prot\u00e9ger la s\u00e9curit\u00e9 de vos informations personnelles :<\/p><ul><li>L'utilisation de technologies de cryptage standard pour prot\u00e9ger les informations sensibles ;<\/li><li>Restreindre l'acc\u00e8s des employ\u00e9s aux informations personnelles et proc\u00e9der \u00e0 des audits de s\u00e9curit\u00e9 r\u00e9guliers ;<\/li><li>Mettre en place un m\u00e9canisme complet de r\u00e9ponse aux incidents afin de traiter les incidents de s\u00e9curit\u00e9 de l'information en temps voulu.<\/li><\/ul><h5>Droits de l'utilisateur<\/h5><p>Vous avez les droits suivants :<\/p><ul><li>Acc\u00e9der, corriger ou supprimer vos informations personnelles ;<\/li><li>Retirer le consentement que vous avez donn\u00e9 pr\u00e9c\u00e9demment ;<\/li><li>D\u00e9poser une plainte ou signaler les activit\u00e9s de traitement des informations personnelles de ce site web.<\/li><\/ul><p>Si vous souhaitez exercer les droits susmentionn\u00e9s, veuillez nous contacter par les moyens suivants :<\/p><p>Courriel :\u00a0<a href=\"mailto:marketing@minersking.com\">marketing@minersking.com<\/a><\/p>\t\t\t\t\t\t\t\t<\/div>\n\t\t\t\t<\/div>\n\t\t\t\t\t<\/div>\n\t\t\t\t<\/div>\n\t\t\t\t<\/div>","protected":false},"excerpt":{"rendered":"<p>Privacy &nbsp; Privacy &amp; Policy MinersKing official website (hereinafter referred to as &#8220;this website&#8221;) attaches great importance to the privacy rights and personal information protection of users. This privacy policy is intended to inform you about how this website collects, uses, and manages your personal information. Please read the following carefully, and if you have [&hellip;]<\/p>","protected":false},"author":3,"featured_media":0,"parent":0,"menu_order":0,"comment_status":"closed","ping_status":"closed","template":"elementor_header_footer","meta":{"footnotes":""},"class_list":["post-3","page","type-page","status-publish","hentry"],"blocksy_meta":[],"_links":{"self":[{"href":"https:\/\/minersking.com\/fr\/wp-json\/wp\/v2\/pages\/3","targetHints":{"allow":["GET"]}}],"collection":[{"href":"https:\/\/minersking.com\/fr\/wp-json\/wp\/v2\/pages"}],"about":[{"href":"https:\/\/minersking.com\/fr\/wp-json\/wp\/v2\/types\/page"}],"author":[{"embeddable":true,"href":"https:\/\/minersking.com\/fr\/wp-json\/wp\/v2\/users\/3"}],"replies":[{"embeddable":true,"href":"https:\/\/minersking.com\/fr\/wp-json\/wp\/v2\/comments?post=3"}],"version-history":[{"count":33,"href":"https:\/\/minersking.com\/fr\/wp-json\/wp\/v2\/pages\/3\/revisions"}],"predecessor-version":[{"id":2640,"href":"https:\/\/minersking.com\/fr\/wp-json\/wp\/v2\/pages\/3\/revisions\/2640"}],"wp:attachment":[{"href":"https:\/\/minersking.com\/fr\/wp-json\/wp\/v2\/media?parent=3"}],"curies":[{"name":"wp","href":"https:\/\/api.w.org\/{rel}","templated":true}]}}