{"id":1972,"date":"2024-01-01T06:07:19","date_gmt":"2024-01-01T06:07:19","guid":{"rendered":"http:\/\/minersking.com\/?post_type=product&#038;p=1972"},"modified":"2024-12-09T06:41:18","modified_gmt":"2024-12-09T06:41:18","slug":"bitmain-antminer-s19-pro-110t","status":"publish","type":"product","link":"https:\/\/minersking.com\/fr\/produit\/bitmain-antminer-s19-pro-110t\/","title":{"rendered":"Bitmain Antminer S19 Pro Bitcoin Miner (110TH\/s)"},"content":{"rendered":"<h2>Description<\/h2>\n<p>Bitmain&#8217;s Antminer S19 Pro is a state-of-the-art air-cooled Bitcoin miner designed for\u00a0 efficiency. It delivers an impressive 110 Th\/s hashrate at just 3250W power consumption.<\/p>\n<div class=\"table-wrapper\">\n<table>\n<tbody>\n<tr>\n<td width=\"496\">Taille<\/td>\n<td width=\"706\">570mm*316mm*430mm<\/td>\n<\/tr>\n<tr>\n<td width=\"496\">Algorithme<\/td>\n<td width=\"706\">SHA256<\/td>\n<\/tr>\n<tr>\n<td width=\"496\">Poids<\/td>\n<td width=\"706\">15,8 kg<\/td>\n<\/tr>\n<tr>\n<td width=\"496\">Port de connexion<\/td>\n<td width=\"706\">\n<p class=\"tgt color_text_0 un-step-trans\" data-section=\"0\"><span class=\"tgt color_text_0 highlight\" data-section=\"0\" data-sentence=\"0\" data-group=\"0-0\">Ethernet<\/span><\/p>\n<\/td>\n<\/tr>\n<tr>\n<td width=\"496\">Tension d&#039;entr\u00e9e<\/td>\n<td width=\"706\">100-240V<\/td>\n<\/tr>\n<tr>\n<td width=\"496\">Exploitation temporaire<\/td>\n<td width=\"706\">0 ~ 35 \u2103 (Placer dans un environnement avec une bonne circulation d&#039;air)<\/td>\n<\/tr>\n<\/tbody>\n<\/table>\n<\/div>\n<p>&nbsp;<\/p>\n<h4>Air-Cooling Miner<\/h4>\n<p>Bitmain\u00a0 released the Antminer S19 Pro in April 2020. It has a hashrate of 110 TH\/s and uses 3250 W of power to mine Bitcoin coins.<\/p>\n<h2>Informations Compl\u00e9mentaires<\/h2>\n<ul>\n<li>Contact us to learn more about the details on different orders. Additionally, DDP (PRICE including shipping and customs fees) may also be available in some countries.<\/li>\n<li>Une commande ou une pr\u00e9commande ne peut en aucun cas \u00eatre annul\u00e9e, car elle est consid\u00e9r\u00e9e comme d\u00e9finitive une fois qu'elle a \u00e9t\u00e9 confirm\u00e9e par nos soins.<\/li>\n<\/ul>","protected":false},"excerpt":{"rendered":"<p>Description Bitmain&#8217;s Antminer S19 Pro is a state-of-the-art air-cooled Bitcoin miner designed for\u00a0 efficiency. It delivers an impressive 110 Th\/s hashrate at just 3250W power consumption. Size 570mm*316mm*430mm Algorithm SHA256 Weight 15.8kg Connection Port Ethernet Imput Voltage 100-240V Operating Temp 0~35 \u2103 (Place in an environment with good air circulation) &nbsp; Air-Cooling Miner Bitmain\u00a0 released [&hellip;]<\/p>","protected":false},"featured_media":2701,"comment_status":"open","ping_status":"closed","template":"","meta":[],"product_brand":[],"product_cat":[33,44],"product_tag":[],"class_list":{"0":"post-1972","1":"product","2":"type-product","3":"status-publish","4":"has-post-thumbnail","6":"product_cat-antminer","7":"product_cat-bitcoin-mining","9":"first","10":"outofstock","11":"shipping-taxable","12":"purchasable","13":"product-type-simple"},"_links":{"self":[{"href":"https:\/\/minersking.com\/fr\/wp-json\/wp\/v2\/product\/1972","targetHints":{"allow":["GET"]}}],"collection":[{"href":"https:\/\/minersking.com\/fr\/wp-json\/wp\/v2\/product"}],"about":[{"href":"https:\/\/minersking.com\/fr\/wp-json\/wp\/v2\/types\/product"}],"replies":[{"embeddable":true,"href":"https:\/\/minersking.com\/fr\/wp-json\/wp\/v2\/comments?post=1972"}],"wp:featuredmedia":[{"embeddable":true,"href":"https:\/\/minersking.com\/fr\/wp-json\/wp\/v2\/media\/2701"}],"wp:attachment":[{"href":"https:\/\/minersking.com\/fr\/wp-json\/wp\/v2\/media?parent=1972"}],"wp:term":[{"taxonomy":"product_brand","embeddable":true,"href":"https:\/\/minersking.com\/fr\/wp-json\/wp\/v2\/product_brand?post=1972"},{"taxonomy":"product_cat","embeddable":true,"href":"https:\/\/minersking.com\/fr\/wp-json\/wp\/v2\/product_cat?post=1972"},{"taxonomy":"product_tag","embeddable":true,"href":"https:\/\/minersking.com\/fr\/wp-json\/wp\/v2\/product_tag?post=1972"}],"curies":[{"name":"wp","href":"https:\/\/api.w.org\/{rel}","templated":true}]}}