{"id":1982,"date":"2024-01-01T06:13:03","date_gmt":"2024-01-01T06:13:03","guid":{"rendered":"http:\/\/minersking.com\/?post_type=product&#038;p=1982"},"modified":"2024-12-09T06:28:15","modified_gmt":"2024-12-09T06:28:15","slug":"bitmain-antminer-s19-xp-hyd-257t","status":"publish","type":"product","link":"https:\/\/minersking.com\/fr\/produit\/bitmain-antminer-s19-xp-hyd-257t\/","title":{"rendered":"BITMAIN Antminer S19 XP Hydro"},"content":{"rendered":"<div class=\"table-wrapper\">\n<table>\n<tbody>\n<tr>\n<td width=\"564\">Aper\u00e7u du produit<\/td>\n<td width=\"828\">Valeur<\/td>\n<\/tr>\n<tr>\n<td width=\"564\">Version<\/td>\n<td width=\"828\">S19 XP Hyd<\/td>\n<\/tr>\n<tr>\n<td width=\"564\">Algorithme\/pi\u00e8ces de cryptomonnaie<\/td>\n<td width=\"828\">SHA256\/BTC\/BCH<\/td>\n<\/tr>\n<tr>\n<td width=\"564\">Taux de hachage, TH\/s<\/td>\n<td width=\"828\">257<\/td>\n<\/tr>\n<tr>\n<td width=\"564\">allumer le mur \u00e0 25 \u2103, Watt<\/td>\n<td width=\"828\">5345.6<\/td>\n<\/tr>\n<tr>\n<td width=\"564\">efficacit\u00e9 \u00e9nerg\u00e9tique sur mur \u00e0 25\u00b0C, J\/TH<\/td>\n<td width=\"828\">20.8<\/td>\n<\/tr>\n<\/tbody>\n<\/table>\n<\/div>\n<p>&nbsp;<\/p>\n<div class=\"table-wrapper\">\n<table>\n<tbody>\n<tr>\n<td colspan=\"2\" width=\"1392\"><strong>Configuration mat\u00e9rielle<\/strong><\/td>\n<\/tr>\n<tr>\n<td width=\"564\">Taille du serveur (longueur*largeur*hauteur, sans<\/td>\n<td rowspan=\"2\" width=\"828\">410*170*209<\/td>\n<\/tr>\n<tr>\n<td width=\"564\">paquet), mm(2-1)<\/td>\n<\/tr>\n<tr>\n<td width=\"564\">Taille du serveur (longueur*largeur*hauteur, avec emballage), mm<\/td>\n<td width=\"828\">570*316*430<\/td>\n<\/tr>\n<tr>\n<td width=\"564\">Poids net, kg (2-2)<\/td>\n<td width=\"828\">13.1<\/td>\n<\/tr>\n<tr>\n<td width=\"564\">Poids brut (kg<\/td>\n<td width=\"828\">15.4<\/td>\n<\/tr>\n<tr>\n<td colspan=\"2\" width=\"1392\"><\/td>\n<\/tr>\n<\/tbody>\n<\/table>\n<\/div>\n<p>&nbsp;<\/p>\n<h2><strong>Politique d'exp\u00e9dition<\/strong><\/h2>\n<p>Pour les commandes en stock, les articles seront exp\u00e9di\u00e9s dans les 3 jours ouvrables suivant le traitement du paiement.<\/p>\n<p>&nbsp;<\/p>\n<p>For pre-order (future-stock) orders, the items will be shipped within 3 working days once they have arrived at the company\u2019s warehouse. Regarding the release date, the company will always provide customers with an estimated time frame, but the actual delivery date will depend on the manufacturer\u2019s schedule.<\/p>\n<p>&nbsp;<\/p>\n<p>Les frais d'exp\u00e9dition pour chaque commande sont d\u00e9termin\u00e9s par le poids du mod\u00e8le de machine, le contenu de la commande et le pays\/la r\u00e9gion de destination. Les clients doivent consulter l'entreprise pour obtenir des informations d\u00e9taill\u00e9es sur les frais.<\/p>\n<p>&nbsp;<\/p>\n<p>&nbsp;<\/p>\n<h2><strong>Politique de d\u00e9p\u00f4t<\/strong><\/h2>\n<p>Pour certaines commandes sp\u00e9ciales, nous aidons les clients \u00e0 payer d'abord l'acompte pour bloquer la commande (50%). D\u00e8s r\u00e9ception de l'avis de livraison, le client doit payer le solde dans un d\u00e9lai de trois jours ouvrables. En cas de circonstances particuli\u00e8res, le client doit nous en informer \u00e0 l'avance pour n\u00e9gociation.<\/p>\n<p>&nbsp;<\/p>\n<p>Si le paiement final n'est pas effectu\u00e9 dans un d\u00e9lai d'une semaine apr\u00e8s la notification, le client devra payer un suppl\u00e9ment de $20 par unit\u00e9 de stockage. Si le paiement n'est pas re\u00e7u dans les deux semaines, la commande sera annul\u00e9e et l'acompte ne sera pas rembours\u00e9 pour les raisons invoqu\u00e9es par le client.<\/p>\n<p>&nbsp;<\/p>\n<p>&nbsp;<\/p>\n<h2><strong>Pr\u00e9vention de la fraude<\/strong><\/h2>\n<p>Please be aware and cautious to avoid being scammed.<\/p>\n<p>&nbsp;<\/p>\n<p><strong><b>Adresse officielle du portefeuille :<\/b><\/strong><\/p>\n<p>TRC20: TAc7***********************6rby<\/p>\n<p>ERC20: 0x90***********************7bffe<\/p>\n<p>&nbsp;<\/p>\n<p><strong><b>Disclaimer:<\/b><\/strong>\u00a0Currently, there are many scammers impersonating MinersKing members to conduct fraud. Please look for our company\u2019s official contact information and the sales staff contact information on the Contact page. When you are unable to confirm whether the other party is a MinersKing member, please contact us through the official website to verify and confirm. MinersKing will not bear any responsibility for transactions with non-MinersKing member accounts without contacting the official.<\/p>\n<p>&nbsp;<\/p>\n<p>&nbsp;<\/p>\n<h2><strong>\u00c0 propos de MinersKing<\/strong><\/h2>\n<p>Cr\u00e9\u00e9 en 2011, MinersKing est un important fournisseur chinois de machines mini\u00e8res dot\u00e9 d&#039;une \u00e9quipe hautement qualifi\u00e9e et d&#039;une vaste expertise industrielle. Nous accordons la priorit\u00e9 \u00e0 la fourniture de produits et services exceptionnels aux secteurs de l\u2019\u00e9lectronique et des mines.<\/p>\n<p>&nbsp;<\/p>\n<p>Through partnerships with industry leaders like Bitmain, MicroBT, Canaan, and more, we offer a diverse range of superior products tailored to meet our clients\u2019 specific requirements. Our comprehensive services, including testing, maintenance, and repair, ensure a seamless purchasing experience.<\/p>\n<p>&nbsp;<\/p>\n<p>Chez MinersKing, nous sommes in\u00e9branlables dans notre engagement envers nos valeurs fondamentales consistant \u00e0 fournir des produits rentables et \u00e0 fournir des services personnalis\u00e9s de la plus haute qualit\u00e9.<\/p>\n<p>&nbsp;<\/p>\n<p>MinersKing has set up its own warehouses and conducts bulk purchases from factories to offer customers the most competitive prices. With rapid business expansion, apart from multiple warehouses\u00a0and offices\u00a0in mainland China, MinersKing has also established warehouses\u00a0and offices\u00a0in Hong Kong, and Moscow to enhance convenience and reduce logistics costs for customers. Furthermore, MinersKing plans to establish additional warehouses globally to better cater to customer needs.<\/p>","protected":false},"excerpt":{"rendered":"<p>Mod\u00e8le<strong>\u00a0Antminer S19 XP Hybride\u00a0<\/strong>depuis<strong>\u00a0Bitmain\u00a0<\/strong>exploitation mini\u00e8re<strong>\u00a0Algorithme SHA-256\u00a0<\/strong>avec un hashrate maximum de\u00a0<strong>257Th\/s\u00a0<\/strong>pour une consommation \u00e9lectrique de\u00a0<strong>5345,6W.<\/strong><\/p>","protected":false},"featured_media":2702,"comment_status":"open","ping_status":"closed","template":"","meta":[],"product_brand":[],"product_cat":[33,44],"product_tag":[],"class_list":{"0":"post-1982","1":"product","2":"type-product","3":"status-publish","4":"has-post-thumbnail","6":"product_cat-antminer","7":"product_cat-bitcoin-mining","9":"first","10":"outofstock","11":"shipping-taxable","12":"purchasable","13":"product-type-simple"},"_links":{"self":[{"href":"https:\/\/minersking.com\/fr\/wp-json\/wp\/v2\/product\/1982","targetHints":{"allow":["GET"]}}],"collection":[{"href":"https:\/\/minersking.com\/fr\/wp-json\/wp\/v2\/product"}],"about":[{"href":"https:\/\/minersking.com\/fr\/wp-json\/wp\/v2\/types\/product"}],"replies":[{"embeddable":true,"href":"https:\/\/minersking.com\/fr\/wp-json\/wp\/v2\/comments?post=1982"}],"wp:featuredmedia":[{"embeddable":true,"href":"https:\/\/minersking.com\/fr\/wp-json\/wp\/v2\/media\/2702"}],"wp:attachment":[{"href":"https:\/\/minersking.com\/fr\/wp-json\/wp\/v2\/media?parent=1982"}],"wp:term":[{"taxonomy":"product_brand","embeddable":true,"href":"https:\/\/minersking.com\/fr\/wp-json\/wp\/v2\/product_brand?post=1982"},{"taxonomy":"product_cat","embeddable":true,"href":"https:\/\/minersking.com\/fr\/wp-json\/wp\/v2\/product_cat?post=1982"},{"taxonomy":"product_tag","embeddable":true,"href":"https:\/\/minersking.com\/fr\/wp-json\/wp\/v2\/product_tag?post=1982"}],"curies":[{"name":"wp","href":"https:\/\/api.w.org\/{rel}","templated":true}]}}