{"id":1994,"date":"2024-01-01T06:20:08","date_gmt":"2024-01-01T06:20:08","guid":{"rendered":"http:\/\/minersking.com\/?post_type=product&#038;p=1994"},"modified":"2024-12-09T06:41:39","modified_gmt":"2024-12-09T06:41:39","slug":"bitmain-antminer-s21-hydro-335t","status":"publish","type":"product","link":"https:\/\/minersking.com\/fr\/produit\/bitmain-antminer-s21-hydro-335t\/","title":{"rendered":"Bitmain Antminer S21 Hydro Bitcoin Miner (335TH\/s)"},"content":{"rendered":"<div class=\"table-wrapper\">\n<div id=\"product-2728\" class=\"product type-product post-2728 status-publish first instock product_cat-antminer product_cat-bitcoin-mining has-post-thumbnail shipping-taxable purchasable product-type-simple ct-default-gallery sticky-summary\">\n<div class=\"woocommerce-tabs wc-tabs-wrapper\" data-type=\"type-1:center\">\n<article>\n<div id=\"tab-description\" class=\"woocommerce-Tabs-panel woocommerce-Tabs-panel--description panel entry-content wc-tab\" role=\"tabpanel\" aria-labelledby=\"tab-title-description\">\n<h2>Description<\/h2>\n<p><strong>Bitmain<\/strong> will launch its Bitcoin mining rig, the Antminer S21 Hydro, in March 2024. It achieves a new high hashrate of<strong> 335 TH\/s<\/strong>\u00a0et a une consommation d'\u00e9nergie de\u00a0<strong>5360 watts<\/strong>\u00e0 l'aide de l'outil\u00a0<strong>Algorithme SHA-256<\/strong><\/p>\n<h2>Sp\u00e9cifications<\/h2>\n<\/div>\n<table class=\"table table-striped\">\n<tbody>\n<tr>\n<th scope=\"row\">Marque<\/th>\n<td>Bitmain<\/td>\n<\/tr>\n<tr>\n<th scope=\"row\">SKU<\/th>\n<td>Antminer S21 Hyd (335Th)<\/td>\n<\/tr>\n<tr>\n<th scope=\"row\">\u00c9galement appel\u00e9<\/th>\n<td>Antminer S21 Hydro 335T<\/td>\n<\/tr>\n<tr>\n<th scope=\"row\">Lancement<\/th>\n<td>mars 2024<\/td>\n<\/tr>\n<tr>\n<th scope=\"row\">Taille<\/th>\n<td>410 x 170 x 209 mm<\/td>\n<\/tr>\n<tr>\n<th scope=\"row\">Niveau sonore<\/th>\n<td>50db<\/td>\n<\/tr>\n<tr>\n<th scope=\"row\">Refroidissement<\/th>\n<td>Refroidissement par eau<\/td>\n<\/tr>\n<tr>\n<th scope=\"row\">Puissance<\/th>\n<td>5360W<\/td>\n<\/tr>\n<tr>\n<th scope=\"row\">Interface<\/th>\n<td>Ethernet<\/td>\n<\/tr>\n<tr>\n<th scope=\"row\">Temp\u00e9rature<\/th>\n<td>5 - 45 \u00b0C<\/td>\n<\/tr>\n<tr>\n<th scope=\"row\">Humidit\u00e9<\/th>\n<td>5 - 95 %<\/td>\n<\/tr>\n<\/tbody>\n<\/table>\n<div id=\"tab-description\" class=\"woocommerce-Tabs-panel woocommerce-Tabs-panel--description panel entry-content wc-tab\" role=\"tabpanel\" aria-labelledby=\"tab-title-description\">\n<h4 class=\"font-satoshi text-xl text-black dark:text-white md:text-xl lg:mb-2 lg:text-heading-5 xl:text-heading-5\">Algorithmes<\/h4>\n<p>Algorithme : SHA-256<\/p>\n<p>Hashrate: 335 Th\/s<\/p>\n<p>Consumption: 5360W<\/p>\n<p>Pi\u00e8ces minables : Bitcoin<\/p>\n<h4>Hydro Cooling Bitcoin Miner<\/h4>\n<p>The S21 Hydro has a hashrate of 335 TH\/s and consumes 5360W of power. By using an efficient liquid cooling system, this mining rig can effectively dissipate heat and mine Bitcoin, ensuring the miner operates well under normal temperature conditions<\/p>\n<h2>Informations Compl\u00e9mentaires<\/h2>\n<ul>\n<li>Contactez-nous pour en savoir plus sur les d\u00e9tails des diff\u00e9rentes commandes. Le DDP (prix incluant les frais d'exp\u00e9dition et de douane) peut \u00e9galement \u00eatre disponible dans certains pays.<\/li>\n<li>Une commande ou une pr\u00e9commande ne peut en aucun cas \u00eatre annul\u00e9e, car elle est consid\u00e9r\u00e9e comme d\u00e9finitive une fois qu'elle a \u00e9t\u00e9 confirm\u00e9e par nos soins.<\/li>\n<\/ul>\n<h2><strong>Politique d'exp\u00e9dition<\/strong><\/h2>\n<p>Pour les commandes en stock, les articles seront exp\u00e9di\u00e9s dans les 3 jours ouvrables suivant le traitement du paiement.<\/p>\n<p>&nbsp;<\/p>\n<p>For pre-order (future-stock) orders, the items will be shipped within 3 working days once they have arrived at the company\u2019s warehouse. Regarding the release date, the company will always provide customers with an estimated time frame, but the actual delivery date will depend on the manufacturer\u2019s schedule.<\/p>\n<p>&nbsp;<\/p>\n<p>Les frais d'exp\u00e9dition pour chaque commande sont d\u00e9termin\u00e9s par le poids du mod\u00e8le de machine, le contenu de la commande et le pays\/la r\u00e9gion de destination. Les clients doivent consulter l'entreprise pour obtenir des informations d\u00e9taill\u00e9es sur les frais.<\/p>\n<p>&nbsp;<\/p>\n<p>&nbsp;<\/p>\n<h2><strong>Politique de d\u00e9p\u00f4t<\/strong><\/h2>\n<p>Pour certaines commandes sp\u00e9ciales, nous aidons les clients \u00e0 payer d'abord l'acompte pour bloquer la commande (50%). D\u00e8s r\u00e9ception de l'avis de livraison, le client doit payer le solde dans un d\u00e9lai de trois jours ouvrables. En cas de circonstances particuli\u00e8res, le client doit nous en informer \u00e0 l'avance pour n\u00e9gociation.<\/p>\n<p>&nbsp;<\/p>\n<p>Si le paiement final n'est pas effectu\u00e9 dans un d\u00e9lai d'une semaine apr\u00e8s la notification, le client devra payer un suppl\u00e9ment de $20 par unit\u00e9 de stockage. Si le paiement n'est pas re\u00e7u dans les deux semaines, la commande sera annul\u00e9e et l'acompte ne sera pas rembours\u00e9 pour les raisons invoqu\u00e9es par le client.<\/p>\n<p>&nbsp;<\/p>\n<p>&nbsp;<\/p>\n<h2><strong>Pr\u00e9vention de la fraude<\/strong><\/h2>\n<p>Please be aware and cautious to avoid being scammed.<\/p>\n<p>&nbsp;<\/p>\n<p><strong><b>Adresse officielle du portefeuille :<\/b><\/strong><\/p>\n<p>TRC20: TAc7***********************6rby<\/p>\n<p>ERC20: 0x90***********************7bffe<\/p>\n<p>&nbsp;<\/p>\n<p><strong><b>Disclaimer:<\/b><\/strong>\u00a0Currently, there are many scammers impersonating MinersKing members to conduct fraud. Please look for our company\u2019s official contact information and the sales staff contact information on the Contact page. When you are unable to confirm whether the other party is a MinersKing member, please contact us through the official website to verify and confirm. MinersKing will not bear any responsibility for transactions with non-MinersKing member accounts without contacting the official.<\/p>\n<p>&nbsp;<\/p>\n<p>&nbsp;<\/p>\n<h2><strong>\u00c0 propos de MinersKing<\/strong><\/h2>\n<p>Cr\u00e9\u00e9 en 2011, MinersKing est un important fournisseur chinois de machines mini\u00e8res dot\u00e9 d&#039;une \u00e9quipe hautement qualifi\u00e9e et d&#039;une vaste expertise industrielle. Nous accordons la priorit\u00e9 \u00e0 la fourniture de produits et services exceptionnels aux secteurs de l\u2019\u00e9lectronique et des mines.<\/p>\n<p>&nbsp;<\/p>\n<p>Through partnerships with industry leaders like Bitmain, MicroBT, Canaan, and more, we offer a diverse range of superior products tailored to meet our clients\u2019 specific requirements. Our comprehensive services, including testing, maintenance, and repair, ensure a seamless purchasing experience.<\/p>\n<p>&nbsp;<\/p>\n<p>Chez MinersKing, nous sommes in\u00e9branlables dans notre engagement envers nos valeurs fondamentales consistant \u00e0 fournir des produits rentables et \u00e0 fournir des services personnalis\u00e9s de la plus haute qualit\u00e9.<\/p>\n<p>&nbsp;<\/p>\n<p>MinersKing has set up its own warehouses and conducts bulk purchases from factories to offer customers the most competitive prices. With rapid business expansion, apart from multiple warehouses\u00a0and offices\u00a0in mainland China, MinersKing has also established warehouses\u00a0and offices\u00a0in Hong Kong, and Moscow to enhance convenience and reduce logistics costs for customers. Furthermore, MinersKing plans to establish additional warehouses globally to better cater to customer needs.<\/p>\n<\/div>\n<\/article>\n<\/div>\n<\/div>\n<section class=\"related products ct-hidden-sm ct-hidden-md\"><\/section>\n<\/div>","protected":false},"excerpt":{"rendered":"<p>Description Bitmain will launch its Bitcoin mining rig, the Antminer S21 Hydro, in March 2024. It achieves a new high hashrate of 335 TH\/s\u00a0and has a power consumption of\u00a05360 watts, using the\u00a0SHA-256 algorithm Specification Brand Bitmain SKU Antminer S21 Hyd (335Th) Also called Antminer S21 Hydro 335T Launch March 2024 Size 410 x 170 x [&hellip;]<\/p>","protected":false},"featured_media":2655,"comment_status":"open","ping_status":"closed","template":"","meta":[],"product_brand":[],"product_cat":[81,33,44],"product_tag":[],"class_list":{"0":"post-1994","1":"product","2":"type-product","3":"status-publish","4":"has-post-thumbnail","6":"product_cat-hot-selling","7":"product_cat-antminer","8":"product_cat-bitcoin-mining","10":"first","11":"instock","12":"shipping-taxable","13":"purchasable","14":"product-type-simple"},"_links":{"self":[{"href":"https:\/\/minersking.com\/fr\/wp-json\/wp\/v2\/product\/1994","targetHints":{"allow":["GET"]}}],"collection":[{"href":"https:\/\/minersking.com\/fr\/wp-json\/wp\/v2\/product"}],"about":[{"href":"https:\/\/minersking.com\/fr\/wp-json\/wp\/v2\/types\/product"}],"replies":[{"embeddable":true,"href":"https:\/\/minersking.com\/fr\/wp-json\/wp\/v2\/comments?post=1994"}],"wp:featuredmedia":[{"embeddable":true,"href":"https:\/\/minersking.com\/fr\/wp-json\/wp\/v2\/media\/2655"}],"wp:attachment":[{"href":"https:\/\/minersking.com\/fr\/wp-json\/wp\/v2\/media?parent=1994"}],"wp:term":[{"taxonomy":"product_brand","embeddable":true,"href":"https:\/\/minersking.com\/fr\/wp-json\/wp\/v2\/product_brand?post=1994"},{"taxonomy":"product_cat","embeddable":true,"href":"https:\/\/minersking.com\/fr\/wp-json\/wp\/v2\/product_cat?post=1994"},{"taxonomy":"product_tag","embeddable":true,"href":"https:\/\/minersking.com\/fr\/wp-json\/wp\/v2\/product_tag?post=1994"}],"curies":[{"name":"wp","href":"https:\/\/api.w.org\/{rel}","templated":true}]}}