{"id":2016,"date":"2024-01-01T06:31:17","date_gmt":"2024-01-01T06:31:17","guid":{"rendered":"http:\/\/minersking.com\/?post_type=product&#038;p=2016"},"modified":"2024-08-22T09:26:49","modified_gmt":"2024-08-22T09:26:49","slug":"bitmain-antminer-ks3-9-4t-kaspa-kas-miner","status":"publish","type":"product","link":"https:\/\/minersking.com\/fr\/produit\/bitmain-antminer-ks3-9-4t-kaspa-kas-miner\/","title":{"rendered":"Bitmain Antminer KS3 Kaspa Miner (9.4TH\/s)"},"content":{"rendered":"<div class=\"woocommerce-tabs wc-tabs-wrapper\" data-type=\"type-1:center\">\n<h2 style=\"text-align: left;\">Description<\/h2>\n<p style=\"text-align: left;\"><strong>Bitmain Antminer KS3<\/strong> is designed in Oct 2023. It uses the <strong>Algorithme KHeavyHash<\/strong>\u00a0and can reach a peak hashrate of<strong> 9.4 TH\/s<\/strong> while consuming <strong>3500W<\/strong>\u00a0de pouvoir.<\/p>\n<h2 style=\"text-align: left;\">Sp\u00e9cifications<\/h2>\n<table width=\"1026\">\n<tbody>\n<tr>\n<td width=\"265\">Taux de hachage<\/td>\n<td width=\"265\">9.4TH\/s<\/td>\n<\/tr>\n<tr>\n<td width=\"265\">Puissance<\/td>\n<td width=\"265\">3500W<\/td>\n<\/tr>\n<tr>\n<td width=\"265\">Lancement<\/td>\n<td width=\"265\">Oct 2023<\/td>\n<\/tr>\n<tr>\n<td width=\"265\">Size without package<\/td>\n<td width=\"265\">430 x 195.5 x 290 (mm)<\/td>\n<\/tr>\n<tr>\n<td width=\"265\">Taille avec emballage<\/td>\n<td width=\"265\">570 x 316 x 430 (mm)<\/td>\n<\/tr>\n<tr>\n<td width=\"265\">Poids brut<\/td>\n<td width=\"265\">17,7 kg<\/td>\n<\/tr>\n<tr>\n<td width=\"265\">Poids net<\/td>\n<td width=\"265\">16.1kg<\/td>\n<\/tr>\n<tr>\n<td width=\"265\">Port r\u00e9seau<\/td>\n<td width=\"265\">Ethernet<\/td>\n<\/tr>\n<tr>\n<td width=\"265\">Entr\u00e9e de tension<\/td>\n<td width=\"265\">170-300 V CA<\/td>\n<\/tr>\n<tr>\n<td width=\"265\">Temp\u00e9rature de fonctionnement<\/td>\n<td width=\"265\">0~35 \u2103<\/td>\n<\/tr>\n<\/tbody>\n<\/table>\n<\/div>\n<div>\n<h4 class=\"font-satoshi text-xl text-black dark:text-white md:text-xl lg:mb-2 lg:text-heading-5 xl:text-heading-5\" style=\"text-align: left;\">Algorithmes<\/h4>\n<p style=\"text-align: left;\">Algorithme : KHeavyHash<\/p>\n<p style=\"text-align: left;\">Hashrate: 9.4TH\/s<\/p>\n<p style=\"text-align: left;\">Consumption: 3500W<\/p>\n<p style=\"text-align: left;\">Minable coins: Kaspa(KAS)<\/p>\n<h4 style=\"text-align: left;\">Refroidissement par air Kaspa Miner<\/h4>\n<p>Bitmain is one of the world&#8217;s leading manufacturers of mining machines for digital currencies, operating under their well-known brand ANTMINER. The Antminer KS3 was introduced on March 20, 2023, featuring a 9.4 TH\/s hash rate with 3500W power consumption, utilizing the KHeavyHash algorithm for Kaspa mining. The KS3 is equipped with an air cooling system, which helps dissipate the heat generated during Kaspa mining.<\/p>\n<p>Bitmain&#8217;s KS3 Kaspa miner is an advanced solution designed to be efficient and user-friendly, suitable for both home and professional Kaspa mining. Users can monitor hash rates and other metrics using its dashboard interface. MinersKing also offers customized crypto solutions tailored specifically to your individual requirements.<\/p>\n<h2 style=\"text-align: left;\">Informations Compl\u00e9mentaires<\/h2>\n<ul>\n<li style=\"text-align: left;\">Contact us to learn more about the details on different orders. Additionally, DDP (PRICE including shipping and customs fees) may also be available in some countries.<\/li>\n<li style=\"text-align: left;\">Une commande ou une pr\u00e9commande ne peut en aucun cas \u00eatre annul\u00e9e, car elle est consid\u00e9r\u00e9e comme d\u00e9finitive une fois qu'elle a \u00e9t\u00e9 confirm\u00e9e par nos soins.<\/li>\n<\/ul>\n<\/div>","protected":false},"excerpt":{"rendered":"<p>Description Bitmain Antminer KS3 is designed in Oct 2023. It uses the KHeavyHash algorithm\u00a0and can reach a peak hashrate of 9.4 TH\/s while consuming 3500W\u00a0of power. Specification Hashrate 9.4TH\/s Power 3500W Launch Oct 2023 Size without package 430 x 195.5 x 290 (mm) Size with package 570 x 316 x 430 (mm) Gross Weight 17.7kg [&hellip;]<\/p>","protected":false},"featured_media":2020,"comment_status":"open","ping_status":"closed","template":"","meta":[],"product_brand":[],"product_cat":[33,49],"product_tag":[],"class_list":{"0":"post-2016","1":"product","2":"type-product","3":"status-publish","4":"has-post-thumbnail","6":"product_cat-antminer","7":"product_cat-kaspa-mining","9":"first","10":"outofstock","11":"shipping-taxable","12":"purchasable","13":"product-type-simple"},"_links":{"self":[{"href":"https:\/\/minersking.com\/fr\/wp-json\/wp\/v2\/product\/2016","targetHints":{"allow":["GET"]}}],"collection":[{"href":"https:\/\/minersking.com\/fr\/wp-json\/wp\/v2\/product"}],"about":[{"href":"https:\/\/minersking.com\/fr\/wp-json\/wp\/v2\/types\/product"}],"replies":[{"embeddable":true,"href":"https:\/\/minersking.com\/fr\/wp-json\/wp\/v2\/comments?post=2016"}],"wp:featuredmedia":[{"embeddable":true,"href":"https:\/\/minersking.com\/fr\/wp-json\/wp\/v2\/media\/2020"}],"wp:attachment":[{"href":"https:\/\/minersking.com\/fr\/wp-json\/wp\/v2\/media?parent=2016"}],"wp:term":[{"taxonomy":"product_brand","embeddable":true,"href":"https:\/\/minersking.com\/fr\/wp-json\/wp\/v2\/product_brand?post=2016"},{"taxonomy":"product_cat","embeddable":true,"href":"https:\/\/minersking.com\/fr\/wp-json\/wp\/v2\/product_cat?post=2016"},{"taxonomy":"product_tag","embeddable":true,"href":"https:\/\/minersking.com\/fr\/wp-json\/wp\/v2\/product_tag?post=2016"}],"curies":[{"name":"wp","href":"https:\/\/api.w.org\/{rel}","templated":true}]}}