{"id":2060,"date":"2024-01-01T06:52:25","date_gmt":"2024-01-01T06:52:25","guid":{"rendered":"http:\/\/minersking.com\/?post_type=product&#038;p=2060"},"modified":"2024-08-30T06:38:02","modified_gmt":"2024-08-30T06:38:02","slug":"iceriver-ks0-100gh-with-psu","status":"publish","type":"product","link":"https:\/\/minersking.com\/fr\/produit\/iceriver-ks0-100gh-with-psu\/","title":{"rendered":"Iceriver KS0 Kaspa ASIC Home Miner (100GH\/s)"},"content":{"rendered":"<h3>Description<\/h3>\n<p><b>Iceriver KS0<\/b>\u00a0uses <strong>Algorithme KHeavyHash<\/strong>. Il peut atteindre un taux maximal de<strong> 100 GH\/s<\/strong> et n'utilise que des <strong>65W<\/strong>\u00a0de pouvoir.<\/p>\n<h3>Caract\u00e9ristiques<\/h3>\n<div class=\"table-wrapper\">\n<table>\n<tbody>\n<tr>\n<td width=\"496\">Taille<\/td>\n<td width=\"706\">200mm*194mm*74mm<\/td>\n<\/tr>\n<tr>\n<td width=\"496\">Caract\u00e9ristiques<\/td>\n<td width=\"706\">100GH\/s 65W<\/td>\n<\/tr>\n<tr>\n<td width=\"496\">Poids<\/td>\n<td width=\"706\">2,5 kg<\/td>\n<\/tr>\n<tr>\n<td width=\"496\">Port de connexion<\/td>\n<td width=\"706\">Ethernet<\/td>\n<\/tr>\n<tr>\n<td width=\"496\">Entr\u00e9e de tension<\/td>\n<td width=\"706\">100-240V<\/td>\n<\/tr>\n<tr>\n<td width=\"496\">Exploitation temporaire<\/td>\n<td width=\"706\">0 ~ 35 \u2103 (Placer dans un environnement avec une bonne circulation d&#039;air)<\/td>\n<\/tr>\n<\/tbody>\n<\/table>\n<\/div>\n<h4 class=\"font-satoshi text-xl text-black dark:text-white md:text-xl lg:mb-2 lg:text-heading-5 xl:text-heading-5\">Algorithmes<\/h4>\n<p>Algorithme : KHeavyHash<\/p>\n<p>Hashrate: 100GH\/s<\/p>\n<p>Consumption: 65W<\/p>\n<p>Pi\u00e8ces exploitables : Kaspa<\/p>\n<h4>Home Mining Kaspa Miner<\/h4>\n<p>IceRiver designed the KS0 in September 2023. It has a hashrate of 100 GH\/s, a power consumption of 65W, and a compact, accessible appearance. Compared to larger mining rigs, it features lower power consumption, lower noise levels, and a smaller size<\/p>\n<p>Due to its size and performance, it is a good entry point for Kaspa mining at home or in small-scale mining operations without making a heavy initial investment<\/p>\n<h2>Informations Compl\u00e9mentaires<\/h2>\n<ul>\n<li>Contactez-nous pour en savoir plus sur les d\u00e9tails des diff\u00e9rentes commandes. Le DDP (prix incluant les frais d'exp\u00e9dition et de douane) peut \u00e9galement \u00eatre disponible dans certains pays.<\/li>\n<li>Une commande ou une pr\u00e9commande ne peut en aucun cas \u00eatre annul\u00e9e, car elle est consid\u00e9r\u00e9e comme d\u00e9finitive une fois qu'elle a \u00e9t\u00e9 confirm\u00e9e par nos soins.<\/li>\n<\/ul>","protected":false},"excerpt":{"rendered":"<p>Description Iceriver KS0\u00a0uses KHeavyHash algorithm. It can reach a maximum hashrate of 100 GH\/s and only uses 65W\u00a0of power. Specifications Size 200mm*194mm*74mm Specifications 100GH\/s 65W Weight 2.5kg Connection Port ethernet Voltage Input 100-240V Operating Temp 0~35 \u2103 (Place in an environment with good air circulation) Algorithms Algorithm: KHeavyHash Hashrate: 100GH\/s Consumption: 65W Minable coins: Kaspa [&hellip;]<\/p>","protected":false},"featured_media":2061,"comment_status":"open","ping_status":"closed","template":"","meta":[],"product_brand":[],"product_cat":[36,85],"product_tag":[],"class_list":{"0":"post-2060","1":"product","2":"type-product","3":"status-publish","4":"has-post-thumbnail","6":"product_cat-iceriver","7":"product_cat-iceriver-kaspa-mining","9":"first","10":"outofstock","11":"shipping-taxable","12":"purchasable","13":"product-type-simple"},"_links":{"self":[{"href":"https:\/\/minersking.com\/fr\/wp-json\/wp\/v2\/product\/2060","targetHints":{"allow":["GET"]}}],"collection":[{"href":"https:\/\/minersking.com\/fr\/wp-json\/wp\/v2\/product"}],"about":[{"href":"https:\/\/minersking.com\/fr\/wp-json\/wp\/v2\/types\/product"}],"replies":[{"embeddable":true,"href":"https:\/\/minersking.com\/fr\/wp-json\/wp\/v2\/comments?post=2060"}],"wp:featuredmedia":[{"embeddable":true,"href":"https:\/\/minersking.com\/fr\/wp-json\/wp\/v2\/media\/2061"}],"wp:attachment":[{"href":"https:\/\/minersking.com\/fr\/wp-json\/wp\/v2\/media?parent=2060"}],"wp:term":[{"taxonomy":"product_brand","embeddable":true,"href":"https:\/\/minersking.com\/fr\/wp-json\/wp\/v2\/product_brand?post=2060"},{"taxonomy":"product_cat","embeddable":true,"href":"https:\/\/minersking.com\/fr\/wp-json\/wp\/v2\/product_cat?post=2060"},{"taxonomy":"product_tag","embeddable":true,"href":"https:\/\/minersking.com\/fr\/wp-json\/wp\/v2\/product_tag?post=2060"}],"curies":[{"name":"wp","href":"https:\/\/api.w.org\/{rel}","templated":true}]}}