{"id":2062,"date":"2024-01-01T06:54:09","date_gmt":"2024-01-01T06:54:09","guid":{"rendered":"http:\/\/minersking.com\/?post_type=product&#038;p=2062"},"modified":"2024-08-30T06:45:12","modified_gmt":"2024-08-30T06:45:12","slug":"iceriver-ks0-pro-200gh-psu-included","status":"publish","type":"product","link":"https:\/\/minersking.com\/fr\/produit\/iceriver-ks0-pro-200gh-psu-included\/","title":{"rendered":"Iceriver KS0 Pro Kaspa ASIC Home Miner (200GH\/s)"},"content":{"rendered":"<h3>Description<\/h3>\n<p><strong>IceRiver\u00a0KS0 Pro<\/strong> was launched in Nov 2023 with\u00a0a maximum hashrate of<strong> 200 GH\/s<\/strong> et <strong>100W<\/strong> of power. It\u00a0uses the <strong>Algorithme KHeavyHash<\/strong>.<\/p>\n<div class=\"table-wrapper\">\n<div class=\"table-wrapper\">\n<table>\n<tbody>\n<tr>\n<td width=\"496\">Taille<\/td>\n<td width=\"706\">200mm*194mm*74mm<\/td>\n<\/tr>\n<tr>\n<td width=\"496\">Efficiency<\/td>\n<td width=\"706\">200GH 100W<\/td>\n<\/tr>\n<tr>\n<td width=\"496\">Poids<\/td>\n<td width=\"706\">2,5 kg<\/td>\n<\/tr>\n<tr>\n<td width=\"496\">Port r\u00e9seau<\/td>\n<td width=\"706\">Ethernet<\/td>\n<\/tr>\n<tr>\n<td width=\"496\">Entr\u00e9e de tension<\/td>\n<td width=\"706\">Avec alimentation : 100-240V AC<\/p>\n<p>Sans bloc d'alimentation : 19-20V DC<\/td>\n<\/tr>\n<tr>\n<td width=\"496\">Temp\u00e9rature de fonctionnement<\/td>\n<td width=\"706\">0~35 \u2103<\/td>\n<\/tr>\n<\/tbody>\n<\/table>\n<\/div>\n<\/div>\n<p>&nbsp;<\/p>\n<h3>Informations Compl\u00e9mentaires<\/h3>\n<ul>\n<li>Contactez-nous pour en savoir plus sur les d\u00e9tails des diff\u00e9rentes commandes. Le DDP (prix incluant les frais d'exp\u00e9dition et de douane) peut \u00e9galement \u00eatre disponible dans certains pays.<\/li>\n<li>Une commande ou une pr\u00e9commande ne peut en aucun cas \u00eatre annul\u00e9e, car elle est consid\u00e9r\u00e9e comme d\u00e9finitive une fois qu'elle a \u00e9t\u00e9 confirm\u00e9e par nos soins.<\/li>\n<\/ul>\n<h4 class=\"font-satoshi text-xl text-black dark:text-white md:text-xl lg:mb-2 lg:text-heading-5 xl:text-heading-5\">Algorithmes<\/h4>\n<p>Algorithme : KHeavyHash<\/p>\n<p>Hashrate: 200 GH\/s<\/p>\n<p>Consumption: 100W<\/p>\n<p>Pi\u00e8ces exploitables : Kaspa<\/p>\n<h4>Home Mining Kaspa Miner<\/h4>\n<p>IceRiver launched the KS0 Pro in Nov 2023 with a higher hashrate and efficiency performance as the upgraded version of KS0. It has a modern, user-friendly design and also has a hashrate with 200GH\/s and power consumption of 100W.<\/p>","protected":false},"excerpt":{"rendered":"<p>Description IceRiver\u00a0KS0 Pro was launched in Nov 2023 with\u00a0a maximum hashrate of 200 GH\/s and 100W of power. It\u00a0uses the KHeavyHash algorithm. Size 200mm*194mm*74mm Efficiency 200GH 100W Weight 2.5kg Network Port ethernet Voltage Input With PSU: 100-240V AC Without PSU: 19-20V DC Working Temperature 0~35 \u2103 &nbsp; Additional information Contact us to learn more about [&hellip;]<\/p>","protected":false},"featured_media":2063,"comment_status":"open","ping_status":"closed","template":"","meta":[],"product_brand":[],"product_cat":[36,85],"product_tag":[],"class_list":{"0":"post-2062","1":"product","2":"type-product","3":"status-publish","4":"has-post-thumbnail","6":"product_cat-iceriver","7":"product_cat-iceriver-kaspa-mining","9":"first","10":"outofstock","11":"shipping-taxable","12":"purchasable","13":"product-type-simple"},"_links":{"self":[{"href":"https:\/\/minersking.com\/fr\/wp-json\/wp\/v2\/product\/2062","targetHints":{"allow":["GET"]}}],"collection":[{"href":"https:\/\/minersking.com\/fr\/wp-json\/wp\/v2\/product"}],"about":[{"href":"https:\/\/minersking.com\/fr\/wp-json\/wp\/v2\/types\/product"}],"replies":[{"embeddable":true,"href":"https:\/\/minersking.com\/fr\/wp-json\/wp\/v2\/comments?post=2062"}],"wp:featuredmedia":[{"embeddable":true,"href":"https:\/\/minersking.com\/fr\/wp-json\/wp\/v2\/media\/2063"}],"wp:attachment":[{"href":"https:\/\/minersking.com\/fr\/wp-json\/wp\/v2\/media?parent=2062"}],"wp:term":[{"taxonomy":"product_brand","embeddable":true,"href":"https:\/\/minersking.com\/fr\/wp-json\/wp\/v2\/product_brand?post=2062"},{"taxonomy":"product_cat","embeddable":true,"href":"https:\/\/minersking.com\/fr\/wp-json\/wp\/v2\/product_cat?post=2062"},{"taxonomy":"product_tag","embeddable":true,"href":"https:\/\/minersking.com\/fr\/wp-json\/wp\/v2\/product_tag?post=2062"}],"curies":[{"name":"wp","href":"https:\/\/api.w.org\/{rel}","templated":true}]}}