{"id":2066,"date":"2024-01-01T06:57:28","date_gmt":"2024-01-01T06:57:28","guid":{"rendered":"http:\/\/minersking.com\/?post_type=product&#038;p=2066"},"modified":"2024-08-21T09:11:03","modified_gmt":"2024-08-21T09:11:03","slug":"iceriver-kas-ks2-2th","status":"publish","type":"product","link":"https:\/\/minersking.com\/fr\/produit\/iceriver-kas-ks2-2th\/","title":{"rendered":"Iceriver KS2 Kaspa ASIC Miner (2TH\/s)"},"content":{"rendered":"<h3>Description<\/h3>\n<p>In September 2023, <strong>Rivi\u00e8re Glac\u00e9e<\/strong> released the KS2. As a Kaspa miner, it uses the <strong>Algorithme KHeavyHash<\/strong> and can reach a maximum hashrate of <strong>2 TH\/s<\/strong> with a power consumption of <strong>1200W<\/strong> for efficient Kaspa mining<\/p>\n<div class=\"table-wrapper\">\n<table>\n<tbody>\n<tr>\n<td width=\"496\">Taille<\/td>\n<td width=\"706\">490mm*300mm*400mm<\/td>\n<\/tr>\n<tr>\n<td width=\"496\">Algorithme<\/td>\n<td width=\"706\">Kaspa<\/td>\n<\/tr>\n<tr>\n<td width=\"496\">Poids<\/td>\n<td width=\"706\">14,9kg<\/td>\n<\/tr>\n<tr>\n<td width=\"496\">Port r\u00e9seau<\/td>\n<td width=\"706\">Ethernet<\/td>\n<\/tr>\n<tr>\n<td width=\"496\">Tension d&#039;entr\u00e9e<\/td>\n<td width=\"706\">170-300V<\/td>\n<\/tr>\n<tr>\n<td width=\"496\">Temp\u00e9rature de fonctionnement<\/td>\n<td width=\"706\">0~35 \u2103<\/td>\n<\/tr>\n<\/tbody>\n<\/table>\n<\/div>\n<h4 class=\"font-satoshi text-xl text-black dark:text-white md:text-xl lg:mb-2 lg:text-heading-5 xl:text-heading-5\">Algorithmes<\/h4>\n<p>Algorithme : KHeavyHash<\/p>\n<p>Hashrate: 2 TH\/s<\/p>\n<p>Consumption: 1200W<\/p>\n<p>Pi\u00e8ces exploitables : Kaspa<\/p>\n<h4>Refroidissement par air Kaspa Miner<\/h4>\n<p>The IceRiver KS2 miner is a powerful ASIC designed for Kaspa mining in September 2023. It is one of the best Kaspa miners, with a hashrate of 15 TH\/s and a power consumption of 3400W, standing out as a high-performance and efficient machine<\/p>\n<h3>Informations Compl\u00e9mentaires<\/h3>\n<ul>\n<li>Contactez-nous pour en savoir plus sur les d\u00e9tails des diff\u00e9rentes commandes. Le DDP (prix incluant les frais d'exp\u00e9dition et de douane) peut \u00e9galement \u00eatre disponible dans certains pays.<\/li>\n<li>Une commande ou une pr\u00e9commande ne peut en aucun cas \u00eatre annul\u00e9e, car elle est consid\u00e9r\u00e9e comme d\u00e9finitive une fois qu'elle a \u00e9t\u00e9 confirm\u00e9e par nos soins.<\/li>\n<\/ul>","protected":false},"excerpt":{"rendered":"<p>Description In September 2023, IceRiver released the KS2. As a Kaspa miner, it uses the KHeavyHash algorithm and can reach a maximum hashrate of 2 TH\/s with a power consumption of 1200W for efficient Kaspa mining Size 490mm*300mm*400mm Algorithm Kaspa Weight 14.9kg Network Port Ethernet Imput Voltage 170-300V Working Temperature 0~35 \u2103 Algorithms Algorithm: KHeavyHash [&hellip;]<\/p>","protected":false},"featured_media":2067,"comment_status":"open","ping_status":"closed","template":"","meta":[],"product_brand":[],"product_cat":[36,85],"product_tag":[],"class_list":{"0":"post-2066","1":"product","2":"type-product","3":"status-publish","4":"has-post-thumbnail","6":"product_cat-iceriver","7":"product_cat-iceriver-kaspa-mining","9":"first","10":"outofstock","11":"shipping-taxable","12":"purchasable","13":"product-type-simple"},"_links":{"self":[{"href":"https:\/\/minersking.com\/fr\/wp-json\/wp\/v2\/product\/2066","targetHints":{"allow":["GET"]}}],"collection":[{"href":"https:\/\/minersking.com\/fr\/wp-json\/wp\/v2\/product"}],"about":[{"href":"https:\/\/minersking.com\/fr\/wp-json\/wp\/v2\/types\/product"}],"replies":[{"embeddable":true,"href":"https:\/\/minersking.com\/fr\/wp-json\/wp\/v2\/comments?post=2066"}],"wp:featuredmedia":[{"embeddable":true,"href":"https:\/\/minersking.com\/fr\/wp-json\/wp\/v2\/media\/2067"}],"wp:attachment":[{"href":"https:\/\/minersking.com\/fr\/wp-json\/wp\/v2\/media?parent=2066"}],"wp:term":[{"taxonomy":"product_brand","embeddable":true,"href":"https:\/\/minersking.com\/fr\/wp-json\/wp\/v2\/product_brand?post=2066"},{"taxonomy":"product_cat","embeddable":true,"href":"https:\/\/minersking.com\/fr\/wp-json\/wp\/v2\/product_cat?post=2066"},{"taxonomy":"product_tag","embeddable":true,"href":"https:\/\/minersking.com\/fr\/wp-json\/wp\/v2\/product_tag?post=2066"}],"curies":[{"name":"wp","href":"https:\/\/api.w.org\/{rel}","templated":true}]}}