{"id":2080,"date":"2024-01-01T07:04:02","date_gmt":"2024-01-01T07:04:02","guid":{"rendered":"http:\/\/minersking.com\/?post_type=product&#038;p=2080"},"modified":"2024-08-30T06:25:21","modified_gmt":"2024-08-30T06:25:21","slug":"iceriver-ks3l-5t-kas-miner","status":"publish","type":"product","link":"https:\/\/minersking.com\/fr\/produit\/iceriver-ks3l-5t-kas-miner\/","title":{"rendered":"Iceriver KS3L Kaspa ASIC Miner (5TH\/s)"},"content":{"rendered":"<h2>Description<\/h2>\n<p><strong>IceRiver KS3L<\/strong> is designed\u00a0 in August 2023. It uses the <strong>Algorithme KHeavyHash<\/strong> and can reach a peak hashrate of<strong> 5 TH\/s<\/strong> tout en consommant seulement <strong>3200W<\/strong> de pouvoir.<\/p>\n<h2>Sp\u00e9cifications<\/h2>\n<div class=\"table-wrapper\">\n<table class=\"woocommerce-product-attributes shop_attributes\">\n<tbody>\n<tr class=\"woocommerce-product-attributes-item woocommerce-product-attributes-item--attribute_kas-hashrate\">\n<th class=\"woocommerce-product-attributes-item__label\">Taux de hachage<\/th>\n<td class=\"woocommerce-product-attributes-item__value\">5E\/S(\u00b110%)<\/td>\n<\/tr>\n<tr class=\"woocommerce-product-attributes-item woocommerce-product-attributes-item--attribute_wall-power\">\n<th class=\"woocommerce-product-attributes-item__label\">Power Comsumption<\/th>\n<td class=\"woocommerce-product-attributes-item__value\">3200W\/h(\u00b110%)<\/td>\n<\/tr>\n<tr class=\"woocommerce-product-attributes-item woocommerce-product-attributes-item--attribute_specifications\">\n<th class=\"woocommerce-product-attributes-item__label\">Efficiency<\/th>\n<td class=\"woocommerce-product-attributes-item__value\">5TH 3200W<\/td>\n<\/tr>\n<tr class=\"woocommerce-product-attributes-item woocommerce-product-attributes-item--attribute_dimensionwith-packaging\">\n<th class=\"woocommerce-product-attributes-item__label\">Dimension with packaging<\/th>\n<td class=\"woocommerce-product-attributes-item__value\">490\u00d7300\u00d7400(mm)<\/td>\n<\/tr>\n<tr class=\"woocommerce-product-attributes-item woocommerce-product-attributes-item--attribute_dimension\">\n<th class=\"woocommerce-product-attributes-item__label\">Dimension<\/th>\n<td class=\"woocommerce-product-attributes-item__value\">370\u00d7195\u00d7290(mm)<\/td>\n<\/tr>\n<tr class=\"woocommerce-product-attributes-item woocommerce-product-attributes-item--attribute_gross-weight\">\n<th class=\"woocommerce-product-attributes-item__label\">Poids brut<\/th>\n<td class=\"woocommerce-product-attributes-item__value\">17,1 kg<\/td>\n<\/tr>\n<tr class=\"woocommerce-product-attributes-item woocommerce-product-attributes-item--attribute_net-weight\">\n<th class=\"woocommerce-product-attributes-item__label\">Poids net<\/th>\n<td class=\"woocommerce-product-attributes-item__value\">14,4 kg<\/td>\n<\/tr>\n<tr class=\"woocommerce-product-attributes-item woocommerce-product-attributes-item--attribute_connection\">\n<th class=\"woocommerce-product-attributes-item__label\">Port r\u00e9seau<\/th>\n<td class=\"woocommerce-product-attributes-item__value\">Ethernet<\/td>\n<\/tr>\n<tr class=\"woocommerce-product-attributes-item woocommerce-product-attributes-item--attribute_voltage-input\">\n<th class=\"woocommerce-product-attributes-item__label\">Entr\u00e9e de tension<\/th>\n<td class=\"woocommerce-product-attributes-item__value\">170-300 V CA<\/td>\n<\/tr>\n<tr class=\"woocommerce-product-attributes-item woocommerce-product-attributes-item--attribute_operating-temp\">\n<th class=\"woocommerce-product-attributes-item__label\">Temp\u00e9rature de fonctionnement<\/th>\n<td class=\"woocommerce-product-attributes-item__value\">0~35 \u2103<\/td>\n<\/tr>\n<\/tbody>\n<\/table>\n<\/div>\n<h4 class=\"font-satoshi text-xl text-black dark:text-white md:text-xl lg:mb-2 lg:text-heading-5 xl:text-heading-5\">Algorithmes<\/h4>\n<p>Algorithme : KHeavyHash<\/p>\n<p>Hashrate: 5TH\/s<\/p>\n<p>Consumption: 3200W<\/p>\n<p>Minable coins: Kaspa(KAS)<\/p>\n<h4>Refroidissement par air Kaspa Miner<\/h4>\n<p>Iceriver released a new Kaspa miner called the KS3L in April 2023. It has a hashrate of 5 TH\/s and uses 3200 W of power to mine Kaspa coins.<\/p>\n<p>La c\u00e9l\u00e8bre marque Iceriver a finement optimis\u00e9 son produit pour l'algorithme KHeavyHash. Il est dot\u00e9 d'un syst\u00e8me de refroidissement par air qui permet d'\u00e9vacuer la chaleur produite pendant le processus de minage de crypto-monnaies. Nous recommandons vivement cette plateforme de minage Kaspa \u00e0 tous ceux qui souhaitent miner des pi\u00e8ces Kaspa de mani\u00e8re efficace et rentable.<\/p>\n<h2>Informations Compl\u00e9mentaires<\/h2>\n<ul>\n<li>Contact us to learn more about the details on different orders. Additionally, DDP (PRICE including shipping and customs fees) may also be available in some countries.<\/li>\n<li>Une commande ou une pr\u00e9commande ne peut en aucun cas \u00eatre annul\u00e9e, car elle est consid\u00e9r\u00e9e comme d\u00e9finitive une fois qu'elle a \u00e9t\u00e9 confirm\u00e9e par nos soins.<\/li>\n<\/ul>","protected":false},"excerpt":{"rendered":"<p>Description IceRiver KS3L is designed\u00a0 in August 2023. It uses the KHeavyHash algorithm and can reach a peak hashrate of 5 TH\/s while consuming only 3200W of power. Specification Hashrate 5TH\/S(\u00b110%) Power Comsumption 3200W\/h(\u00b110%) Efficiency 5TH 3200W Dimension with packaging 490\u00d7300\u00d7400(mm) Dimension 370\u00d7195\u00d7290(mm) Gross Weight 17.1kg Net Weight 14.4kg Network Port ethernet Voltage Input 170-300V [&hellip;]<\/p>","protected":false},"featured_media":2084,"comment_status":"open","ping_status":"closed","template":"","meta":[],"product_brand":[],"product_cat":[36,85],"product_tag":[],"class_list":{"0":"post-2080","1":"product","2":"type-product","3":"status-publish","4":"has-post-thumbnail","6":"product_cat-iceriver","7":"product_cat-iceriver-kaspa-mining","9":"first","10":"outofstock","11":"shipping-taxable","12":"purchasable","13":"product-type-simple"},"_links":{"self":[{"href":"https:\/\/minersking.com\/fr\/wp-json\/wp\/v2\/product\/2080","targetHints":{"allow":["GET"]}}],"collection":[{"href":"https:\/\/minersking.com\/fr\/wp-json\/wp\/v2\/product"}],"about":[{"href":"https:\/\/minersking.com\/fr\/wp-json\/wp\/v2\/types\/product"}],"replies":[{"embeddable":true,"href":"https:\/\/minersking.com\/fr\/wp-json\/wp\/v2\/comments?post=2080"}],"wp:featuredmedia":[{"embeddable":true,"href":"https:\/\/minersking.com\/fr\/wp-json\/wp\/v2\/media\/2084"}],"wp:attachment":[{"href":"https:\/\/minersking.com\/fr\/wp-json\/wp\/v2\/media?parent=2080"}],"wp:term":[{"taxonomy":"product_brand","embeddable":true,"href":"https:\/\/minersking.com\/fr\/wp-json\/wp\/v2\/product_brand?post=2080"},{"taxonomy":"product_cat","embeddable":true,"href":"https:\/\/minersking.com\/fr\/wp-json\/wp\/v2\/product_cat?post=2080"},{"taxonomy":"product_tag","embeddable":true,"href":"https:\/\/minersking.com\/fr\/wp-json\/wp\/v2\/product_tag?post=2080"}],"curies":[{"name":"wp","href":"https:\/\/api.w.org\/{rel}","templated":true}]}}