{"id":2090,"date":"2024-01-01T07:08:38","date_gmt":"2024-01-01T07:08:38","guid":{"rendered":"http:\/\/minersking.com\/?post_type=product&#038;p=2090"},"modified":"2024-08-31T10:19:21","modified_gmt":"2024-08-31T10:19:21","slug":"avalon-miner-a1346-104t-110t","status":"publish","type":"product","link":"https:\/\/minersking.com\/fr\/produit\/avalon-miner-a1346-104t-110t\/","title":{"rendered":"Canaan Avalon Miner A1346 Bitcoin Miner(104TH\/s)"},"content":{"rendered":"<p>&nbsp;<\/p>\n<div class=\"table-wrapper\">\n<table>\n<tbody>\n<tr>\n<td width=\"564\">Marque<\/td>\n<td width=\"828\">Canaan<\/td>\n<\/tr>\n<tr>\n<td width=\"564\">Taux de hachage<\/td>\n<td width=\"828\">104TH\/s<\/td>\n<\/tr>\n<tr>\n<td width=\"564\">Consommation d&#039;\u00e9nergie<\/td>\n<td width=\"828\">3300W<\/td>\n<\/tr>\n<tr>\n<td width=\"564\">Efficacit\u00e9 \u00e9nerg\u00e9tique<\/td>\n<td width=\"828\">\u00a030J\/TH<\/td>\n<\/tr>\n<tr>\n<td width=\"564\">Tension d&#039;entr\u00e9e<\/td>\n<td width=\"828\">100-240V<\/td>\n<\/tr>\n<tr>\n<td width=\"564\">Refroidissement<\/td>\n<td width=\"828\">\u00a02 x12038 VENTILATEURS<\/td>\n<\/tr>\n<tr>\n<td width=\"564\">Temp\u00e9rature de fonctionnement<\/td>\n<td width=\"828\">-5 \u2103 ~ 35 \u2103<\/td>\n<\/tr>\n<tr>\n<td width=\"564\">Bruit<\/td>\n<td width=\"828\">70dB<\/td>\n<\/tr>\n<tr>\n<td width=\"564\">Dimensions nettes<\/td>\n<td width=\"828\">190mm *190mm* 292mm<\/td>\n<\/tr>\n<tr>\n<td width=\"564\">Poids net<\/td>\n<td width=\"828\">13 kg<\/td>\n<\/tr>\n<tr>\n<td width=\"564\">Dimensions brutes<\/td>\n<td width=\"828\">420mm *290mm *395mm<\/td>\n<\/tr>\n<tr>\n<td width=\"564\">Poids brut<\/td>\n<td width=\"828\">14,1 kg<\/td>\n<\/tr>\n<tr>\n<td width=\"564\">Source de courant<\/td>\n<td width=\"828\">Avec bloc d&#039;alimentation<\/td>\n<\/tr>\n<\/tbody>\n<\/table>\n<\/div>\n<p>&nbsp;<\/p>\n<div id=\"block1\" class=\"tuple\" data-v-63a32c95=\"\" data-v-1b41da19=\"\">\n<div class=\"info\" data-v-63a32c95=\"\" data-v-1b41da19=\"\">\n<h4 class=\"font-satoshi text-xl text-black dark:text-white md:text-xl lg:mb-2 lg:text-heading-5 xl:text-heading-5\">Algorithmes<\/h4>\n<p>Algorithme : SHA-256<\/p>\n<p>Hashrate: 104 TH\/s<\/p>\n<p>Consumption: 3300W<\/p>\n<p>Minable coins: Bitcoin(BTC)<\/p>\n<h3>Informations Compl\u00e9mentaires<\/h3>\n<ul>\n<li>Contactez-nous pour en savoir plus sur les d\u00e9tails des diff\u00e9rentes commandes. Le DDP (prix incluant les frais d'exp\u00e9dition et de douane) peut \u00e9galement \u00eatre disponible dans certains pays.<\/li>\n<li>Une commande ou une pr\u00e9commande ne peut en aucun cas \u00eatre annul\u00e9e, car elle est consid\u00e9r\u00e9e comme d\u00e9finitive une fois qu'elle a \u00e9t\u00e9 confirm\u00e9e par nos soins.<\/li>\n<\/ul>\n<\/div>\n<\/div>","protected":false},"excerpt":{"rendered":"<p>&nbsp; Brand Canaan Hashrate 104TH\/s Power Consumption 3300W Power Efficiency \u00a030J\/TH Input Voltage 100-240V Cooling \u00a02 x12038 FANs Working Temperature -5\u2103~35\u2103 Noise 70dB Net Dimensions 190mm *190mm* 292mm Net Weight 13kg Gross Dimensions 420mm *290mm *395mm Gross Weight 14.1kg Power Supply With PSU &nbsp; Algorithms Algorithm: SHA-256 Hashrate: 104 TH\/s Consumption: 3300W Minable coins: Bitcoin(BTC) [&hellip;]<\/p>","protected":false},"featured_media":2711,"comment_status":"open","ping_status":"closed","template":"","meta":[],"product_brand":[],"product_cat":[38,60],"product_tag":[],"class_list":{"0":"post-2090","1":"product","2":"type-product","3":"status-publish","4":"has-post-thumbnail","6":"product_cat-avalon","7":"product_cat-avalon-btc-mining","9":"first","10":"instock","11":"shipping-taxable","12":"purchasable","13":"product-type-simple"},"_links":{"self":[{"href":"https:\/\/minersking.com\/fr\/wp-json\/wp\/v2\/product\/2090","targetHints":{"allow":["GET"]}}],"collection":[{"href":"https:\/\/minersking.com\/fr\/wp-json\/wp\/v2\/product"}],"about":[{"href":"https:\/\/minersking.com\/fr\/wp-json\/wp\/v2\/types\/product"}],"replies":[{"embeddable":true,"href":"https:\/\/minersking.com\/fr\/wp-json\/wp\/v2\/comments?post=2090"}],"wp:featuredmedia":[{"embeddable":true,"href":"https:\/\/minersking.com\/fr\/wp-json\/wp\/v2\/media\/2711"}],"wp:attachment":[{"href":"https:\/\/minersking.com\/fr\/wp-json\/wp\/v2\/media?parent=2090"}],"wp:term":[{"taxonomy":"product_brand","embeddable":true,"href":"https:\/\/minersking.com\/fr\/wp-json\/wp\/v2\/product_brand?post=2090"},{"taxonomy":"product_cat","embeddable":true,"href":"https:\/\/minersking.com\/fr\/wp-json\/wp\/v2\/product_cat?post=2090"},{"taxonomy":"product_tag","embeddable":true,"href":"https:\/\/minersking.com\/fr\/wp-json\/wp\/v2\/product_tag?post=2090"}],"curies":[{"name":"wp","href":"https:\/\/api.w.org\/{rel}","templated":true}]}}