{"id":2171,"date":"2024-01-04T07:57:43","date_gmt":"2024-01-04T07:57:43","guid":{"rendered":"http:\/\/minersking.com\/?post_type=product&#038;p=2171"},"modified":"2024-12-09T06:45:43","modified_gmt":"2024-12-09T06:45:43","slug":"bitmain-antminer-t21-190th-s-233th-s-3610w","status":"publish","type":"product","link":"https:\/\/minersking.com\/fr\/produit\/bitmain-antminer-t21-190th-s-233th-s-3610w\/","title":{"rendered":"Bitmain Antminer T21 Bitcoin Miner (190TH\/s)"},"content":{"rendered":"<h2>Description<\/h2>\n<div id=\"tab-description\" class=\"woocommerce-Tabs-panel woocommerce-Tabs-panel--description panel entry-content wc-tab\" role=\"tabpanel\" aria-labelledby=\"tab-title-description\">\n<p>The Bitmain Antminer T21, with its remarkable specifications, stands as a high-performance powerhouse in the world of cryptocurrency mining. Equipped with the SHA256 algorithm, it is tailored to mine popular cryptocurrencies like Bitcoin (BTC), Bitcoin Cash (BCH), and Bitcoin SV (BSV). Its impressive hashrate of 190TH\/s ensures efficient and rapid mining operations, making it a valuable asset for cryptocurrency enthusiasts and miners. At an operating temperature range of 0-45\u00b0C, this miner can handle various environmental conditions, and its power efficiency of 19.0J\/TH ensures that it maintains a balanced power consumption while delivering exceptional performance.<\/p>\n<h2>Caract\u00e9ristiques<\/h2>\n<table style=\"height: 184px;\" width=\"1085\">\n<tbody>\n<tr class=\"title\">\n<td><strong>Aper\u00e7u du produit<\/strong><\/td>\n<td><\/td>\n<\/tr>\n<tr>\n<td>Mod\u00e8le<\/td>\n<td>Bitmain Antminer T21<\/td>\n<\/tr>\n<tr>\n<td>Algorithme | Crypto-monnaie<\/td>\n<td>SHA256 | BTC\/BCH\/BSV<\/td>\n<\/tr>\n<tr>\n<td>Taux de hachage<\/td>\n<td>190TH\/s \u2013 233TH\/s<\/td>\n<\/tr>\n<tr>\n<td>Allumer le mur \u00e0 25\u00b0C<\/td>\n<td>3610W<\/td>\n<\/tr>\n<tr>\n<td>Efficacit\u00e9 \u00e9nerg\u00e9tique au mur \u00e0 25\u00b0C<\/td>\n<td>19.0J\/TH<\/td>\n<\/tr>\n<\/tbody>\n<\/table>\n<table width=\"1084\">\n<tbody>\n<tr class=\"title\">\n<td><strong>Caract\u00e9ristiques d\u00e9taill\u00e9es<\/strong><\/td>\n<td><\/td>\n<\/tr>\n<tr class=\"sub-title\">\n<td>Source de courant<\/td>\n<td><\/td>\n<\/tr>\n<tr>\n<td>Alimentation CA Tension d&#039;entr\u00e9e<\/td>\n<td>380 ~ 415V<\/td>\n<\/tr>\n<tr>\n<td>Alimentation \u00e9lectrique Plage de fr\u00e9quence d&#039;entr\u00e9e CA<\/td>\n<td>50 ~ 60 Hz<\/td>\n<\/tr>\n<tr>\n<td>Alimentation CA Courant d&#039;entr\u00e9e<\/td>\n<td>Ampli 12<\/td>\n<\/tr>\n<tr class=\"sub-title\">\n<td><strong>Configuration mat\u00e9rielle<\/strong><\/td>\n<td><\/td>\n<\/tr>\n<tr>\n<td>Mode de connexion r\u00e9seau<\/td>\n<td>Ethernet RJ45 10\/100M<\/td>\n<\/tr>\n<tr>\n<td>Taille du mineur (longueur*largeur*hauteur, sans emballage)<\/td>\n<td>400*195*290mm<\/td>\n<\/tr>\n<tr>\n<td>Taille du mineur (longueur * largeur * hauteur, avec emballage)<\/td>\n<td>570*316*430mm<\/td>\n<\/tr>\n<tr>\n<td>Poids net<\/td>\n<td>16,4 kg<\/td>\n<\/tr>\n<tr>\n<td>Poids brut<\/td>\n<td>18,1 kg<\/td>\n<\/tr>\n<tr class=\"sub-title\">\n<td><strong>Exigences environnementales<\/strong><\/td>\n<td><\/td>\n<\/tr>\n<tr>\n<td>Temp\u00e9rature de fonctionnement<\/td>\n<td>0~45\u00b0C<\/td>\n<\/tr>\n<tr>\n<td>Temp\u00e9rature de stockage<\/td>\n<td>-40~85\u00b0C<\/td>\n<\/tr>\n<tr>\n<td>Humidit\u00e9 de fonctionnement (sans condensation)<\/td>\n<td>10 ~ 90%RH<\/td>\n<\/tr>\n<tr>\n<td>Altitude de fonctionnement<\/td>\n<td>\u22642000m<\/td>\n<\/tr>\n<\/tbody>\n<\/table>\n<h2><span style=\"font-size: 16px;\">Algorithmes<\/span><\/h2>\n<\/div>\n<div id=\"tab-description\" class=\"woocommerce-Tabs-panel woocommerce-Tabs-panel--description panel entry-content wc-tab\" role=\"tabpanel\" aria-labelledby=\"tab-title-description\">\n<p>Algorithme : SHA-256<\/p>\n<p>Hashrate: 190 Th\/s<\/p>\n<p>Consumption: 3610W<\/p>\n<p>Pi\u00e8ces minables : Bitcoin<\/p>\n<h4>Air Cooling Bitcoin Miner<\/h4>\n<p>The Bitmain Antminer T21 miner not only excels in performance but also in its robust hardware configuration. With a power supply that accepts an AC input voltage of 380~415V and an input frequency range of 50~60Hz, it ensures stable and reliable operation. Its networking connection mode via RJ45 Ethernet 10\/100M facilitates easy connectivity, and the miner&#8217;s compact size (400<em>195<\/em>290 mm) avec un poids net de 16,4 kg le rend adapt\u00e9 \u00e0 une vari\u00e9t\u00e9 d&#039;installations mini\u00e8res. De plus, sa durabilit\u00e9 est encore am\u00e9lior\u00e9e par une altitude op\u00e9rationnelle allant jusqu&#039;\u00e0 2 000 m, ce qui en fait un choix polyvalent pour les mineurs \u00e0 la recherche d&#039;une solution d&#039;extraction de cryptomonnaie fiable et efficace.<\/p>\n<h2>Informations Compl\u00e9mentaires<\/h2>\n<ul>\n<li>Contactez-nous pour en savoir plus sur les d\u00e9tails des diff\u00e9rentes commandes. Le DDP (prix incluant les frais d'exp\u00e9dition et de douane) peut \u00e9galement \u00eatre disponible dans certains pays.<\/li>\n<li>Une commande ou une pr\u00e9commande ne peut en aucun cas \u00eatre annul\u00e9e, car elle est consid\u00e9r\u00e9e comme d\u00e9finitive une fois qu'elle a \u00e9t\u00e9 confirm\u00e9e par nos soins.<\/li>\n<\/ul>\n<\/div>","protected":false},"excerpt":{"rendered":"<p>Description The Bitmain Antminer T21, with its remarkable specifications, stands as a high-performance powerhouse in the world of cryptocurrency mining. Equipped with the SHA256 algorithm, it is tailored to mine popular cryptocurrencies like Bitcoin (BTC), Bitcoin Cash (BCH), and Bitcoin SV (BSV). Its impressive hashrate of 190TH\/s ensures efficient and rapid mining operations, making it [&hellip;]<\/p>","protected":false},"featured_media":2652,"comment_status":"open","ping_status":"closed","template":"","meta":[],"product_brand":[],"product_cat":[81,33,44],"product_tag":[],"class_list":{"0":"post-2171","1":"product","2":"type-product","3":"status-publish","4":"has-post-thumbnail","6":"product_cat-hot-selling","7":"product_cat-antminer","8":"product_cat-bitcoin-mining","10":"first","11":"instock","12":"shipping-taxable","13":"purchasable","14":"product-type-simple"},"_links":{"self":[{"href":"https:\/\/minersking.com\/fr\/wp-json\/wp\/v2\/product\/2171","targetHints":{"allow":["GET"]}}],"collection":[{"href":"https:\/\/minersking.com\/fr\/wp-json\/wp\/v2\/product"}],"about":[{"href":"https:\/\/minersking.com\/fr\/wp-json\/wp\/v2\/types\/product"}],"replies":[{"embeddable":true,"href":"https:\/\/minersking.com\/fr\/wp-json\/wp\/v2\/comments?post=2171"}],"wp:featuredmedia":[{"embeddable":true,"href":"https:\/\/minersking.com\/fr\/wp-json\/wp\/v2\/media\/2652"}],"wp:attachment":[{"href":"https:\/\/minersking.com\/fr\/wp-json\/wp\/v2\/media?parent=2171"}],"wp:term":[{"taxonomy":"product_brand","embeddable":true,"href":"https:\/\/minersking.com\/fr\/wp-json\/wp\/v2\/product_brand?post=2171"},{"taxonomy":"product_cat","embeddable":true,"href":"https:\/\/minersking.com\/fr\/wp-json\/wp\/v2\/product_cat?post=2171"},{"taxonomy":"product_tag","embeddable":true,"href":"https:\/\/minersking.com\/fr\/wp-json\/wp\/v2\/product_tag?post=2171"}],"curies":[{"name":"wp","href":"https:\/\/api.w.org\/{rel}","templated":true}]}}