{"id":2320,"date":"2024-02-29T08:40:43","date_gmt":"2024-02-29T08:40:43","guid":{"rendered":"http:\/\/minersking.com\/?post_type=product&#038;p=2320"},"modified":"2024-09-06T04:59:36","modified_gmt":"2024-09-06T04:59:36","slug":"bitmain-antminer-ks5-kaspa-miner-20t","status":"publish","type":"product","link":"https:\/\/minersking.com\/fr\/produit\/bitmain-antminer-ks5-kaspa-miner-20t\/","title":{"rendered":"Bitmain Antminer KS5 Kaspa Miner (20TH\/s)"},"content":{"rendered":"<p><strong>NOTE :<\/strong><\/p>\n<p>1 Si l'utilisateur n'utilise pas le produit conform\u00e9ment aux instructions, sp\u00e9cifications et conditions fournies, ou s'il modifie le r\u00e9glage de la fonction sans l'accord pr\u00e9alable de BITMAIN, BITMAIN ne sera pas responsable des dommages qui en d\u00e9coulent.<\/p>\n<p>(La valeur r\u00e9elle du taux de Hashrate fluctue de \u00b13%, et la puissance r\u00e9elle sur le mur et l'efficacit\u00e9 de la puissance sur le mur fluctuent de \u00b15%.<\/p>\n<p>(2-1) Attention : Une tension d'entr\u00e9e incorrecte peut endommager le serveur.<\/p>\n<p>(2-2) Un fil d'entr\u00e9e de 20 A.<\/p>\n<p>(2-3) Attention : Il est fortement recommand\u00e9 de ne pas d\u00e9passer cette valeur lors de la mise sous tension du miner.<\/p>\n<p>(2-4) Condition maximale : Le ventilateur est en dessous de la vitesse maximale de rotation par minute (RPM).<\/p>\n<p>(2-5) Lorsque le mineur est utilis\u00e9 \u00e0 une altitude comprise entre 900 et 2000 m\u00e8tres, la temp\u00e9rature de fonctionnement la plus \u00e9lev\u00e9e diminue de 1\u00b0C pour chaque augmentation de 300 m\u00e8tres.<\/p>\n<div class=\"table-wrapper\">\n<table>\n<tbody>\n<tr class=\"title\">\n<td>Aper\u00e7u du produit<\/td>\n<td><\/td>\n<\/tr>\n<tr>\n<td>Mod\u00e8le<\/td>\n<td>KS5<\/td>\n<\/tr>\n<tr>\n<td>Version<\/td>\n<td>KS1-20<\/td>\n<\/tr>\n<tr>\n<td>Sous<\/td>\n<td>Std<\/td>\n<\/tr>\n<tr>\n<td>Algorithme | Crypto-monnaie<\/td>\n<td>kHeavyHash | KAS<\/td>\n<\/tr>\n<tr>\n<td>Hashrate, TH\/s<sup>(1-1)<\/sup><\/td>\n<td>20<\/td>\n<\/tr>\n<tr>\n<td>Allumer le mur \u00e0 25\u00b0C, Watt<sup>(1-1)<\/sup><\/td>\n<td>3000<\/td>\n<\/tr>\n<tr>\n<td>Rendement \u00e9nerg\u00e9tique sur le mur \u00e0 25\u00b0C, J\/T<sup>(1-1)<\/sup><\/td>\n<td>150<\/td>\n<\/tr>\n<\/tbody>\n<\/table>\n<\/div>\n<div class=\"table-wrapper\">\n<table>\n<tbody>\n<tr class=\"title\">\n<td>Caract\u00e9ristiques d\u00e9taill\u00e9es<\/td>\n<td><\/td>\n<\/tr>\n<tr class=\"sub-title\">\n<td>Source de courant<\/td>\n<td><\/td>\n<\/tr>\n<tr>\n<td>Alimentation AC Plage de tension d'entr\u00e9e V<sup>(2-1)<\/sup><\/td>\n<td>220~277V AC<\/td>\n<\/tr>\n<tr>\n<td>Alimentation \u00e9lectrique Plage de fr\u00e9quence d&#039;entr\u00e9e CA, Hz<\/td>\n<td>47~63<\/td>\n<\/tr>\n<tr>\n<td>Alimentation en courant alternatif Courant d'entr\u00e9e, Amp<sup>(2-2)<\/sup><\/td>\n<td>20<\/td>\n<\/tr>\n<tr>\n<td>AC adapt\u00e9 Puissance de sortie requise W<sup>(2-3)<\/sup><\/td>\n<td>4000<\/td>\n<\/tr>\n<tr class=\"sub-title\">\n<td>Configuration mat\u00e9rielle<\/td>\n<td><\/td>\n<\/tr>\n<tr>\n<td>Mode de connexion r\u00e9seau<\/td>\n<td>Ethernet RJ45 10\/100M<\/td>\n<\/tr>\n<tr>\n<td>Taille du mineur (Longueur*Largeur*Hauteur, sans emballage), mm<\/td>\n<td>430*195.5*290<\/td>\n<\/tr>\n<tr>\n<td>Taille du mineur (longueur * largeur * hauteur, avec emballage), mm<\/td>\n<td>570*316*430<\/td>\n<\/tr>\n<tr>\n<td>Poids net, kg<\/td>\n<td>15.8<\/td>\n<\/tr>\n<tr>\n<td>Poids brut (kg<\/td>\n<td>17.7<\/td>\n<\/tr>\n<tr>\n<td>Bruit, dBA@25\u00b0C<sup>(2-4)<\/sup><\/td>\n<td>76<\/td>\n<\/tr>\n<tr class=\"sub-title\">\n<td>Exigences environnementales<\/td>\n<td><\/td>\n<\/tr>\n<tr>\n<td>Temp\u00e9rature de fonctionnement,\u00b0C<\/td>\n<td>0~40<\/td>\n<\/tr>\n<tr>\n<td>Temp\u00e9rature de stockage,\u00b0C<\/td>\n<td>-20~70<\/td>\n<\/tr>\n<tr>\n<td>Humidit\u00e9 de fonctionnement (sans condensation), RH<\/td>\n<td>10~90%<\/td>\n<\/tr>\n<tr>\n<td>Altitude de fonctionnement, m<sup>(2-5)<\/sup><\/td>\n<td>\u22642000<\/td>\n<\/tr>\n<\/tbody>\n<\/table>\n<\/div>\n<p>&nbsp;<\/p>\n<h3>Informations Compl\u00e9mentaires<\/h3>\n<p><strong>|<\/strong>\u00a0<strong>Directives d&#039;achat<\/strong><\/p>\n<ol>\n<li>Les frais d&#039;exp\u00e9dition, les frais de douane et les taxes (le cas \u00e9ch\u00e9ant) ne sont pas inclus dans le prix de vente indiqu\u00e9 ci-dessus. Bienvenue pour demander des d\u00e9tails pour une commande diff\u00e9rente.<br \/>\nPour certains pays, le service DDP (PRIX incluant les frais de douane et les frais d&#039;exp\u00e9dition) peut \u00e9galement \u00eatre fourni.<\/li>\n<li>Les images pr\u00e9sent\u00e9es sont uniquement \u00e0 titre de r\u00e9f\u00e9rence\u00a0; la version finale d\u2019exp\u00e9dition pr\u00e9vaudra.<\/li>\n<li>Nous vous prions de comprendre qu&#039;une fois qu&#039;une commande ou une pr\u00e9commande a \u00e9t\u00e9 pass\u00e9e aupr\u00e8s du Groupe BITMARS, elle est consid\u00e9r\u00e9e comme d\u00e9finitive et ne peut \u00eatre annul\u00e9e.<\/li>\n<\/ol>\n<p><strong>| Les d\u00e9tails d&#039;exp\u00e9dition<\/strong><\/p>\n<ol>\n<li>Les exp\u00e9ditions seront programm\u00e9es sur la base du premier pay\u00e9-premier exp\u00e9di\u00e9 pour les commandes pour lesquelles MinersKing a re\u00e7u le paiement int\u00e9gral.<\/li>\n<li>Pour les pr\u00e9commandes, la date de livraison sp\u00e9cifique d\u00e9pend de l'usine. En cas de mise \u00e0 jour du calendrier, MinersKing tiendra l'acheteur pleinement inform\u00e9.<\/li>\n<li>Cliquez ici pour t\u00e9l\u00e9charger les certificats de conformit\u00e9 et obtenir des informations suppl\u00e9mentaires sur le d\u00e9douanement des produits MinersKing.<\/li>\n<\/ol>\n<p><strong>| garantie<\/strong><\/p>\n<ol>\n<li>Veuillez noter que pour les mineurs de nouvelle marque 100%, la garantie est de 12 mois\/6 mois (jusqu&#039;\u00e0 une politique diff\u00e9rente de l&#039;usine) depuis la production en usine.<\/li>\n<li>MinersKing couvrira les frais d'exp\u00e9dition d'un appareil de remplacement pendant la p\u00e9riode de garantie.<\/li>\n<li>Si l'utilisateur n'utilise pas le produit conform\u00e9ment aux instructions, sp\u00e9cifications et conditions fournies ou s'il modifie les param\u00e8tres de fonctionnement de l'unit\u00e9 sans l'accord pr\u00e9alable de MinersKing, MinersKing ne sera pas responsable des dommages qui en r\u00e9sulteraient.<\/li>\n<\/ol>","protected":false},"excerpt":{"rendered":"<p>Mod\u00e8le\u00a0<b>Antminer KS5\u00a0<\/b>depuis\u00a0<b>Bitmain\u00a0<\/b><strong>exploitation mini\u00e8re<\/strong>\u00a0Algorithme KHeavyHash<b>\u00a0<\/b>avec un hashrate maximum de\u00a0<strong>20\u00c8ME<\/strong><b>\u00a0<\/b>pour une consommation \u00e9lectrique de\u00a0<strong>3000W<\/strong><b>.<\/b><\/p>\n<p>En raison de l'\u00e9volution rapide du march\u00e9, les prix des mineurs peuvent fluctuer \u00e0 plusieurs reprises, m\u00eame sur une courte p\u00e9riode. Veuillez confirmer le prix avec notre service des ventes avant d'effectuer le paiement.<\/p>","protected":false},"featured_media":2712,"comment_status":"open","ping_status":"closed","template":"","meta":[],"product_brand":[],"product_cat":[33,49],"product_tag":[],"class_list":{"0":"post-2320","1":"product","2":"type-product","3":"status-publish","4":"has-post-thumbnail","6":"product_cat-antminer","7":"product_cat-kaspa-mining","9":"first","10":"instock","11":"shipping-taxable","12":"purchasable","13":"product-type-simple"},"_links":{"self":[{"href":"https:\/\/minersking.com\/fr\/wp-json\/wp\/v2\/product\/2320","targetHints":{"allow":["GET"]}}],"collection":[{"href":"https:\/\/minersking.com\/fr\/wp-json\/wp\/v2\/product"}],"about":[{"href":"https:\/\/minersking.com\/fr\/wp-json\/wp\/v2\/types\/product"}],"replies":[{"embeddable":true,"href":"https:\/\/minersking.com\/fr\/wp-json\/wp\/v2\/comments?post=2320"}],"wp:featuredmedia":[{"embeddable":true,"href":"https:\/\/minersking.com\/fr\/wp-json\/wp\/v2\/media\/2712"}],"wp:attachment":[{"href":"https:\/\/minersking.com\/fr\/wp-json\/wp\/v2\/media?parent=2320"}],"wp:term":[{"taxonomy":"product_brand","embeddable":true,"href":"https:\/\/minersking.com\/fr\/wp-json\/wp\/v2\/product_brand?post=2320"},{"taxonomy":"product_cat","embeddable":true,"href":"https:\/\/minersking.com\/fr\/wp-json\/wp\/v2\/product_cat?post=2320"},{"taxonomy":"product_tag","embeddable":true,"href":"https:\/\/minersking.com\/fr\/wp-json\/wp\/v2\/product_tag?post=2320"}],"curies":[{"name":"wp","href":"https:\/\/api.w.org\/{rel}","templated":true}]}}