{"id":2340,"date":"2024-04-07T06:34:19","date_gmt":"2024-04-07T06:34:19","guid":{"rendered":"http:\/\/minersking.com\/?post_type=product&#038;p=2340"},"modified":"2024-08-30T06:20:24","modified_gmt":"2024-08-30T06:20:24","slug":"iceriver-ks5l-kaspa-miner-12th-s","status":"publish","type":"product","link":"https:\/\/minersking.com\/fr\/produit\/iceriver-ks5l-kaspa-miner-12th-s\/","title":{"rendered":"Iceriver KS5L Kaspa ASIC Miner (12Th\/s)"},"content":{"rendered":"<h2>Description<\/h2>\n<p><strong>Rivi\u00e8re Glac\u00e9e<\/strong> a lanc\u00e9 le KS5L en juin 2024, qui utilise la technologie <strong>Algorithme KHeavyHash<\/strong>. Il peut atteindre un hashrate maximum de <strong>12 TH\/s<\/strong> tout en consommant seulement <strong>3400W<\/strong> de pouvoir.<\/p>\n<h2>Caract\u00e9ristiques<\/h2>\n<table class=\"table table-striped\">\n<tbody>\n<tr>\n<th scope=\"row\">Marque<\/th>\n<td>Iceriver<\/td>\n<\/tr>\n<tr>\n<th scope=\"row\">Mod\u00e8le<\/th>\n<td>KS5L<\/td>\n<\/tr>\n<tr>\n<th scope=\"row\">\u00c9galement appel\u00e9<\/th>\n<td>Iceriver KS5L KAS Miner<\/td>\n<\/tr>\n<tr>\n<th scope=\"row\">Lancement<\/th>\n<td>avril 2024<\/td>\n<\/tr>\n<tr>\n<th scope=\"row\">Poids net<\/th>\n<td>15000g<\/td>\n<\/tr>\n<tr>\n<th scope=\"row\">Poids brut<\/th>\n<td>16500g<\/td>\n<\/tr>\n<tr>\n<th scope=\"row\">Niveau sonore<\/th>\n<td>75db<\/td>\n<\/tr>\n<tr>\n<th scope=\"row\">Size without\u00a0 package<\/th>\n<td>370 x 195 x 290mm<\/td>\n<\/tr>\n<tr>\n<th scope=\"row\">Taille avec<\/th>\n<td>490 x 300 x 400mm<\/td>\n<\/tr>\n<tr>\n<th scope=\"row\">Tension<\/th>\n<td>170-300V<\/td>\n<\/tr>\n<tr>\n<th scope=\"row\">Puissance<\/th>\n<td>3400W<\/td>\n<\/tr>\n<tr>\n<th scope=\"row\">Port r\u00e9seau<\/th>\n<td>Ethernet<\/td>\n<\/tr>\n<tr>\n<th scope=\"row\">Temp\u00e9rature<\/th>\n<td>0 - 35 \u00b0C<\/td>\n<\/tr>\n<\/tbody>\n<\/table>\n<h4 class=\"font-satoshi text-xl text-black dark:text-white md:text-xl lg:mb-2 lg:text-heading-5 xl:text-heading-5\">Algorithmes<\/h4>\n<p>Algorithme : KHeavyHash<\/p>\n<p>Hashrate : 12Th\/s<\/p>\n<p>Consommation : 3400W<\/p>\n<p>Pi\u00e8ces exploitables : Kaspa<\/p>\n<h4>Refroidissement par air Kaspa Miner<\/h4>\n<p>Iceriver a lanc\u00e9 un nouveau mineur Kaspa appel\u00e9 KS5L en avril 2024. Il a un hashrate de 12 TH\/s et utilise 3400 W de puissance pour miner des pi\u00e8ces de Kaspa. Avec ses performances efficaces et sa faible consommation d'\u00e9nergie, la rentabilit\u00e9 de l'Iceriver KS5L se classe parmi les meilleures pour l'extraction de pi\u00e8ces Kaspa.<\/p>\n<p>La c\u00e9l\u00e8bre marque Iceriver a finement optimis\u00e9 son produit pour l'algorithme KHeavyHash. Il est dot\u00e9 d'un syst\u00e8me de refroidissement par air qui permet d'\u00e9vacuer la chaleur produite pendant le processus de minage de crypto-monnaies. Nous recommandons vivement cette plateforme de minage Kaspa \u00e0 tous ceux qui souhaitent miner des pi\u00e8ces Kaspa de mani\u00e8re efficace et rentable.<\/p>","protected":false},"excerpt":{"rendered":"<p>Description IceRiver launched the KS5L in June 2024, which uses the KHeavyHash algorithm. It can achieve a maximum hashrate of 12 TH\/s while consuming only 3400W of power. Specifications Brand Iceriver Model KS5L Also called Iceriver KS5L KAS Miner Launch April 2024 Net Weight 15000g Gross Weight 16500g Noise level 75db Size without\u00a0 package 370 [&hellip;]<\/p>","protected":false},"featured_media":2650,"comment_status":"open","ping_status":"closed","template":"","meta":[],"product_brand":[],"product_cat":[81,36],"product_tag":[],"class_list":{"0":"post-2340","1":"product","2":"type-product","3":"status-publish","4":"has-post-thumbnail","6":"product_cat-hot-selling","7":"product_cat-iceriver","9":"first","10":"instock","11":"shipping-taxable","12":"purchasable","13":"product-type-simple"},"_links":{"self":[{"href":"https:\/\/minersking.com\/fr\/wp-json\/wp\/v2\/product\/2340","targetHints":{"allow":["GET"]}}],"collection":[{"href":"https:\/\/minersking.com\/fr\/wp-json\/wp\/v2\/product"}],"about":[{"href":"https:\/\/minersking.com\/fr\/wp-json\/wp\/v2\/types\/product"}],"replies":[{"embeddable":true,"href":"https:\/\/minersking.com\/fr\/wp-json\/wp\/v2\/comments?post=2340"}],"wp:featuredmedia":[{"embeddable":true,"href":"https:\/\/minersking.com\/fr\/wp-json\/wp\/v2\/media\/2650"}],"wp:attachment":[{"href":"https:\/\/minersking.com\/fr\/wp-json\/wp\/v2\/media?parent=2340"}],"wp:term":[{"taxonomy":"product_brand","embeddable":true,"href":"https:\/\/minersking.com\/fr\/wp-json\/wp\/v2\/product_brand?post=2340"},{"taxonomy":"product_cat","embeddable":true,"href":"https:\/\/minersking.com\/fr\/wp-json\/wp\/v2\/product_cat?post=2340"},{"taxonomy":"product_tag","embeddable":true,"href":"https:\/\/minersking.com\/fr\/wp-json\/wp\/v2\/product_tag?post=2340"}],"curies":[{"name":"wp","href":"https:\/\/api.w.org\/{rel}","templated":true}]}}