{"id":2387,"date":"2024-04-15T16:26:15","date_gmt":"2024-04-15T16:26:15","guid":{"rendered":"http:\/\/minersking.com\/?post_type=product&#038;p=2387"},"modified":"2024-08-22T02:31:57","modified_gmt":"2024-08-22T02:31:57","slug":"geforce-rtx-4070","status":"publish","type":"product","link":"https:\/\/minersking.com\/fr\/produit\/geforce-rtx-4070\/","title":{"rendered":"GeForce RTX\u2122 4070"},"content":{"rendered":"<table style=\"border-collapse: collapse; width: 656.02pt;\" border=\"0\" width=\"656\" cellspacing=\"0\" cellpadding=\"0\">\n<tbody>\n<tr style=\"height: 31.00pt;\">\n<td style=\"height: 31.00pt; width: 184.20pt;\" width=\"184\" height=\"31\">NOM DU MOD\u00c8LE<\/td>\n<td style=\"width: 472.45pt;\" width=\"472\">GeForce RTX\u2122 4070 GAMING X TRIO 12G<\/td>\n<\/tr>\n<tr style=\"height: 31.00pt;\">\n<td style=\"height: 31.00pt;\" height=\"31\">\u7e6a\u5716\u5f15\u64ce<\/td>\n<td>NVIDIA\u00ae GeForce RTX\u2122 4070<\/td>\n<\/tr>\n<tr style=\"height: 31.00pt;\">\n<td style=\"height: 31.00pt;\" height=\"31\">\u79d1\u6280\u4ecb\u9762<\/td>\n<td>PCI Express\u00ae Gen 4<\/td>\n<\/tr>\n<tr style=\"height: 31.00pt;\">\n<td style=\"height: 31.00pt;\" height=\"31\">\u52d5\u614b \/ \u6838\u5fc3\u6642\u8108(MHZ)<\/td>\n<td class=\"et2\" style=\"width: 472.45pt;\" width=\"472\">Performance extr\u00eame : 2625 MHz (MSI Center)<br \/>\nBoost : 2610 MHz<\/td>\n<\/tr>\n<tr style=\"height: 31.00pt;\">\n<td style=\"height: 31.00pt;\" height=\"31\">CORES<\/td>\n<td>5888 Unit\u00e9s<\/td>\n<\/tr>\n<tr style=\"height: 31.00pt;\">\n<td style=\"height: 31.00pt;\" height=\"31\">\u8a18\u61b6\u9ad4\u901f\u5ea6<\/td>\n<td>21 Gbps<\/td>\n<\/tr>\n<tr style=\"height: 31.00pt;\">\n<td style=\"height: 31.00pt;\" height=\"31\">M\u00c9MOIRE<\/td>\n<td>12GB GDDR6X<\/td>\n<\/tr>\n<tr style=\"height: 31.00pt;\">\n<td style=\"height: 31.00pt;\" height=\"31\">\u8a18\u61b6\u9ad4\u4ecb\u9762<\/td>\n<td>192 bits<\/td>\n<\/tr>\n<tr style=\"height: 31.00pt;\">\n<td style=\"height: 31.00pt;\" height=\"31\">SORTIE<\/td>\n<td class=\"et2\" style=\"width: 472.45pt;\" width=\"472\">DisplayPort x 3 (v1.4a)<br \/>\nHDMI\u2122 x 1 (prend en charge le HDR 4K@120Hz, le HDR 8K@60Hz et le taux de rafra\u00eechissement variable comme sp\u00e9cifi\u00e9 dans HDMI\u2122 2.1a).<\/td>\n<\/tr>\n<tr style=\"height: 31.00pt;\">\n<td style=\"height: 31.00pt;\" height=\"31\">HDCP \u652f\u63f4<\/td>\n<td>Y<\/td>\n<\/tr>\n<tr style=\"height: 31.00pt;\">\n<td style=\"height: 31.00pt;\" height=\"31\">\u529f\u8017(W)<\/td>\n<td>215 W<\/td>\n<\/tr>\n<tr style=\"height: 31.00pt;\">\n<td style=\"height: 31.00pt;\" height=\"31\">\u4f9b\u96fb\u63a5\u53e3<\/td>\n<td>16 broches x1<\/td>\n<\/tr>\n<tr style=\"height: 31.00pt;\">\n<td style=\"height: 31.00pt;\" height=\"31\">\u5efa\u8b70\u96fb\u6e90\u4f9b\u61c9(W)<\/td>\n<td>650 W<\/td>\n<\/tr>\n<tr style=\"height: 31.00pt;\">\n<td style=\"height: 31.00pt;\" height=\"31\">\u986f\u793a\u5361\u5c3a\u5bf8(MM)<\/td>\n<td>338 x 141 x 52 mm<\/td>\n<\/tr>\n<tr style=\"height: 31.00pt;\">\n<td style=\"height: 31.00pt;\" height=\"31\">\u91cd\u91cf (\u986f\u793a\u5361 \/ \u5305\u88dd\u76d2)<\/td>\n<td>1214 g \/ 2143 g<\/td>\n<\/tr>\n<tr style=\"height: 31.00pt;\">\n<td style=\"height: 31.00pt;\" height=\"31\">DIRECTX \u652f\u63f4\u7248\u672c<\/td>\n<td>12 Ultime<\/td>\n<\/tr>\n<tr style=\"height: 31.00pt;\">\n<td style=\"height: 31.00pt;\" height=\"31\">OPENGL \u652f\u63f4\u7248\u672c<\/td>\n<td class=\"et3\">4.6<\/td>\n<\/tr>\n<tr style=\"height: 31.00pt;\">\n<td style=\"height: 31.00pt;\" height=\"31\">\u6700\u5927\u87a2\u5e55\u8f38\u51fa\u6578\u91cf<\/td>\n<td class=\"et3\">4<\/td>\n<\/tr>\n<tr style=\"height: 31.00pt;\">\n<td style=\"height: 31.00pt;\" height=\"31\">TECHNOLOGIE G-SYNC<\/td>\n<td>Y<\/td>\n<\/tr>\n<tr style=\"height: 31.00pt;\">\n<td style=\"height: 31.00pt;\" height=\"31\">R\u00c9SOLUTION NUM\u00c9RIQUE MAXIMALE<\/td>\n<td>7680&#215;4320<\/td>\n<\/tr>\n<tr style=\"height: 31.00pt;\">\n<td style=\"height: 31.00pt;\" height=\"31\">SUPPORT NVLINK<\/td>\n<td>Y<\/td>\n<\/tr>\n<\/tbody>\n<\/table>","protected":false},"excerpt":{"rendered":"<p>MODEL NAME GeForce RTX\u2122 4070 GAMING X TRIO 12G \u7e6a\u5716\u5f15\u64ce NVIDIA\u00ae GeForce RTX\u2122 4070 \u79d1\u6280\u4ecb\u9762 PCI Express\u00ae Gen 4 \u52d5\u614b \/ \u6838\u5fc3\u6642\u8108(MHZ) Extreme Performance: 2625 MHz (MSI Center) Boost: 2610 MHz CORES 5888 Units \u8a18\u61b6\u9ad4\u901f\u5ea6 21 Gbps MEMORY 12GB GDDR6X \u8a18\u61b6\u9ad4\u4ecb\u9762 192-bit OUTPUT DisplayPort x 3(v1.4a) HDMI\u2122 x 1 (Supports 4K@120Hz HDR, 8K@60Hz HDR, and [&hellip;]<\/p>","protected":false},"featured_media":2388,"comment_status":"open","ping_status":"closed","template":"","meta":[],"product_brand":[],"product_cat":[15],"product_tag":[],"class_list":{"0":"post-2387","1":"product","2":"type-product","3":"status-publish","4":"has-post-thumbnail","6":"product_cat-graphics-cards","8":"first","9":"instock","10":"shipping-taxable","11":"purchasable","12":"product-type-simple"},"_links":{"self":[{"href":"https:\/\/minersking.com\/fr\/wp-json\/wp\/v2\/product\/2387","targetHints":{"allow":["GET"]}}],"collection":[{"href":"https:\/\/minersking.com\/fr\/wp-json\/wp\/v2\/product"}],"about":[{"href":"https:\/\/minersking.com\/fr\/wp-json\/wp\/v2\/types\/product"}],"replies":[{"embeddable":true,"href":"https:\/\/minersking.com\/fr\/wp-json\/wp\/v2\/comments?post=2387"}],"wp:featuredmedia":[{"embeddable":true,"href":"https:\/\/minersking.com\/fr\/wp-json\/wp\/v2\/media\/2388"}],"wp:attachment":[{"href":"https:\/\/minersking.com\/fr\/wp-json\/wp\/v2\/media?parent=2387"}],"wp:term":[{"taxonomy":"product_brand","embeddable":true,"href":"https:\/\/minersking.com\/fr\/wp-json\/wp\/v2\/product_brand?post=2387"},{"taxonomy":"product_cat","embeddable":true,"href":"https:\/\/minersking.com\/fr\/wp-json\/wp\/v2\/product_cat?post=2387"},{"taxonomy":"product_tag","embeddable":true,"href":"https:\/\/minersking.com\/fr\/wp-json\/wp\/v2\/product_tag?post=2387"}],"curies":[{"name":"wp","href":"https:\/\/api.w.org\/{rel}","templated":true}]}}