{"id":2470,"date":"2024-05-21T07:30:33","date_gmt":"2024-05-21T07:30:33","guid":{"rendered":"http:\/\/minersking.com\/?post_type=product&#038;p=2470"},"modified":"2024-08-21T10:58:52","modified_gmt":"2024-08-21T10:58:52","slug":"mc40-immersion-cooling-container","status":"publish","type":"product","link":"https:\/\/minersking.com\/fr\/produit\/mc40-immersion-cooling-container\/","title":{"rendered":"MC40 - R\u00e9cipient r\u00e9frig\u00e9rant \u00e0 immersion"},"content":{"rendered":"<h3>Caract\u00e9ristiques<\/h3>\n<div class=\"wd-negative-gap elementor-element elementor-element-33ba7dd e-flex e-con-boxed e-con e-parent\" data-id=\"33ba7dd\" data-element_type=\"container\" data-settings=\"{&quot;content_width&quot;:&quot;boxed&quot;}\" data-core-v316-plus=\"true\">\n<div class=\"e-con-inner\">\n<div class=\"elementor-element elementor-element-0145574 elementor-widget elementor-widget-wd_text_block\" data-id=\"0145574\" data-element_type=\"widget\" data-widget_type=\"wd_text_block.default\">\n<div class=\"elementor-widget-container\">\n<div class=\"wd-text-block reset-last-child text-left\">\n<table>\n<tbody>\n<tr>\n<td width=\"284\">Taille ext\u00e9rieure<\/td>\n<td width=\"284\">12192*2438*2896<\/td>\n<\/tr>\n<tr>\n<td>Poids en ordre de marche (T)<\/td>\n<td>\u00a023<\/td>\n<\/tr>\n<tr>\n<td width=\"284\">Volume du liquide de refroidissement (L)<\/td>\n<td width=\"284\">13000<\/td>\n<\/tr>\n<tr>\n<td width=\"284\">Mode de refroidissement<\/td>\n<td width=\"284\">\u00a0Boucle simple<\/td>\n<\/tr>\n<tr>\n<td width=\"284\">Capacit\u00e9 des mineurs<\/td>\n<td width=\"284\">320 M66\/M56<\/td>\n<\/tr>\n<tr>\n<td>Quantit\u00e9 du r\u00e9servoir<\/td>\n<td>R\u00e9servoir M20 * 16<\/td>\n<\/tr>\n<tr>\n<td>Temp\u00e9rature ambiante<\/td>\n<td>-25\u00b0C~ 55\u00b0C<\/td>\n<\/tr>\n<tr>\n<td>Tension d&#039;entr\u00e9e<\/td>\n<td>Triphas\u00e9 350-480V 50\/60Hz<\/td>\n<\/tr>\n<tr>\n<td>Puissance maximale (kW)<\/td>\n<td>2632<\/td>\n<\/tr>\n<tr>\n<td>Tension de sortie<\/td>\n<td>Triphas\u00e9 350-480V 50\/60Hz<\/td>\n<\/tr>\n<tr>\n<td>Certification de s\u00e9curit\u00e9<\/td>\n<td>CE\/UL<\/td>\n<\/tr>\n<tr>\n<td>Puissance de fonctionnement (kW)<\/td>\n<td>124<\/td>\n<\/tr>\n<tr>\n<td>Armoires de distribution d'\u00e9nergie(A)<\/td>\n<td>2000A*2<\/td>\n<\/tr>\n<tr>\n<td>PDU intelligente<\/td>\n<td>16<\/td>\n<\/tr>\n<tr>\n<td>Compteur intelligent<\/td>\n<td>\u221a<\/td>\n<\/tr>\n<tr>\n<td>Capacit\u00e9 de refroidissement (kW)<\/td>\n<td>2240<\/td>\n<\/tr>\n<tr>\n<td>Type de refroidissement<\/td>\n<td>Refroidisseur \u00e0 sec \/ Tour de refroidissement \u00e0 eau ferm\u00e9e<\/td>\n<\/tr>\n<tr>\n<td>Temp\u00e9rature d'entr\u00e9e maximale (\u2103)<\/td>\n<td>47<\/td>\n<\/tr>\n<tr>\n<td>Temp\u00e9rature de sortie maximale (\u2103)<\/td>\n<td>60<\/td>\n<\/tr>\n<tr>\n<td>Temp\u00e9rature de r\u00e9f\u00e9rence (\u2103)<\/td>\n<td>30<\/td>\n<\/tr>\n<tr>\n<td>Certification des conteneurs<\/td>\n<td>Certification de la soci\u00e9t\u00e9 de classification chinoise<\/td>\n<\/tr>\n<tr>\n<td>Composants des conteneurs<\/td>\n<td>Y compris syst\u00e8me d'\u00e9clairage LED, syst\u00e8me de ventilation, filtre \u00e0 air, capteurs de temp\u00e9rature \u00e0 distance, capteurs de fum\u00e9e \u00e0 distance, CCTV<\/td>\n<\/tr>\n<tr>\n<td>Gestion \u00e0 distance<\/td>\n<td>Prise en charge de la surveillance \u00e0 distance du syst\u00e8me de refroidissement liquide (niveau de liquide, temp\u00e9rature, tension, etc.)<\/td>\n<\/tr>\n<tr>\n<td>Cycle de vie des services<\/td>\n<td>10 ans<\/td>\n<\/tr>\n<\/tbody>\n<\/table>\n<\/div>\n<\/div>\n<\/div>\n<\/div>\n<\/div>","protected":false},"excerpt":{"rendered":"<p>Specifications Outer size 12192*2438*2896 Operating Weight (T) \u00a023 Coolant Volume (L) 13000 Cooling Mode \u00a0Single loop Miner Capacity 320 M66\/M56 Tank Quantity M20 Tank * 16 Ambient Temperature -25\u00b0C~ 55\u00b0C Input Voltage 3-phase 350-480V 50\/60Hz Max Power Load (kW) 2632 Output Voltage 3-phase 350-480V 50\/60Hz Safety Certification CE\/UL Operating Power(kW) 124 Power Distribution Cabinets(A) 2000A*2 [&hellip;]<\/p>","protected":false},"featured_media":2471,"comment_status":"open","ping_status":"closed","template":"","meta":[],"product_brand":[],"product_cat":[73,76],"product_tag":[],"class_list":{"0":"post-2470","1":"product","2":"type-product","3":"status-publish","4":"has-post-thumbnail","6":"product_cat-mining-solution","7":"product_cat-m-series-for-whatsminer-m56-m66","9":"first","10":"instock","11":"shipping-taxable","12":"purchasable","13":"product-type-simple"},"_links":{"self":[{"href":"https:\/\/minersking.com\/fr\/wp-json\/wp\/v2\/product\/2470","targetHints":{"allow":["GET"]}}],"collection":[{"href":"https:\/\/minersking.com\/fr\/wp-json\/wp\/v2\/product"}],"about":[{"href":"https:\/\/minersking.com\/fr\/wp-json\/wp\/v2\/types\/product"}],"replies":[{"embeddable":true,"href":"https:\/\/minersking.com\/fr\/wp-json\/wp\/v2\/comments?post=2470"}],"wp:featuredmedia":[{"embeddable":true,"href":"https:\/\/minersking.com\/fr\/wp-json\/wp\/v2\/media\/2471"}],"wp:attachment":[{"href":"https:\/\/minersking.com\/fr\/wp-json\/wp\/v2\/media?parent=2470"}],"wp:term":[{"taxonomy":"product_brand","embeddable":true,"href":"https:\/\/minersking.com\/fr\/wp-json\/wp\/v2\/product_brand?post=2470"},{"taxonomy":"product_cat","embeddable":true,"href":"https:\/\/minersking.com\/fr\/wp-json\/wp\/v2\/product_cat?post=2470"},{"taxonomy":"product_tag","embeddable":true,"href":"https:\/\/minersking.com\/fr\/wp-json\/wp\/v2\/product_tag?post=2470"}],"curies":[{"name":"wp","href":"https:\/\/api.w.org\/{rel}","templated":true}]}}