{"id":2482,"date":"2024-05-21T07:46:25","date_gmt":"2024-05-21T07:46:25","guid":{"rendered":"http:\/\/minersking.com\/?post_type=product&#038;p=2482"},"modified":"2024-08-22T02:20:16","modified_gmt":"2024-08-22T02:20:16","slug":"bc10-mega-immersion-cooling-container","status":"publish","type":"product","link":"https:\/\/minersking.com\/fr\/produit\/bc10-mega-immersion-cooling-container\/","title":{"rendered":"BC10 MEGA - R\u00e9cipient de refroidissement par immersion"},"content":{"rendered":"<h3>Caract\u00e9ristiques<\/h3>\n<table>\n<tbody>\n<tr>\n<td>-<\/td>\n<td>\n<h4>BASIC<\/h4>\n<\/td>\n<td>\n<h4>PRO<\/h4>\n<\/td>\n<\/tr>\n<tr>\n<td><strong>Dimensions (L*L*H) (mm)<\/strong><\/td>\n<td>2991*2438*2591<\/td>\n<td>2991*2438*2591<\/td>\n<\/tr>\n<tr>\n<td><strong>Poids d'exp\u00e9dition(T)<\/strong><\/td>\n<td>3<\/td>\n<td>3<\/td>\n<\/tr>\n<tr>\n<td><strong>Poids en ordre de marche(T)<\/strong><\/td>\n<td>6<\/td>\n<td>6<\/td>\n<\/tr>\n<tr>\n<td><strong>Capacit\u00e9 du liquide de refroidissement (L)<\/strong><\/td>\n<td>3600<\/td>\n<td>3600<\/td>\n<\/tr>\n<tr>\n<td><strong>Mode cycle<\/strong><\/td>\n<td>Boucle simple<\/td>\n<td>Boucle simple<\/td>\n<\/tr>\n<tr>\n<td><strong>Capacit\u00e9 des mineurs<\/strong><\/td>\n<td>96 S19\/M50<\/td>\n<td>96 S19\/M50<\/td>\n<\/tr>\n<tr>\n<td><strong>Quantit\u00e9 du r\u00e9servoir<\/strong><\/td>\n<td>R\u00e9servoir B24*4<\/td>\n<td>R\u00e9servoir B24*4<\/td>\n<\/tr>\n<tr>\n<td><strong>Temp\u00e9rature de fonctionnement (\u2103)<\/strong><\/td>\n<td>-25\u00b0C ~55\u2103<\/td>\n<td>-25\u00b0C ~55\u2103<\/td>\n<\/tr>\n<tr>\n<td><strong>\u00a0<\/strong><\/td>\n<td><\/td>\n<td><\/td>\n<\/tr>\n<\/tbody>\n<\/table>\n<div class=\"wd-negative-gap elementor-element elementor-element-ab0bb3f e-flex e-con-boxed e-con e-parent\" data-id=\"ab0bb3f\" data-element_type=\"container\" data-settings=\"{&quot;content_width&quot;:&quot;boxed&quot;}\" data-core-v316-plus=\"true\">\n<div class=\"e-con-inner\">\n<div class=\"elementor-element elementor-element-05d6fc7 elementor-widget elementor-widget-wd_text_block\" data-id=\"05d6fc7\" data-element_type=\"widget\" data-widget_type=\"wd_text_block.default\">\n<div class=\"elementor-widget-container\">\n<div class=\"wd-text-block reset-last-child text-left\">\n<h5 class=\"h2\">Performances \u00e9lectriques (- \/\u2713 optionnel\/standard)<\/h5>\n<table>\n<tbody>\n<tr>\n<td>-<\/td>\n<td>\n<h4>BASIC<\/h4>\n<\/td>\n<td>\n<h4>PRO<\/h4>\n<\/td>\n<\/tr>\n<tr>\n<td><strong>Tension et fr\u00e9quence d'entr\u00e9e<\/strong><\/td>\n<td>Triphas\u00e9 350-480V 50\/60Hz<\/td>\n<td>Triphas\u00e9 350-480V 50\/60Hz<\/td>\n<\/tr>\n<tr>\n<td><strong>Puissance maximale (kW)<\/strong><\/td>\n<td>444<\/td>\n<td>706<\/td>\n<\/tr>\n<tr>\n<td><strong>Tension et fr\u00e9quence de sortie<\/strong><\/td>\n<td>Monophas\u00e9 200-277V 50\/60Hz<\/td>\n<td>Monophas\u00e9 200-277V 50\/60Hz<\/td>\n<\/tr>\n<tr>\n<td><strong>Certification de s\u00e9curit\u00e9<\/strong><\/td>\n<td>CE\/UL<\/td>\n<td>CE\/UL<\/td>\n<\/tr>\n<tr>\n<td><strong>Puissance de fonctionnement (kW)<\/strong><\/td>\n<td>25<\/td>\n<td>33<\/td>\n<\/tr>\n<tr>\n<td><strong>Armoires de distribution d'\u00e9nergie(A)<\/strong><\/td>\n<td>630Ax1 *1<\/td>\n<td>1000Ax1 *1<\/td>\n<\/tr>\n<tr>\n<td><strong>PDU<\/strong><\/td>\n<td>Smart PDU * 4<\/td>\n<td>Smart PDU * 8<\/td>\n<\/tr>\n<tr>\n<td><strong>C\u00e2ble d'entr\u00e9e<\/strong><\/td>\n<td>Les c\u00e2bles d'entr\u00e9e peuvent supporter une haute tension sup\u00e9rieure \u00e0 600V, avec les exigences suivantes par phase:L1 C\u00e2ble \u00e0 4 fils 1AWG(42.4mm x4) x1 *1L2 C\u00e2ble \u00e0 4 fils 1AWG(42.4mm x4) x1 *1L3 C\u00e2ble \u00e0 4 fils 1AWG(42.4mm x4) x1 *1N C\u00e2ble \u00e0 4 fils 1AWG(42.4mm x4) x1 *1PE C\u00e2ble \u00e0 1 fil 1AWG(42.4mm) x1 *1<\/td>\n<td>Les c\u00e2bles d'entr\u00e9e peuvent supporter une haute tension sup\u00e9rieure \u00e0 600V, avec les exigences suivantes par phase:L1 C\u00e2ble \u00e0 4 fils 3\/0AWG(85mm x4) x1 *1L2 C\u00e2ble \u00e0 4 fils 3\/0AWG(85mm x4) x1 *1L3 C\u00e2ble \u00e0 4 fils 3\/0AWG(85mm x4) x1 *1N C\u00e2ble \u00e0 4 fils 3\/0AWG(85mm x4) x1 *1PE C\u00e2ble \u00e0 1 fil 3\/0AWG(85mm) x1 *1<\/td>\n<\/tr>\n<tr>\n<td><strong>Compteur intelligent<\/strong><\/td>\n<td>-<\/td>\n<td>\u2713<\/td>\n<\/tr>\n<tr>\n<td><strong>C\u00e2blage int\u00e9gr\u00e9<\/strong><\/td>\n<td>\u2713<\/td>\n<td>\u2713<\/td>\n<\/tr>\n<tr>\n<td><strong>R\u00e9seau<\/strong><\/td>\n<td>\u2713<\/td>\n<td>\u2713<\/td>\n<\/tr>\n<tr>\n<td><strong>UPS<\/strong><\/td>\n<td>-<\/td>\n<td>-<\/td>\n<\/tr>\n<tr>\n<td><strong>DOCUP<\/strong><\/td>\n<td>\u2713<\/td>\n<td>\u2713<\/td>\n<\/tr>\n<\/tbody>\n<\/table>\n<\/div>\n<\/div>\n<\/div>\n<\/div>\n<\/div>\n<div class=\"wd-negative-gap elementor-element elementor-element-e0df9a9 e-flex e-con-boxed e-con e-parent\" data-id=\"e0df9a9\" data-element_type=\"container\" data-settings=\"{&quot;content_width&quot;:&quot;boxed&quot;}\" data-core-v316-plus=\"true\">\n<div class=\"e-con-inner\">\n<div class=\"elementor-element elementor-element-e7d1c39 e-con-full e-flex e-con e-child\" data-id=\"e7d1c39\" data-element_type=\"container\" data-settings=\"{&quot;content_width&quot;:&quot;full&quot;}\">\n<div class=\"elementor-element elementor-element-48912e1 elementor-widget elementor-widget-wd_text_block\" data-id=\"48912e1\" data-element_type=\"widget\" data-widget_type=\"wd_text_block.default\">\n<div class=\"elementor-widget-container\">\n<div class=\"wd-text-block reset-last-child text-left\">\n<h4><\/h4>\n<h4>Capacit\u00e9 de refroidissement<\/h4>\n<table>\n<tbody>\n<tr>\n<td>-<\/td>\n<td>\n<h4>BASIC<\/h4>\n<\/td>\n<td>\n<h4>PRO<\/h4>\n<\/td>\n<\/tr>\n<tr>\n<td><strong>Capacit\u00e9 de refroidissement (kW)<\/strong><\/td>\n<td>360<\/td>\n<td>480<\/td>\n<\/tr>\n<tr>\n<td><strong>Type de refroidissement<\/strong><\/td>\n<td>Tour de refroidissement \u00e0 eau ferm\u00e9e<\/p>\n<p>ou Refroidisseur \u00e0 sec<\/td>\n<td>Tour de refroidissement \u00e0 eau ferm\u00e9e<\/p>\n<p>ou Refroidisseur \u00e0 sec<\/td>\n<\/tr>\n<tr>\n<td><strong>Temp\u00e9rature d'entr\u00e9e (\u2103)<\/strong><\/td>\n<td>45<\/td>\n<td>45<\/td>\n<\/tr>\n<tr>\n<td><strong>Temp\u00e9rature de sortie (\u2103)<\/strong><\/td>\n<td>60<\/td>\n<td>60<\/td>\n<\/tr>\n<tr>\n<td><strong>Temp\u00e9rature de r\u00e9f\u00e9rence (\u2103)<\/strong><\/td>\n<td>35<\/td>\n<td>35<\/td>\n<\/tr>\n<\/tbody>\n<\/table>\n<\/div>\n<\/div>\n<\/div>\n<\/div>\n<\/div>\n<\/div>","protected":false},"excerpt":{"rendered":"<p>Specifications \u2013 BASIC PRO Dimensions(L*W*H)(mm) 2991*2438*2591 2991*2438*2591 Shipping Weight(T) 3 3 Operating Weight(T) 6 6 Coolant Capacity (L) 3600 3600 Cycle Mode Single loop Single loop Miner Capacity 96 S19\/M50 96 S19\/M50 Tank Quantity B24 Tank*4 B24 Tank*4 Operating Temperature(\u2103) -25\u00b0C ~55\u2103 -25\u00b0C ~55\u2103 \u00a0 Electrical Performance (- \/\u2713 optional\/standard) \u2013 BASIC PRO Input Voltage [&hellip;]<\/p>","protected":false},"featured_media":2483,"comment_status":"open","ping_status":"closed","template":"","meta":[],"product_brand":[],"product_cat":[73,77],"product_tag":[],"class_list":{"0":"post-2482","1":"product","2":"type-product","3":"status-publish","4":"has-post-thumbnail","6":"product_cat-mining-solution","7":"product_cat-bc-series-immersive-mining-container","9":"first","10":"instock","11":"shipping-taxable","12":"purchasable","13":"product-type-simple"},"_links":{"self":[{"href":"https:\/\/minersking.com\/fr\/wp-json\/wp\/v2\/product\/2482","targetHints":{"allow":["GET"]}}],"collection":[{"href":"https:\/\/minersking.com\/fr\/wp-json\/wp\/v2\/product"}],"about":[{"href":"https:\/\/minersking.com\/fr\/wp-json\/wp\/v2\/types\/product"}],"replies":[{"embeddable":true,"href":"https:\/\/minersking.com\/fr\/wp-json\/wp\/v2\/comments?post=2482"}],"wp:featuredmedia":[{"embeddable":true,"href":"https:\/\/minersking.com\/fr\/wp-json\/wp\/v2\/media\/2483"}],"wp:attachment":[{"href":"https:\/\/minersking.com\/fr\/wp-json\/wp\/v2\/media?parent=2482"}],"wp:term":[{"taxonomy":"product_brand","embeddable":true,"href":"https:\/\/minersking.com\/fr\/wp-json\/wp\/v2\/product_brand?post=2482"},{"taxonomy":"product_cat","embeddable":true,"href":"https:\/\/minersking.com\/fr\/wp-json\/wp\/v2\/product_cat?post=2482"},{"taxonomy":"product_tag","embeddable":true,"href":"https:\/\/minersking.com\/fr\/wp-json\/wp\/v2\/product_tag?post=2482"}],"curies":[{"name":"wp","href":"https:\/\/api.w.org\/{rel}","templated":true}]}}