{"id":2529,"date":"2024-07-02T08:18:24","date_gmt":"2024-07-02T08:18:24","guid":{"rendered":"https:\/\/minersking.com\/?post_type=product&#038;p=2529"},"modified":"2024-08-30T06:19:23","modified_gmt":"2024-08-30T06:19:23","slug":"iceriver-ks0-ultra-400gh-s-100w-kaspa-miner","status":"publish","type":"product","link":"https:\/\/minersking.com\/fr\/produit\/iceriver-ks0-ultra-400gh-s-100w-kaspa-miner\/","title":{"rendered":"Iceriver KS0 Ultra Kaspa ASIC Home Miner (400GH\/s)"},"content":{"rendered":"<h3>Description<\/h3>\n<p><strong>IceRiver KS0 Ultra is<\/strong> released in May 2024, which uses the <strong>Algorithme KHeavyHash<\/strong>. Il peut atteindre un taux maximal de<strong> 400 GH\/s<\/strong> et n'utilise que des <strong>100W<\/strong>\u00a0de pouvoir.<\/p>\n<h3>Sp\u00e9cifications<\/h3>\n<table border=\"0\" width=\"247\" cellspacing=\"0\" cellpadding=\"0\">\n<tbody>\n<tr>\n<td width=\"102\" height=\"16\"><strong>Fabricant<\/strong><\/td>\n<td width=\"144\">Rivi\u00e8re Glac\u00e9e<\/td>\n<\/tr>\n<tr>\n<td height=\"16\"><strong>Mod\u00e8le<\/strong><\/td>\n<td>KS0 Ultra<\/td>\n<\/tr>\n<tr>\n<td height=\"16\"><strong>\u00c9galement connu sous le nom de<\/strong><\/td>\n<td>ICERIVER KAS KS0 Ultra<\/td>\n<\/tr>\n<tr>\n<td height=\"16\"><strong>Taille<\/strong><\/td>\n<td>200 x 194 x 74mm<\/td>\n<\/tr>\n<tr>\n<td height=\"16\"><strong>Poids<\/strong><\/td>\n<td>2500g<\/td>\n<\/tr>\n<tr>\n<td height=\"16\"><strong>Niveau sonore<\/strong><\/td>\n<td>40db<\/td>\n<\/tr>\n<tr>\n<td height=\"16\"><strong>Taux de hachage<\/strong><\/td>\n<td>400Gh\/s<\/td>\n<\/tr>\n<tr>\n<td height=\"16\"><strong>Puissance<\/strong><\/td>\n<td>100W<\/td>\n<\/tr>\n<tr>\n<td height=\"16\"><strong>Tension<\/strong><\/td>\n<td>19-20V DC<\/td>\n<\/tr>\n<tr>\n<td height=\"16\"><strong>Interface<\/strong><\/td>\n<td>Ethernet<\/td>\n<\/tr>\n<tr>\n<td height=\"16\"><strong>Temp\u00e9rature<\/strong><\/td>\n<td>5 - 35 \u00b0C<\/td>\n<\/tr>\n<tr>\n<td height=\"16\"><strong>Humidit\u00e9<\/strong><\/td>\n<td>10 - 90 %<\/td>\n<\/tr>\n<\/tbody>\n<\/table>\n<h4 class=\"font-satoshi text-xl text-black dark:text-white md:text-xl lg:mb-2 lg:text-heading-5 xl:text-heading-5\">Algorithmes<\/h4>\n<p>Algorithme : KHeavyHash<\/p>\n<p>Hashrate: 400 GH\/s<\/p>\n<p>Consumption: 100W<\/p>\n<p>Pi\u00e8ces exploitables : Kaspa<\/p>\n<h4>Home Mining Kaspa Miner<\/h4>\n<p>IceRiver designed the KS0 Ultra in May 2024, and it has a hashrate of 400 GH\/s, a power consumption of 1000W, and a compact, accessible appearance.<\/p>\n<p>The KS0 Ultra is the newest version in IceRiver&#8217;s KS0 series for 2024 and has better hashrate, power efficiency, and noise reduction than other KS0 products for Kaspa home mining<\/p>\n<p>This modern home mining machine is designed for KHeavyHash. With a compact weight of 2500g and dimensions of 200 x 194 x 74mm, users can place it wherever they want!<\/p>\n<h3>Informations Compl\u00e9mentaires<\/h3>\n<ul>\n<li>Contactez-nous pour en savoir plus sur les d\u00e9tails des diff\u00e9rentes commandes. Le DDP (prix incluant les frais d'exp\u00e9dition et de douane) peut \u00e9galement \u00eatre disponible dans certains pays.<\/li>\n<li>Une commande ou une pr\u00e9commande ne peut en aucun cas \u00eatre annul\u00e9e, car elle est consid\u00e9r\u00e9e comme d\u00e9finitive une fois qu'elle a \u00e9t\u00e9 confirm\u00e9e par nos soins.<\/li>\n<\/ul>","protected":false},"excerpt":{"rendered":"<p>Description IceRiver KS0 Ultra is released in May 2024, which uses the KHeavyHash algorithm. It can reach a maximum hashrate of 400 GH\/s and only uses 100W\u00a0of power. Specification Manufacturer IceRiver Model KS0 Ultra Also known as ICERIVER KAS KS0 Ultra Size 200 x 194 x 74mm Weight 2500g Noise level 40db Hashrate 400Gh\/s Power [&hellip;]<\/p>","protected":false},"featured_media":2648,"comment_status":"open","ping_status":"closed","template":"","meta":[],"product_brand":[],"product_cat":[81,36,85],"product_tag":[],"class_list":{"0":"post-2529","1":"product","2":"type-product","3":"status-publish","4":"has-post-thumbnail","6":"product_cat-hot-selling","7":"product_cat-iceriver","8":"product_cat-iceriver-kaspa-mining","10":"first","11":"instock","12":"shipping-taxable","13":"purchasable","14":"product-type-simple"},"_links":{"self":[{"href":"https:\/\/minersking.com\/fr\/wp-json\/wp\/v2\/product\/2529","targetHints":{"allow":["GET"]}}],"collection":[{"href":"https:\/\/minersking.com\/fr\/wp-json\/wp\/v2\/product"}],"about":[{"href":"https:\/\/minersking.com\/fr\/wp-json\/wp\/v2\/types\/product"}],"replies":[{"embeddable":true,"href":"https:\/\/minersking.com\/fr\/wp-json\/wp\/v2\/comments?post=2529"}],"wp:featuredmedia":[{"embeddable":true,"href":"https:\/\/minersking.com\/fr\/wp-json\/wp\/v2\/media\/2648"}],"wp:attachment":[{"href":"https:\/\/minersking.com\/fr\/wp-json\/wp\/v2\/media?parent=2529"}],"wp:term":[{"taxonomy":"product_brand","embeddable":true,"href":"https:\/\/minersking.com\/fr\/wp-json\/wp\/v2\/product_brand?post=2529"},{"taxonomy":"product_cat","embeddable":true,"href":"https:\/\/minersking.com\/fr\/wp-json\/wp\/v2\/product_cat?post=2529"},{"taxonomy":"product_tag","embeddable":true,"href":"https:\/\/minersking.com\/fr\/wp-json\/wp\/v2\/product_tag?post=2529"}],"curies":[{"name":"wp","href":"https:\/\/api.w.org\/{rel}","templated":true}]}}