{"id":2531,"date":"2024-07-02T08:52:13","date_gmt":"2024-07-02T08:52:13","guid":{"rendered":"https:\/\/minersking.com\/?post_type=product&#038;p=2531"},"modified":"2025-08-11T16:10:30","modified_gmt":"2025-08-11T16:10:30","slug":"iceriver-ks5m-15th-s-3400w-kaspa-miner","status":"publish","type":"product","link":"https:\/\/minersking.com\/fr\/produit\/iceriver-ks5m-15th-s-3400w-kaspa-miner\/","title":{"rendered":"Iceriver KS5M Kaspa ASIC Miner (15TH\/s)"},"content":{"rendered":"<h3>Description<\/h3>\n<p>En juin 2024, <strong>Rivi\u00e8re Glac\u00e9e<\/strong> a lanc\u00e9 le KS5M, qui utilise la technologie <strong>Algorithme KHeavyHash<\/strong>. Il peut atteindre un taux maximal de<strong> 15 TH\/s<\/strong> et n'utilise que des <strong>3400W<\/strong> de pouvoir.<\/p>\n<h3>Sp\u00e9cifications<\/h3>\n<table class=\"table table-striped\">\n<tbody>\n<tr>\n<th scope=\"row\">Fabricant<\/th>\n<td>Iceriver<\/td>\n<\/tr>\n<tr>\n<th scope=\"row\">Mod\u00e8le<\/th>\n<td>KS5M<\/td>\n<\/tr>\n<tr>\n<th scope=\"row\">\u00c9galement connu sous le nom de<\/th>\n<td>Iceriver KS5M KAS Miner<\/td>\n<\/tr>\n<tr>\n<th scope=\"row\">Lib\u00e9ration<\/th>\n<td>juin 2024<\/td>\n<\/tr>\n<tr>\n<th scope=\"row\">Poids Net<\/th>\n<td>15000g<\/td>\n<\/tr>\n<tr>\n<th scope=\"row\">Poids brut<\/th>\n<td>16500g<\/td>\n<\/tr>\n<tr>\n<th scope=\"row\">Niveau sonore<\/th>\n<td>75db<\/td>\n<\/tr>\n<tr>\n<th scope=\"row\">Taille sans<\/th>\n<td>370 x 195 x 290mm<\/td>\n<\/tr>\n<tr>\n<th scope=\"row\">Taille avec<\/th>\n<td>490 x 300 x 400mm<\/td>\n<\/tr>\n<tr>\n<th scope=\"row\">Tension<\/th>\n<td>170-300V<\/td>\n<\/tr>\n<tr>\n<th scope=\"row\">Puissance<\/th>\n<td>3400W<\/td>\n<\/tr>\n<tr>\n<th>Taux de hachage<\/th>\n<td>15T<\/td>\n<\/tr>\n<tr>\n<th scope=\"row\">Interface<\/th>\n<td>Ethernet<\/td>\n<\/tr>\n<tr>\n<th scope=\"row\">Temp\u00e9rature<\/th>\n<td>0 - 35 \u00b0C<\/td>\n<\/tr>\n<\/tbody>\n<\/table>\n<h4 class=\"font-satoshi text-xl text-black dark:text-white md:text-xl lg:mb-2 lg:text-heading-5 xl:text-heading-5\">Algorithmes<\/h4>\n<p>Algorithme : KHeavyHash<\/p>\n<p>Hashrate : 15Th\/s<\/p>\n<p>Consommation : 3400W<\/p>\n<p>Pi\u00e8ces exploitables : Kaspa<\/p>\n<h4>Refroidissement par air Kaspa Miner<\/h4>\n<p>L'IceRiver KS5M a un hashrate de 15 TH\/s et consomme 3400W d'\u00e9nergie. Il a un hashrate plus \u00e9lev\u00e9 que le KS5L et est tr\u00e8s efficace dans l'utilisation de l'\u00e9nergie, ce qui en fait une option solide pour l'exploitation rentable des crypto-monnaies. En outre, c'est l'un des meilleurs ASIC miners pour l'exploitation de Kaspa en 2024 afin d'obtenir des rendements plus \u00e9lev\u00e9s.<\/p>\n<p>La c\u00e9l\u00e8bre marque Iceriver a finement optimis\u00e9 son produit pour l'algorithme KHeavyHash. Il est dot\u00e9 d'un syst\u00e8me de refroidissement par air qui permet d'\u00e9vacuer la chaleur produite pendant le processus de minage de crypto-monnaies. Nous recommandons vivement cette plateforme de minage Kaspa \u00e0 tous ceux qui souhaitent miner des pi\u00e8ces Kaspa de mani\u00e8re efficace et rentable.<\/p>","protected":false},"excerpt":{"rendered":"<p>Description In June 2024, IceRiver released the KS5M, which uses the KHeavyHash algorithm. It can reach a maximum hashrate of 15 TH\/s and only uses 3400W of power. Specification Manufacturer Iceriver Model KS5M Also known as Iceriver KS5M KAS Miner Release June 2024 Weight Net 15000g Weight Gross 16500g Noise level 75db Size w\/o 370 [&hellip;]<\/p>","protected":false},"featured_media":2647,"comment_status":"open","ping_status":"closed","template":"","meta":[],"product_brand":[],"product_cat":[81,36,85],"product_tag":[],"class_list":{"0":"post-2531","1":"product","2":"type-product","3":"status-publish","4":"has-post-thumbnail","6":"product_cat-hot-selling","7":"product_cat-iceriver","8":"product_cat-iceriver-kaspa-mining","10":"first","11":"instock","12":"shipping-taxable","13":"purchasable","14":"product-type-simple"},"_links":{"self":[{"href":"https:\/\/minersking.com\/fr\/wp-json\/wp\/v2\/product\/2531","targetHints":{"allow":["GET"]}}],"collection":[{"href":"https:\/\/minersking.com\/fr\/wp-json\/wp\/v2\/product"}],"about":[{"href":"https:\/\/minersking.com\/fr\/wp-json\/wp\/v2\/types\/product"}],"replies":[{"embeddable":true,"href":"https:\/\/minersking.com\/fr\/wp-json\/wp\/v2\/comments?post=2531"}],"wp:featuredmedia":[{"embeddable":true,"href":"https:\/\/minersking.com\/fr\/wp-json\/wp\/v2\/media\/2647"}],"wp:attachment":[{"href":"https:\/\/minersking.com\/fr\/wp-json\/wp\/v2\/media?parent=2531"}],"wp:term":[{"taxonomy":"product_brand","embeddable":true,"href":"https:\/\/minersking.com\/fr\/wp-json\/wp\/v2\/product_brand?post=2531"},{"taxonomy":"product_cat","embeddable":true,"href":"https:\/\/minersking.com\/fr\/wp-json\/wp\/v2\/product_cat?post=2531"},{"taxonomy":"product_tag","embeddable":true,"href":"https:\/\/minersking.com\/fr\/wp-json\/wp\/v2\/product_tag?post=2531"}],"curies":[{"name":"wp","href":"https:\/\/api.w.org\/{rel}","templated":true}]}}