{"id":2533,"date":"2024-07-02T08:59:52","date_gmt":"2024-07-02T08:59:52","guid":{"rendered":"https:\/\/minersking.com\/?post_type=product&#038;p=2533"},"modified":"2024-08-06T04:00:56","modified_gmt":"2024-08-06T04:00:56","slug":"bombax-miner-ez100-c-3200m-570w-etc-miner-asic-crypto-mining-machine","status":"publish","type":"product","link":"https:\/\/minersking.com\/fr\/produit\/bombax-miner-ez100-c-3200m-570w-etc-miner-asic-crypto-mining-machine\/","title":{"rendered":"BOMBAX MINER EZ100-C 3600M 570W ETC Miner Asic Crypto Mining Machine"},"content":{"rendered":"<p>Le BOMBAX MINER EZ100-C prend en charge les algorithmes ETCHash et ETHash, offrant une compatibilit\u00e9 avec diverses pi\u00e8ces telles que ETC, ZIL, CAU, BTN, XPB, DOGETHER, OCTA et LRS.<\/p>\n<p>Avec un hashrate robuste de 3200 MH\/s \u00b1 5%, cette plateforme offre des performances exceptionnelles tout en conservant son efficacit\u00e9 \u00e9nerg\u00e9tique, ne consommant que 570W \u00b1 5% d'\u00e9nergie \u00e0 25 \u2103.<\/p>\n<p>Son rendement \u00e9nerg\u00e9tique de 0,18 J\/MH \u00b1 5% @ 25 \u2103 garantit une utilisation optimale de l'\u00e9nergie, maximisant ainsi la rentabilit\u00e9 pour les mineurs.<\/p>\n<h3>Caract\u00e9ristiques<\/h3>\n<table class=\"table table-striped\">\n<tbody>\n<tr>\n<th scope=\"row\">Fabricant<\/th>\n<td>Bombax Miner<\/td>\n<\/tr>\n<tr>\n<th scope=\"row\">Mod\u00e8le<\/th>\n<td>EZ100-C<\/td>\n<\/tr>\n<tr>\n<th scope=\"row\">\u00c9galement connu sous le nom de<\/th>\n<td>Bombax Miner EZ100-C ETC Miner<\/td>\n<\/tr>\n<tr>\n<th scope=\"row\">Lib\u00e9ration<\/th>\n<td>mai 2024<\/td>\n<\/tr>\n<tr>\n<th scope=\"row\">Type de produit<\/th>\n<td>Mod\u00e8le silencieux dans un ch\u00e2ssis 3U<\/td>\n<\/tr>\n<tr>\n<th scope=\"row\">Niveau sonore<\/th>\n<td>40db<\/td>\n<\/tr>\n<tr>\n<th scope=\"row\">Puissance<\/th>\n<td>570W<\/td>\n<\/tr>\n<tr>\n<th scope=\"row\">Interface<\/th>\n<td>Ethernet<\/td>\n<\/tr>\n<\/tbody>\n<\/table>","protected":false},"excerpt":{"rendered":"<p>Mod\u00e8le\u00a0<strong>EZ100-C<\/strong><b>\u00a0\u00a0<\/b>depuis\u00a0<strong>BOMBAX MINER<\/strong><b>\u00a0<\/b>exploitation mini\u00e8re\u00a0<strong>ETCHash<\/strong><b>\u00a0algorithme\u00a0<\/b>avec un hashrate maximum de\u00a0<b>3200MH\/s\u00a0<\/b>pour une consommation \u00e9lectrique de\u00a0<b>570W.<\/b><\/p>","protected":false},"featured_media":2534,"comment_status":"open","ping_status":"closed","template":"","meta":[],"product_brand":[],"product_cat":[81,79,90],"product_tag":[],"class_list":{"0":"post-2533","1":"product","2":"type-product","3":"status-publish","4":"has-post-thumbnail","6":"product_cat-hot-selling","7":"product_cat-bombax","8":"product_cat-bombax-etc-mining","10":"first","11":"instock","12":"shipping-taxable","13":"purchasable","14":"product-type-simple"},"_links":{"self":[{"href":"https:\/\/minersking.com\/fr\/wp-json\/wp\/v2\/product\/2533","targetHints":{"allow":["GET"]}}],"collection":[{"href":"https:\/\/minersking.com\/fr\/wp-json\/wp\/v2\/product"}],"about":[{"href":"https:\/\/minersking.com\/fr\/wp-json\/wp\/v2\/types\/product"}],"replies":[{"embeddable":true,"href":"https:\/\/minersking.com\/fr\/wp-json\/wp\/v2\/comments?post=2533"}],"wp:featuredmedia":[{"embeddable":true,"href":"https:\/\/minersking.com\/fr\/wp-json\/wp\/v2\/media\/2534"}],"wp:attachment":[{"href":"https:\/\/minersking.com\/fr\/wp-json\/wp\/v2\/media?parent=2533"}],"wp:term":[{"taxonomy":"product_brand","embeddable":true,"href":"https:\/\/minersking.com\/fr\/wp-json\/wp\/v2\/product_brand?post=2533"},{"taxonomy":"product_cat","embeddable":true,"href":"https:\/\/minersking.com\/fr\/wp-json\/wp\/v2\/product_cat?post=2533"},{"taxonomy":"product_tag","embeddable":true,"href":"https:\/\/minersking.com\/fr\/wp-json\/wp\/v2\/product_tag?post=2533"}],"curies":[{"name":"wp","href":"https:\/\/api.w.org\/{rel}","templated":true}]}}