{"id":2535,"date":"2024-07-02T09:07:58","date_gmt":"2024-07-02T09:07:58","guid":{"rendered":"https:\/\/minersking.com\/?post_type=product&#038;p=2535"},"modified":"2024-08-30T10:22:46","modified_gmt":"2024-08-30T10:22:46","slug":"bombax-ez100-12500m","status":"publish","type":"product","link":"https:\/\/minersking.com\/fr\/produit\/bombax-ez100-12500m\/","title":{"rendered":"Bombax EZ100 Ethereum Miner(12500MH\/s)"},"content":{"rendered":"<h2>Description<\/h2>\n<p>Le BOMBAX EZ100 est un dispositif minier optimis\u00e9 pour l'extraction de l'ETC (Ethereum Classic), avec des performances mini\u00e8res \u00e9lev\u00e9es et une consommation d'\u00e9nergie relativement faible.<\/p>\n<p>Taux de hachage : 12500M-13000M, ce qui montre que l'appareil dispose d'une vitesse de calcul \u00e9lev\u00e9e lors du traitement des calculs de hachage ETC.<\/p>\n<p>Consommation \u00e9lectrique : 2200W-2300W, ce qui est un indicateur important pour mesurer la consommation \u00e9lectrique pendant le processus d'exploitation mini\u00e8re. Une consommation \u00e9lectrique plus faible permet d'\u00e9conomiser davantage de co\u00fbts d'\u00e9lectricit\u00e9 pendant le processus d'extraction.<\/p>\n<p>Rendement \u00e9nerg\u00e9tique : 0,2\u00b15%. Ce param\u00e8tre refl\u00e8te la stabilit\u00e9 de l'efficacit\u00e9 de la conversion de puissance. Un rendement \u00e9lev\u00e9 permet de r\u00e9duire les pertes d'\u00e9nergie et d'am\u00e9liorer l'efficacit\u00e9 globale de l'exploitation mini\u00e8re.<\/p>\n<p>Un retour sur investissement rapide : Cela signifie que la puissance de calcul efficace de l'\u00e9quipement peut aider les utilisateurs \u00e0 r\u00e9cup\u00e9rer leurs co\u00fbts d'investissement dans un court laps de temps.<\/p>\n<p>Qu'il s'agisse de miner pour un usage personnel ou dans le cadre d'une op\u00e9ration plus importante, le BomBax EZ100 offre une solution fiable pour maximiser les rendements en crypto-monnaies tout en minimisant les co\u00fbts \u00e9nerg\u00e9tiques.<\/p>\n<h3>Caract\u00e9ristiques:<\/h3>\n<table border=\"0\" width=\"161\" cellspacing=\"0\" cellpadding=\"0\">\n<tbody>\n<tr>\n<td width=\"86\" height=\"17\"><strong>SPECIFICATION<\/strong><\/td>\n<td width=\"75\">D\u00c9TAILS<\/td>\n<\/tr>\n<tr>\n<td height=\"17\"><strong>Mod\u00e8le de mineur<\/strong><\/td>\n<td>BomBax EZ100<\/td>\n<\/tr>\n<tr>\n<td height=\"17\"><strong>Taux de hachage<\/strong><\/td>\n<td>12500 MH\/s<\/td>\n<\/tr>\n<tr>\n<td height=\"17\"><strong>Algorithme<\/strong><\/td>\n<td>Etchash<\/td>\n<\/tr>\n<tr>\n<td height=\"17\"><strong>Pi\u00e8ces prises en charge<\/strong><\/td>\n<td>Ethereum Classic (ETC), Ethereum Fog (ETF), Zilliqa (ZIL), EthereumPoW (ETHW)<\/td>\n<\/tr>\n<tr>\n<td height=\"17\"><strong>Consommation d&#039;\u00e9nergie<\/strong><\/td>\n<td>2500 Watts<\/td>\n<\/tr>\n<tr>\n<td height=\"17\"><strong>Efficacit\u00e9 \u00e9nerg\u00e9tique<\/strong><\/td>\n<td>~0,2 J\/MH<\/td>\n<\/tr>\n<\/tbody>\n<\/table>","protected":false},"excerpt":{"rendered":"<p>Description BOMBAX EZ100 is a mining device optimized for ETC (Ethereum Classic) mining, with high mining performance and relatively low power consumption. Hashrate: 12500M-13000M, which shows that the device has a high computing speed when processing ETC hash calculations. Power consumption: 2200W-2300W, which is an important indicator to measure the power consumption during the mining [&hellip;]<\/p>","protected":false},"featured_media":2536,"comment_status":"open","ping_status":"closed","template":"","meta":[],"product_brand":[],"product_cat":[79,90],"product_tag":[],"class_list":{"0":"post-2535","1":"product","2":"type-product","3":"status-publish","4":"has-post-thumbnail","6":"product_cat-bombax","7":"product_cat-bombax-etc-mining","9":"first","10":"outofstock","11":"shipping-taxable","12":"purchasable","13":"product-type-simple"},"_links":{"self":[{"href":"https:\/\/minersking.com\/fr\/wp-json\/wp\/v2\/product\/2535","targetHints":{"allow":["GET"]}}],"collection":[{"href":"https:\/\/minersking.com\/fr\/wp-json\/wp\/v2\/product"}],"about":[{"href":"https:\/\/minersking.com\/fr\/wp-json\/wp\/v2\/types\/product"}],"replies":[{"embeddable":true,"href":"https:\/\/minersking.com\/fr\/wp-json\/wp\/v2\/comments?post=2535"}],"wp:featuredmedia":[{"embeddable":true,"href":"https:\/\/minersking.com\/fr\/wp-json\/wp\/v2\/media\/2536"}],"wp:attachment":[{"href":"https:\/\/minersking.com\/fr\/wp-json\/wp\/v2\/media?parent=2535"}],"wp:term":[{"taxonomy":"product_brand","embeddable":true,"href":"https:\/\/minersking.com\/fr\/wp-json\/wp\/v2\/product_brand?post=2535"},{"taxonomy":"product_cat","embeddable":true,"href":"https:\/\/minersking.com\/fr\/wp-json\/wp\/v2\/product_cat?post=2535"},{"taxonomy":"product_tag","embeddable":true,"href":"https:\/\/minersking.com\/fr\/wp-json\/wp\/v2\/product_tag?post=2535"}],"curies":[{"name":"wp","href":"https:\/\/api.w.org\/{rel}","templated":true}]}}