{"id":2538,"date":"2024-07-02T09:23:10","date_gmt":"2024-07-02T09:23:10","guid":{"rendered":"https:\/\/minersking.com\/?post_type=product&#038;p=2538"},"modified":"2024-08-30T10:02:50","modified_gmt":"2024-08-30T10:02:50","slug":"elphapex-dg1-plus-miner","status":"publish","type":"product","link":"https:\/\/minersking.com\/fr\/produit\/elphapex-dg1-plus-miner\/","title":{"rendered":"Elphapex DG1 plus Miner Mining Dogecoin and Litecoin (14.4Gh\/s)"},"content":{"rendered":"<h3>Description<\/h3>\n<p>Elphapex DG1 PLUS is a new Srypt Asic miner from Elphapex. The DG1 plus has a high hashrate of 14.4G power consumption of 3950W. The efficiency of Elphapex DG1 is only 0.27 J\/MH. It\u2019s an upgraded version of Elphapex DG1.<\/p>\n<h3>Caract\u00e9ristiques<\/h3>\n<table>\n<tbody>\n<tr>\n<td>Mod\u00e8le<\/td>\n<td>DG 1 plus<\/td>\n<\/tr>\n<tr>\n<td>Algorithme | Cryplocurrency<\/td>\n<td>Scrypt | LTC+DOGE<\/td>\n<\/tr>\n<tr>\n<td>Hashrate, GHs<\/td>\n<td>14,4\u00b13%<\/td>\n<\/tr>\n<tr>\n<td>Allumer le mur \u00e0 25\u00b0C, Watt<\/td>\n<td>3950 +10%6<\/td>\n<\/tr>\n<tr>\n<td>Puissance \u00e9lectrique sur le mur @25*C JTH<\/td>\n<td>0.27 +10%<\/td>\n<\/tr>\n<tr>\n<td>Alimentation Tension d'entr\u00e9e AC, Valt(1-1)<\/td>\n<td>200-240<\/td>\n<\/tr>\n<tr>\n<td>Alimentation \u00e9lectrique Gamme de fr\u00e9quences d'entr\u00e9e AC.Hz<\/td>\n<td>47~63<\/td>\n<\/tr>\n<tr>\n<td>Alimentation Courant d'entr\u00e9e AC, Amp(1-2)<\/td>\n<td>20<\/td>\n<\/tr>\n<tr>\n<td>Mode de connexion r\u00e9seau<\/td>\n<td>RJ45 Ethemet 10100M<\/td>\n<\/tr>\n<tr>\n<td>Taille du mineur (longueur \"largeur \"hauteur. emballage). mm<\/td>\n<td>369.3\"196 287<\/td>\n<\/tr>\n<tr>\n<td>Taille du mineur (longueur \"largeur \"hauteur, avec l'emballage), mm<\/td>\n<td>480\u2033289*387<\/td>\n<\/tr>\n<tr>\n<td>Poids net. kg<\/td>\n<td>16.1<\/td>\n<\/tr>\n<tr>\n<td>Poids brut kg<\/td>\n<td>17.4<\/td>\n<\/tr>\n<\/tbody>\n<\/table>\n<h4><strong>Algorithmes<\/strong><\/h4>\n<p>Algorithme : Scrypt<\/p>\n<p>Hashrate: 14.4 GH\/s<\/p>\n<p>Consumption: 3950W<\/p>\n<p>Pi\u00e8ces minables : Dogecoin et Litecoin<\/p>\n<p><strong>Mineur de Dogecoin et de Litecoin \u00e0 refroidissement par air<\/strong><\/p>\n<p>Elphapex DG1 Plus is an upgraded version of a miner designed for mining Dogecoin and Litecoin using the Scrypt algorithm. It has a hashrate of 14.4 GH\/s and a power consumption of 3950W. Its high efficiency, relatively low power consumption, and low failure rate make it a good investment option for cryptocurrency mining in 2024<\/p>\n<p>La nouvelle marque Elphapex se consacre \u00e0 la fabrication de mineurs de Litecoin et de Dogecoin. Il est dot\u00e9 d'un syst\u00e8me de refroidissement par air qui permet d'\u00e9vacuer la chaleur produite pendant le processus de minage de crypto-monnaies. Nous recommandons vivement cette plateforme de minage de Dogecoin \u00e0 tous ceux qui cherchent \u00e0 miner du Dogecoin et du Litecoin de mani\u00e8re efficace et rentable.<\/p>","protected":false},"excerpt":{"rendered":"<div class=\"elementor-element elementor-element-ce05bd9 wd-single-short-desc text-left elementor-widget elementor-widget-wd_single_product_short_description\" data-id=\"ce05bd9\" data-element_type=\"widget\" data-widget_type=\"wd_single_product_short_description.default\">\n<div class=\"elementor-widget-container\">\n<div class=\"woocommerce-product-details__short-description\">\n<p>Le nouveau Scrypt Asic rig Elphapex DG 1+ a un hashrate de 14.4GH\/S et une consommation de 3950W. Il est destin\u00e9 au minage de Litecoin et Dogecoin.<\/p>\n<\/div>\n<\/div>\n<\/div>","protected":false},"featured_media":2646,"comment_status":"open","ping_status":"closed","template":"","meta":[],"product_brand":[],"product_cat":[81,80,89],"product_tag":[],"class_list":{"0":"post-2538","1":"product","2":"type-product","3":"status-publish","4":"has-post-thumbnail","6":"product_cat-hot-selling","7":"product_cat-elphapex","8":"product_cat-ltc-doge-mining","10":"first","11":"instock","12":"shipping-taxable","13":"purchasable","14":"product-type-simple"},"_links":{"self":[{"href":"https:\/\/minersking.com\/fr\/wp-json\/wp\/v2\/product\/2538","targetHints":{"allow":["GET"]}}],"collection":[{"href":"https:\/\/minersking.com\/fr\/wp-json\/wp\/v2\/product"}],"about":[{"href":"https:\/\/minersking.com\/fr\/wp-json\/wp\/v2\/types\/product"}],"replies":[{"embeddable":true,"href":"https:\/\/minersking.com\/fr\/wp-json\/wp\/v2\/comments?post=2538"}],"wp:featuredmedia":[{"embeddable":true,"href":"https:\/\/minersking.com\/fr\/wp-json\/wp\/v2\/media\/2646"}],"wp:attachment":[{"href":"https:\/\/minersking.com\/fr\/wp-json\/wp\/v2\/media?parent=2538"}],"wp:term":[{"taxonomy":"product_brand","embeddable":true,"href":"https:\/\/minersking.com\/fr\/wp-json\/wp\/v2\/product_brand?post=2538"},{"taxonomy":"product_cat","embeddable":true,"href":"https:\/\/minersking.com\/fr\/wp-json\/wp\/v2\/product_cat?post=2538"},{"taxonomy":"product_tag","embeddable":true,"href":"https:\/\/minersking.com\/fr\/wp-json\/wp\/v2\/product_tag?post=2538"}],"curies":[{"name":"wp","href":"https:\/\/api.w.org\/{rel}","templated":true}]}}