{"id":2542,"date":"2024-07-02T09:28:30","date_gmt":"2024-07-02T09:28:30","guid":{"rendered":"https:\/\/minersking.com\/?post_type=product&#038;p=2542"},"modified":"2024-08-30T08:45:39","modified_gmt":"2024-08-30T08:45:39","slug":"elphapex-dg1-miner","status":"publish","type":"product","link":"https:\/\/minersking.com\/fr\/produit\/elphapex-dg1-miner\/","title":{"rendered":"Elphapex DG1 Miner Miner Dogecoin et Litecoin (11Gh\/s)"},"content":{"rendered":"<h3>Description<\/h3>\n<p><strong>Elphapex<\/strong> released the DG1 in Feb 2024. The Elphapex DG1 miner is an <strong>11 GH\/s<\/strong> Machine d'extraction de Litecoin et Dogecoin avec une consommation d'\u00e9nergie de <strong>0,31 J\/M<\/strong> et <strong>3420W<\/strong><\/p>\n<h3>Caract\u00e9ristiques<\/h3>\n<table>\n<tbody>\n<tr>\n<td>Mod\u00e8le<\/td>\n<td>DG 1<\/td>\n<\/tr>\n<tr>\n<td>Algorithme | Cryplocurrency<\/td>\n<td>Scrypt | LTC+DOGE<\/td>\n<\/tr>\n<tr>\n<td>Hashrate, GHs<\/td>\n<td>11 \u00b13%<\/td>\n<\/tr>\n<tr>\n<td>Allumer le mur \u00e0 25\u00b0C, Watt<\/td>\n<td>3420 +10%6<\/td>\n<\/tr>\n<tr>\n<td>Puissance \u00e9lectrique sur le mur @25*C JTH<\/td>\n<td>0.31 +10%<\/td>\n<\/tr>\n<tr>\n<td>Alimentation Tension d'entr\u00e9e AC, Valt(1-1)<\/td>\n<td>200-240<\/td>\n<\/tr>\n<tr>\n<td>Alimentation \u00e9lectrique Gamme de fr\u00e9quences d'entr\u00e9e AC.Hz<\/td>\n<td>47~63<\/td>\n<\/tr>\n<tr>\n<td>Alimentation Courant d'entr\u00e9e AC, Amp(1-2)<\/td>\n<td>20<\/td>\n<\/tr>\n<tr>\n<td>Mode de connexion r\u00e9seau<\/td>\n<td>RJ45 Ethemet 10100M<\/td>\n<\/tr>\n<tr>\n<td>Taille du mineur (longueur \"largeur \"hauteur. emballage). mm<\/td>\n<td>369.3\"196 287<\/td>\n<\/tr>\n<tr>\n<td>Taille du mineur (longueur \"largeur \"hauteur, avec l'emballage), mm<\/td>\n<td>480\u2033289*387<\/td>\n<\/tr>\n<tr>\n<td>Poids net. kg<\/td>\n<td>16.1<\/td>\n<\/tr>\n<tr>\n<td>Poids brut kg<\/td>\n<td>17.4<\/td>\n<\/tr>\n<\/tbody>\n<\/table>\n<h4><strong>Algorithmes<\/strong><\/h4>\n<p>Algorithme : Scrypt<\/p>\n<p>Hashrate: 11GH\/s<\/p>\n<p>Consommation : 3420W<\/p>\n<p>Pi\u00e8ces minables : Dogecoin et Litecoin<\/p>\n<p><strong>Mineur de Dogecoin et de Litecoin \u00e0 refroidissement par air<\/strong><\/p>\n<p>The DG1 is a new ASIC miner for mining Dogecoin and Litecoin using the Scrypt algorithm. It has a hashrate of 11 GH\/s and a power consumption of 3420W. Its high efficiency, relatively low power consumption, and low failure rate make it a good investment option for cryptocurrency mining in 2024<\/p>\n<p>La nouvelle marque Elphapex se consacre \u00e0 la fabrication de mineurs de Litecoin et de Dogecoin. Il est dot\u00e9 d'un syst\u00e8me de refroidissement par air qui permet d'\u00e9vacuer la chaleur produite pendant le processus de minage de crypto-monnaies. Nous recommandons vivement cette plateforme de minage de Dogecoin \u00e0 tous ceux qui cherchent \u00e0 miner du Dogecoin et du Litecoin de mani\u00e8re efficace et rentable.<\/p>","protected":false},"excerpt":{"rendered":"<p>Description Elphapex released the DG1 in Feb 2024. The Elphapex DG1 miner is an 11 GH\/s Litecoin and Dogecoin mining machine with a power consumption of 0.31 J\/M and 3420W Specifications Model DG 1 Algorithm | Cryplocurrency Scrypt | LTC+DOGE Hashrate, GHs 11 \u00b13% Power on wall @25\u00b0C, Watt 3420 +10%6 Power etnciency on wall [&hellip;]<\/p>","protected":false},"featured_media":2645,"comment_status":"open","ping_status":"closed","template":"","meta":[],"product_brand":[],"product_cat":[80,89],"product_tag":[],"class_list":{"0":"post-2542","1":"product","2":"type-product","3":"status-publish","4":"has-post-thumbnail","6":"product_cat-elphapex","7":"product_cat-ltc-doge-mining","9":"first","10":"instock","11":"shipping-taxable","12":"purchasable","13":"product-type-simple"},"_links":{"self":[{"href":"https:\/\/minersking.com\/fr\/wp-json\/wp\/v2\/product\/2542","targetHints":{"allow":["GET"]}}],"collection":[{"href":"https:\/\/minersking.com\/fr\/wp-json\/wp\/v2\/product"}],"about":[{"href":"https:\/\/minersking.com\/fr\/wp-json\/wp\/v2\/types\/product"}],"replies":[{"embeddable":true,"href":"https:\/\/minersking.com\/fr\/wp-json\/wp\/v2\/comments?post=2542"}],"wp:featuredmedia":[{"embeddable":true,"href":"https:\/\/minersking.com\/fr\/wp-json\/wp\/v2\/media\/2645"}],"wp:attachment":[{"href":"https:\/\/minersking.com\/fr\/wp-json\/wp\/v2\/media?parent=2542"}],"wp:term":[{"taxonomy":"product_brand","embeddable":true,"href":"https:\/\/minersking.com\/fr\/wp-json\/wp\/v2\/product_brand?post=2542"},{"taxonomy":"product_cat","embeddable":true,"href":"https:\/\/minersking.com\/fr\/wp-json\/wp\/v2\/product_cat?post=2542"},{"taxonomy":"product_tag","embeddable":true,"href":"https:\/\/minersking.com\/fr\/wp-json\/wp\/v2\/product_tag?post=2542"}],"curies":[{"name":"wp","href":"https:\/\/api.w.org\/{rel}","templated":true}]}}