{"id":2686,"date":"2024-08-06T03:44:53","date_gmt":"2024-08-06T03:44:53","guid":{"rendered":"https:\/\/minersking.com\/?post_type=product&#038;p=2686"},"modified":"2024-08-30T07:26:54","modified_gmt":"2024-08-30T07:26:54","slug":"iceriver-al0-alephium-mining-hardware","status":"publish","type":"product","link":"https:\/\/minersking.com\/fr\/produit\/iceriver-al0-alephium-mining-hardware\/","title":{"rendered":"Iceriver AL0 Alephium Mining Hardware (400GH\/s)"},"content":{"rendered":"<h2>Description<\/h2>\n<p><strong>Iceriver AL0<\/strong> is released in August 2024, which uses the <strong>Algorithme Blake3<\/strong>. With a hash rate of <strong>400 GH\/s<\/strong> et une consommation \u00e9lectrique de <strong>100W<\/strong>, the AL0 has become one of the top choices for home miners.<\/p>\n<h2>Sp\u00e9cifications<\/h2>\n<table>\n<tbody>\n<tr>\n<td width=\"496\">Taille<\/td>\n<td width=\"706\">200mm*194mm*74mm<\/td>\n<\/tr>\n<tr>\n<td width=\"496\">Algorithme<\/td>\n<td width=\"706\">Blake3<\/td>\n<\/tr>\n<tr>\n<td width=\"496\">Poids<\/td>\n<td width=\"706\">2,5 kg<\/td>\n<\/tr>\n<tr>\n<td width=\"496\">Port r\u00e9seau<\/td>\n<td width=\"706\">Ethernet<\/td>\n<\/tr>\n<tr>\n<td width=\"496\">Tension d&#039;entr\u00e9e<\/td>\n<td width=\"706\">100-240V<\/td>\n<\/tr>\n<tr>\n<td width=\"496\">Temp\u00e9rature de fonctionnement<\/td>\n<td width=\"706\">0~35 \u2103<\/td>\n<\/tr>\n<\/tbody>\n<\/table>\n<h4 class=\"font-satoshi text-xl text-black dark:text-white md:text-xl lg:mb-2 lg:text-heading-5 xl:text-heading-5\">Algorithmes<\/h4>\n<p>Algorithm: Blake3<\/p>\n<p>Hashrate: 400GH\/s<\/p>\n<p>Consumption: 100W<\/p>\n<p>Minable coins: Alephium(ALPH)<\/p>\n<h3><strong>Alephium Miner for Home Mining<\/strong><\/h3>\n<p>Iceriver a lanc\u00e9 un tout nouveau dispositif de minage \u00e0 domicile, le AL0, pour le minage de l'Alephium (ALPH). Avec un taux de hachage de 400 GH\/s et une consommation d'\u00e9nergie de 100 W, l'AL0 est devenu l'un des meilleurs choix pour les mineurs \u00e0 domicile. L'impressionnante puissance de calcul de l'AL0 et sa faible consommation d'\u00e9nergie en font une option int\u00e9ressante pour les personnes int\u00e9ress\u00e9es par le minage de la crypto-monnaie Alephium.<\/p>\n<h2>Informations Compl\u00e9mentaires<\/h2>\n<ul>\n<li>Contactez-nous pour en savoir plus sur les d\u00e9tails des diff\u00e9rentes commandes. Le DDP (prix incluant les frais d'exp\u00e9dition et de douane) peut \u00e9galement \u00eatre disponible dans certains pays.<\/li>\n<li>Une commande ou une pr\u00e9commande ne peut en aucun cas \u00eatre annul\u00e9e, car elle est consid\u00e9r\u00e9e comme d\u00e9finitive une fois qu'elle a \u00e9t\u00e9 confirm\u00e9e par nos soins.<\/li>\n<\/ul>","protected":false},"excerpt":{"rendered":"<p>Description Iceriver AL0 is released in August 2024, which uses the Blake3 algorithm. With a hash rate of 400 GH\/s and a power consumption of 100W, the AL0 has become one of the top choices for home miners. Specification Size 200mm*194mm*74mm Algorithm Blake3 Weight 2.5kg Network Port Ethernet Imput Voltage 100-240V Working Temperature 0~35 \u2103 [&hellip;]<\/p>","protected":false},"featured_media":2687,"comment_status":"open","ping_status":"closed","template":"","meta":[],"product_brand":[],"product_cat":[36,84],"product_tag":[],"class_list":{"0":"post-2686","1":"product","2":"type-product","3":"status-publish","4":"has-post-thumbnail","6":"product_cat-iceriver","7":"product_cat-iceriver-alph-mining","9":"first","10":"instock","11":"sale","12":"shipping-taxable","13":"purchasable","14":"product-type-simple"},"_links":{"self":[{"href":"https:\/\/minersking.com\/fr\/wp-json\/wp\/v2\/product\/2686","targetHints":{"allow":["GET"]}}],"collection":[{"href":"https:\/\/minersking.com\/fr\/wp-json\/wp\/v2\/product"}],"about":[{"href":"https:\/\/minersking.com\/fr\/wp-json\/wp\/v2\/types\/product"}],"replies":[{"embeddable":true,"href":"https:\/\/minersking.com\/fr\/wp-json\/wp\/v2\/comments?post=2686"}],"wp:featuredmedia":[{"embeddable":true,"href":"https:\/\/minersking.com\/fr\/wp-json\/wp\/v2\/media\/2687"}],"wp:attachment":[{"href":"https:\/\/minersking.com\/fr\/wp-json\/wp\/v2\/media?parent=2686"}],"wp:term":[{"taxonomy":"product_brand","embeddable":true,"href":"https:\/\/minersking.com\/fr\/wp-json\/wp\/v2\/product_brand?post=2686"},{"taxonomy":"product_cat","embeddable":true,"href":"https:\/\/minersking.com\/fr\/wp-json\/wp\/v2\/product_cat?post=2686"},{"taxonomy":"product_tag","embeddable":true,"href":"https:\/\/minersking.com\/fr\/wp-json\/wp\/v2\/product_tag?post=2686"}],"curies":[{"name":"wp","href":"https:\/\/api.w.org\/{rel}","templated":true}]}}