{"id":2726,"date":"2024-08-07T03:01:01","date_gmt":"2024-08-07T03:01:01","guid":{"rendered":"https:\/\/minersking.com\/?post_type=product&#038;p=2726"},"modified":"2024-08-27T08:37:22","modified_gmt":"2024-08-27T08:37:22","slug":"bitmain-antminer-s21-xp-270t-bitcoin-miner-btc-crypto-mining-machine","status":"publish","type":"product","link":"https:\/\/minersking.com\/fr\/produit\/bitmain-antminer-s21-xp-270t-bitcoin-miner-btc-crypto-mining-machine\/","title":{"rendered":"Bitmain Antminer S21 XP Bitcoin Miner (270TH\/s)"},"content":{"rendered":"<h2>Description<\/h2>\n<p>L'Antminer S21 XP de Bitmain est un mineur de bitcoins de pointe refroidi par air et con\u00e7u pour une efficacit\u00e9 maximale. Utilisant l'algorithme SHA-256, il offre un taux de hachage impressionnant de 270 Th\/s pour une consommation d'\u00e9nergie de seulement 3650W.<\/p>\n<div class=\"woocommerce-tabs wc-tabs-wrapper\" data-type=\"type-1:center\">\n<div class=\"table-wrapper\">\n<table width=\"1026\">\n<tbody>\n<tr>\n<td width=\"265\">Taux de hachage<\/td>\n<td width=\"265\">270TH\/s<\/td>\n<\/tr>\n<tr>\n<td width=\"265\">Puissance<\/td>\n<td width=\"265\">3650W\/h<\/td>\n<\/tr>\n<tr>\n<td width=\"265\">Power efficiency<\/td>\n<td width=\"265\">13.5J\/TH<\/td>\n<\/tr>\n<tr>\n<td width=\"265\">Dimension (avec emballage)<\/td>\n<td width=\"265\">640*360*450 (mm)<\/td>\n<\/tr>\n<tr>\n<td width=\"265\">Dimension<\/td>\n<td width=\"265\">449*219*293 (mm)<\/td>\n<\/tr>\n<tr>\n<td width=\"265\">Poids brut<\/td>\n<td width=\"265\">21.5 kg<\/td>\n<\/tr>\n<tr>\n<td width=\"265\">Poids net<\/td>\n<td width=\"265\">18.7 kg<\/td>\n<\/tr>\n<tr>\n<td width=\"265\">Port de connexion<\/td>\n<td width=\"265\">Ethernet<\/td>\n<\/tr>\n<tr>\n<td width=\"265\">Entr\u00e9e de tension<\/td>\n<td width=\"265\">170-300 V CA<\/td>\n<\/tr>\n<tr>\n<td width=\"265\">Working Temp<\/td>\n<td width=\"265\">-20~45 \u2103<\/td>\n<\/tr>\n<\/tbody>\n<\/table>\n<\/div>\n<\/div>\n<div>\n<h4 class=\"font-satoshi text-xl text-black dark:text-white md:text-xl lg:mb-2 lg:text-heading-5 xl:text-heading-5\">Algorithmes<\/h4>\n<p>Algorithme : SHA-256<\/p>\n<p>Hashrate: \u00a0270TH\/s<\/p>\n<p>Consumption: 3650W<\/p>\n<p>Minable coins: Bitcoin(BTC)<\/p>\n<h4>Refroidissement par air Kaspa Miner<\/h4>\n<p>Bitmain will release the Antminer S21 XP in Sep 2024. It has a hashrate of 270 TH\/s and uses 3650 W of power to mine Bitcoin coins.<\/p>\n<p>La S21 XP est la mise \u00e0 jour id\u00e9ale pour les mineurs de crypto-monnaies s\u00e9rieux qui cherchent \u00e0 optimiser leurs op\u00e9rations. Exp\u00e9rimentez des performances in\u00e9gal\u00e9es et restez en t\u00eate de la comp\u00e9tition avec la derni\u00e8re innovation mini\u00e8re de Bitmain.<\/p>\n<h2>Informations Compl\u00e9mentaires<\/h2>\n<ul>\n<li>Contact us to learn more about the details on different orders. Additionally, DDP (PRICE including shipping and customs fees) may also be available in some countries.<\/li>\n<li>Une commande ou une pr\u00e9commande ne peut en aucun cas \u00eatre annul\u00e9e, car elle est consid\u00e9r\u00e9e comme d\u00e9finitive une fois qu'elle a \u00e9t\u00e9 confirm\u00e9e par nos soins.<\/li>\n<\/ul>\n<\/div>","protected":false},"excerpt":{"rendered":"<p>Description Bitmain&#8217;s Antminer S21 XP is a state-of-the-art air-cooled Bitcoin miner designed for maximum efficiency. Utilizing the SHA-256 algorithm, it delivers an impressive 270 Th\/s hashrate at just 3650W power consumption. Hashrate 270TH\/s Power 3650W\/h Power efficiency 13.5J\/TH Dimension(with packaging) 640*360*450 (mm) Dimension 449*219*293 (mm) Gross Weight 21.5 kg Net Weight 18.7 kg Connection Port [&hellip;]<\/p>","protected":false},"featured_media":2727,"comment_status":"open","ping_status":"closed","template":"","meta":[],"product_brand":[],"product_cat":[33,44],"product_tag":[],"class_list":{"0":"post-2726","1":"product","2":"type-product","3":"status-publish","4":"has-post-thumbnail","6":"product_cat-antminer","7":"product_cat-bitcoin-mining","9":"first","10":"instock","11":"shipping-taxable","12":"purchasable","13":"product-type-simple"},"_links":{"self":[{"href":"https:\/\/minersking.com\/fr\/wp-json\/wp\/v2\/product\/2726","targetHints":{"allow":["GET"]}}],"collection":[{"href":"https:\/\/minersking.com\/fr\/wp-json\/wp\/v2\/product"}],"about":[{"href":"https:\/\/minersking.com\/fr\/wp-json\/wp\/v2\/types\/product"}],"replies":[{"embeddable":true,"href":"https:\/\/minersking.com\/fr\/wp-json\/wp\/v2\/comments?post=2726"}],"wp:featuredmedia":[{"embeddable":true,"href":"https:\/\/minersking.com\/fr\/wp-json\/wp\/v2\/media\/2727"}],"wp:attachment":[{"href":"https:\/\/minersking.com\/fr\/wp-json\/wp\/v2\/media?parent=2726"}],"wp:term":[{"taxonomy":"product_brand","embeddable":true,"href":"https:\/\/minersking.com\/fr\/wp-json\/wp\/v2\/product_brand?post=2726"},{"taxonomy":"product_cat","embeddable":true,"href":"https:\/\/minersking.com\/fr\/wp-json\/wp\/v2\/product_cat?post=2726"},{"taxonomy":"product_tag","embeddable":true,"href":"https:\/\/minersking.com\/fr\/wp-json\/wp\/v2\/product_tag?post=2726"}],"curies":[{"name":"wp","href":"https:\/\/api.w.org\/{rel}","templated":true}]}}