{"id":2728,"date":"2024-08-07T03:04:07","date_gmt":"2024-08-07T03:04:07","guid":{"rendered":"https:\/\/minersking.com\/?post_type=product&#038;p=2728"},"modified":"2024-08-31T02:51:00","modified_gmt":"2024-08-31T02:51:00","slug":"bitmain-antminer-s21-xp-hydro-btc-miner","status":"publish","type":"product","link":"https:\/\/minersking.com\/fr\/produit\/bitmain-antminer-s21-xp-hydro-btc-miner\/","title":{"rendered":"Bitmain Antminer S21 XP Hydro Bitcoin Miner (473TH\/s)"},"content":{"rendered":"<h2>Description<\/h2>\n<p><strong>Bitmain<\/strong> lancera son nouveau mineur de bitcoins, l'Antminer S21 XP Hydro, en octobre 2024. Il permet d'atteindre un nouveau taux de hachage \u00e9lev\u00e9, \u00e0 savoir<strong> 473 TH\/s<\/strong> et a une consommation d'\u00e9nergie de <strong>5670 watts<\/strong>\u00e0 l'aide de l'outil <strong>Algorithme SHA-256<\/strong><\/p>\n<h2>Sp\u00e9cifications<\/h2>\n<table class=\"table table-striped\" style=\"height: 418px;\" width=\"367\">\n<tbody>\n<tr>\n<th scope=\"row\">Marque<\/th>\n<td>Bitmain<\/td>\n<\/tr>\n<tr>\n<th scope=\"row\">SKU<\/th>\n<td>Antminer S21 XP Hydro<\/td>\n<\/tr>\n<tr>\n<th scope=\"row\">\u00c9galement appel\u00e9<\/th>\n<td>Antminer S21 XP Hydro<\/td>\n<\/tr>\n<tr>\n<th scope=\"row\">Lancement<\/th>\n<td>Oct. 2024<\/td>\n<\/tr>\n<tr>\n<th scope=\"row\">Poids net<\/th>\n<td>13,8 kg<\/td>\n<\/tr>\n<tr>\n<th scope=\"row\">Poids brut<\/th>\n<td>15,7 kg<\/td>\n<\/tr>\n<tr>\n<th scope=\"row\">Bruit<\/th>\n<td>50db<\/td>\n<\/tr>\n<tr>\n<th scope=\"row\">Taille sans emballage<\/th>\n<td>339*173*207mm<\/td>\n<\/tr>\n<tr>\n<th scope=\"row\">Taille avec emballage<\/th>\n<td>570*316*430mm<\/td>\n<\/tr>\n<tr>\n<th scope=\"row\">Tension<\/th>\n<td>380-415V<\/td>\n<\/tr>\n<tr>\n<th scope=\"row\">Puissance<\/th>\n<td>5670W<\/td>\n<\/tr>\n<tr>\n<th>Taux de hachage<\/th>\n<td>473 TH<\/td>\n<\/tr>\n<tr>\n<th scope=\"row\">Port r\u00e9seau<\/th>\n<td>Ethernet<\/td>\n<\/tr>\n<tr>\n<th scope=\"row\">Temp\u00e9rature<\/th>\n<td>5 - 45 \u00b0C<\/td>\n<\/tr>\n<\/tbody>\n<\/table>\n<h4 class=\"font-satoshi text-xl text-black dark:text-white md:text-xl lg:mb-2 lg:text-heading-5 xl:text-heading-5\">Algorithmes<\/h4>\n<p>Algorithme : SHA-256<\/p>\n<p>Hashrate : 473 Th\/s<\/p>\n<p>Consommation : 5670W<\/p>\n<p>Pi\u00e8ces minables : Bitcoin<\/p>\n<h4>Hydro Cooling Bitcoin Miner<\/h4>\n<p>The S21 XP Hydro has a hashrate of 473 TH\/s and consumes 5670W of power. By using an efficient liquid cooling system, this mining rig can effectively dissipate heat and mine Bitcoin, ensuring the miner operates well under normal temperature conditions<\/p>\n<h2>Informations Compl\u00e9mentaires<\/h2>\n<ul>\n<li>Contactez-nous pour en savoir plus sur les d\u00e9tails des diff\u00e9rentes commandes. Le DDP (prix incluant les frais d'exp\u00e9dition et de douane) peut \u00e9galement \u00eatre disponible dans certains pays.<\/li>\n<li>Une commande ou une pr\u00e9commande ne peut en aucun cas \u00eatre annul\u00e9e, car elle est consid\u00e9r\u00e9e comme d\u00e9finitive une fois qu'elle a \u00e9t\u00e9 confirm\u00e9e par nos soins.<\/li>\n<\/ul>","protected":false},"excerpt":{"rendered":"<p>Description Bitmain will launch its new Bitcoin miner, the Antminer S21 XP Hydro, in Oct 2024. It achieves a new high hashrate of 473 TH\/s and has a power consumption of 5670 watts, using the SHA-256 algorithm Specification Brand Bitmain SKU Antminer S21 XP Hydro Also called Antminer S21 XP Hydro Launch Oct 2024 Net [&hellip;]<\/p>","protected":false},"featured_media":2729,"comment_status":"open","ping_status":"closed","template":"","meta":[],"product_brand":[],"product_cat":[33,44],"product_tag":[],"class_list":{"0":"post-2728","1":"product","2":"type-product","3":"status-publish","4":"has-post-thumbnail","6":"product_cat-antminer","7":"product_cat-bitcoin-mining","9":"first","10":"instock","11":"shipping-taxable","12":"purchasable","13":"product-type-simple"},"_links":{"self":[{"href":"https:\/\/minersking.com\/fr\/wp-json\/wp\/v2\/product\/2728","targetHints":{"allow":["GET"]}}],"collection":[{"href":"https:\/\/minersking.com\/fr\/wp-json\/wp\/v2\/product"}],"about":[{"href":"https:\/\/minersking.com\/fr\/wp-json\/wp\/v2\/types\/product"}],"replies":[{"embeddable":true,"href":"https:\/\/minersking.com\/fr\/wp-json\/wp\/v2\/comments?post=2728"}],"wp:featuredmedia":[{"embeddable":true,"href":"https:\/\/minersking.com\/fr\/wp-json\/wp\/v2\/media\/2729"}],"wp:attachment":[{"href":"https:\/\/minersking.com\/fr\/wp-json\/wp\/v2\/media?parent=2728"}],"wp:term":[{"taxonomy":"product_brand","embeddable":true,"href":"https:\/\/minersking.com\/fr\/wp-json\/wp\/v2\/product_brand?post=2728"},{"taxonomy":"product_cat","embeddable":true,"href":"https:\/\/minersking.com\/fr\/wp-json\/wp\/v2\/product_cat?post=2728"},{"taxonomy":"product_tag","embeddable":true,"href":"https:\/\/minersking.com\/fr\/wp-json\/wp\/v2\/product_tag?post=2728"}],"curies":[{"name":"wp","href":"https:\/\/api.w.org\/{rel}","templated":true}]}}