{"id":3065,"date":"2024-09-23T05:41:55","date_gmt":"2024-09-23T05:41:55","guid":{"rendered":"https:\/\/minersking.com\/?post_type=product&#038;p=3065"},"modified":"2024-09-23T10:28:22","modified_gmt":"2024-09-23T10:28:22","slug":"goldshell-al-box-ii-plus-alephium-mining-hardware-1th-s","status":"publish","type":"product","link":"https:\/\/minersking.com\/fr\/produit\/goldshell-al-box-ii-plus-alephium-mining-hardware-1th-s\/","title":{"rendered":"Goldshell AL BOX II Plus Alephium Mining Hardware (1TH\/s)"},"content":{"rendered":"<h2>Description<\/h2>\n<p>Le\u00a0<strong>Goldshell AL BOX II Plus<\/strong>\u00a0is an upgrade over its predecessor, providing twice the hash rate (<strong>1 TH\/s<\/strong>), doubling the earnings potential for Alephium mining, and offering superior efficiency\u2014ideal for home mining! With only\u00a0<strong>480W<\/strong>\u00a0power consumption, the Goldshell AL-BOX maximizes profitability while keeping operating costs low<\/p>\n<h2>Sp\u00e9cifications<\/h2>\n<table>\n<tbody>\n<tr>\n<td width=\"496\">Taille<\/td>\n<td width=\"706\">198 x 150 x 96mm<\/td>\n<\/tr>\n<tr>\n<td width=\"496\">Algorithme<\/td>\n<td width=\"706\">Blake3<\/td>\n<\/tr>\n<tr>\n<td width=\"496\">Poids<\/td>\n<td width=\"706\">2200g<\/td>\n<\/tr>\n<tr>\n<td width=\"496\">Port r\u00e9seau<\/td>\n<td width=\"706\">Ethernet<\/td>\n<\/tr>\n<tr>\n<td width=\"496\">Tension d&#039;entr\u00e9e<\/td>\n<td width=\"706\">100-240V<\/td>\n<\/tr>\n<tr>\n<td width=\"496\">Temp\u00e9rature de fonctionnement<\/td>\n<td width=\"706\">5~35 \u2103<\/td>\n<\/tr>\n<\/tbody>\n<\/table>\n<h4 class=\"font-satoshi text-xl text-black dark:text-white md:text-xl lg:mb-2 lg:text-heading-5 xl:text-heading-5\">Algorithmes<\/h4>\n<p>Algorithm: Blake3<\/p>\n<p>Hashrate:\u00a0 1TH\/s<\/p>\n<p>Consumption: 480W<\/p>\n<p>Minable coins: Alephium(ALPH)<\/p>\n<p>&nbsp;<\/p>\n<h3><strong>Alephium Miner for Home Mining<\/strong><\/h3>\n<p>Goldshell has launched its upgraded miner for mining Alephium (ALPH). With a hash rate of 1 TH\/s and a power consumption of 480W. The AL-BOX II is a solid choice for home miners. Its low power consumption and impressive computing power make the AL-BOX II Plus an attractive option for those interested in mining Alephium<\/p>\n<h2>Informations Compl\u00e9mentaires<\/h2>\n<ul>\n<li>Contact us to learn more about the details on different orders. Additionally, DDP (PRICE including shipping and customs fees) may also be available in some countries.<\/li>\n<li>Une commande ou une pr\u00e9commande ne peut en aucun cas \u00eatre annul\u00e9e, car elle est consid\u00e9r\u00e9e comme d\u00e9finitive une fois qu'elle a \u00e9t\u00e9 confirm\u00e9e par nos soins.<\/li>\n<\/ul>","protected":false},"excerpt":{"rendered":"<p>Le\u00a0<strong>Goldshell AL BOX II Plus<\/strong>\u00a0is an upgrade over its predecessor, providing twice the hash rate (<strong>1 TH\/s<\/strong>), doubling the earnings potential for Alephium mining, and offering superior efficiency\u2014ideal for home mining! With only\u00a0<strong>480W<\/strong>\u00a0power consumption, the Goldshell AL-BOX maximizes profitability while keeping operating costs low<\/p>\n<p>&nbsp;<\/p>","protected":false},"featured_media":3066,"comment_status":"open","ping_status":"closed","template":"","meta":[],"product_brand":[],"product_cat":[91,92],"product_tag":[],"class_list":{"0":"post-3065","1":"product","2":"type-product","3":"status-publish","4":"has-post-thumbnail","6":"product_cat-goldshell","7":"product_cat-alph-mining","9":"first","10":"instock","11":"shipping-taxable","12":"purchasable","13":"product-type-simple"},"_links":{"self":[{"href":"https:\/\/minersking.com\/fr\/wp-json\/wp\/v2\/product\/3065","targetHints":{"allow":["GET"]}}],"collection":[{"href":"https:\/\/minersking.com\/fr\/wp-json\/wp\/v2\/product"}],"about":[{"href":"https:\/\/minersking.com\/fr\/wp-json\/wp\/v2\/types\/product"}],"replies":[{"embeddable":true,"href":"https:\/\/minersking.com\/fr\/wp-json\/wp\/v2\/comments?post=3065"}],"wp:featuredmedia":[{"embeddable":true,"href":"https:\/\/minersking.com\/fr\/wp-json\/wp\/v2\/media\/3066"}],"wp:attachment":[{"href":"https:\/\/minersking.com\/fr\/wp-json\/wp\/v2\/media?parent=3065"}],"wp:term":[{"taxonomy":"product_brand","embeddable":true,"href":"https:\/\/minersking.com\/fr\/wp-json\/wp\/v2\/product_brand?post=3065"},{"taxonomy":"product_cat","embeddable":true,"href":"https:\/\/minersking.com\/fr\/wp-json\/wp\/v2\/product_cat?post=3065"},{"taxonomy":"product_tag","embeddable":true,"href":"https:\/\/minersking.com\/fr\/wp-json\/wp\/v2\/product_tag?post=3065"}],"curies":[{"name":"wp","href":"https:\/\/api.w.org\/{rel}","templated":true}]}}