{"id":2614,"date":"2024-07-30T10:17:07","date_gmt":"2024-07-30T10:17:07","guid":{"rendered":"https:\/\/minersking.com\/?page_id=2614"},"modified":"2024-07-30T10:27:47","modified_gmt":"2024-07-30T10:27:47","slug":"shipping-policy","status":"publish","type":"page","link":"https:\/\/minersking.com\/it\/shipping-policy\/","title":{"rendered":"Politica di spedizione"},"content":{"rendered":"<div data-elementor-type=\"wp-page\" data-elementor-id=\"2614\" class=\"elementor elementor-2614\" data-elementor-post-type=\"page\">\n\t\t\t\t<div class=\"elementor-element elementor-element-3eaecaf2 e-flex e-con-boxed e-con e-parent\" data-id=\"3eaecaf2\" data-element_type=\"container\" data-settings=\"{&quot;ekit_has_onepagescroll_dot&quot;:&quot;yes&quot;}\">\n\t\t\t\t\t<div class=\"e-con-inner\">\n\t\t\t\t<div class=\"elementor-element elementor-element-9661dc6 htmega-title-align-center elementor-widget elementor-widget-section-title-addons\" data-id=\"9661dc6\" data-element_type=\"widget\" data-settings=\"{&quot;ekit_we_effect_on&quot;:&quot;none&quot;}\" data-widget_type=\"section-title-addons.default\">\n\t\t\t\t<div class=\"elementor-widget-container\">\n\t\t\t\t\t            <div class=\"htmega-9661dc6 htmega-section-title htmega-subtitle-position- title-style-two  image-bottom\">\n                <h2 class=\"section-title-txt\">Politica di spedizione<\/h2><div class=\"htmega-title-sperator-sec\"><span class=\"htmega-title-sperator\">&nbsp;<\/span><\/div>            <\/div>\n\n            \n        \t\t\t\t<\/div>\n\t\t\t\t<\/div>\n\t\t\t\t<div class=\"elementor-element elementor-element-10d30572 elementor-widget elementor-widget-text-editor\" data-id=\"10d30572\" data-element_type=\"widget\" data-settings=\"{&quot;ekit_we_effect_on&quot;:&quot;none&quot;}\" data-widget_type=\"text-editor.default\">\n\t\t\t\t<div class=\"elementor-widget-container\">\n\t\t\t\t\t\t\t\t\t<h4><strong><b>Politica dei depositi<\/b><\/strong><\/h4><p>Per alcuni ordini speciali, i clienti devono pagare prima il deposito per bloccare l'ordine (50%). Dopo aver ricevuto la notifica di consegna, il cliente deve pagare il saldo entro 3 giorni lavorativi. In caso di circostanze particolari, il cliente deve informarci in anticipo per la negoziazione.<\/p><p>Se il pagamento finale non viene effettuato entro 1 settimana dalla notifica, il cliente dovr\u00e0 pagare un'ulteriore tassa di deposito di $20 per unit\u00e0. Se il pagamento non viene ricevuto entro 2 settimane, l'ordine verr\u00e0 annullato e il deposito non verr\u00e0 rimborsato per motivi imputabili al cliente.<\/p><p>\u00a0<\/p><h4><strong><b>Politica di spedizione<\/b><\/strong><\/h4><p>Per gli ordini in stock, gli articoli saranno spediti entro 3 giorni lavorativi dall'elaborazione del pagamento.<\/p><p>Per gli ordini in pre-ordine (future-stock), gli articoli saranno spediti entro 3 giorni lavorativi dall'arrivo nel magazzino dell'azienda. Per quanto riguarda la data di uscita, l'azienda fornir\u00e0 sempre ai clienti una stima dei tempi, ma la data di consegna effettiva dipender\u00e0 dal programma del produttore.<\/p><p>Le spese di spedizione per ogni ordine sono determinate dal peso del modello di macchina, dal contenuto dell'ordine e dal paese\/regione di destinazione. I clienti devono consultare l'azienda per ottenere informazioni dettagliate sulle tariffe.<\/p>\t\t\t\t\t\t\t\t<\/div>\n\t\t\t\t<\/div>\n\t\t\t\t\t<\/div>\n\t\t\t\t<\/div>\n\t\t\t\t<\/div>","protected":false},"excerpt":{"rendered":"<p>Shipping Policy &nbsp; Deposit Policy For some special orders, we support the customers to pay the deposit first to lock the order (50%). Upon receiving the delivery notification, the customer must pay the remaining balance within 3 business days. If there are special circumstances, the customer must inform us in advance for negotiation. If the [&hellip;]<\/p>","protected":false},"author":2,"featured_media":0,"parent":0,"menu_order":0,"comment_status":"closed","ping_status":"closed","template":"elementor_header_footer","meta":{"footnotes":""},"class_list":["post-2614","page","type-page","status-publish","hentry"],"blocksy_meta":[],"_links":{"self":[{"href":"https:\/\/minersking.com\/it\/wp-json\/wp\/v2\/pages\/2614","targetHints":{"allow":["GET"]}}],"collection":[{"href":"https:\/\/minersking.com\/it\/wp-json\/wp\/v2\/pages"}],"about":[{"href":"https:\/\/minersking.com\/it\/wp-json\/wp\/v2\/types\/page"}],"author":[{"embeddable":true,"href":"https:\/\/minersking.com\/it\/wp-json\/wp\/v2\/users\/2"}],"replies":[{"embeddable":true,"href":"https:\/\/minersking.com\/it\/wp-json\/wp\/v2\/comments?post=2614"}],"version-history":[{"count":7,"href":"https:\/\/minersking.com\/it\/wp-json\/wp\/v2\/pages\/2614\/revisions"}],"predecessor-version":[{"id":2626,"href":"https:\/\/minersking.com\/it\/wp-json\/wp\/v2\/pages\/2614\/revisions\/2626"}],"wp:attachment":[{"href":"https:\/\/minersking.com\/it\/wp-json\/wp\/v2\/media?parent=2614"}],"curies":[{"name":"wp","href":"https:\/\/api.w.org\/{rel}","templated":true}]}}