{"id":1957,"date":"2024-01-01T05:59:14","date_gmt":"2024-01-01T05:59:14","guid":{"rendered":"http:\/\/minersking.com\/?post_type=product&#038;p=1957"},"modified":"2024-12-09T06:25:09","modified_gmt":"2024-12-09T06:25:09","slug":"bitmain-antminer-s19j-pro-96-100-104t","status":"publish","type":"product","link":"https:\/\/minersking.com\/it\/prodotto\/bitmain-antminer-s19j-pro-96-100-104t\/","title":{"rendered":"BITMAIN Antminer S19j Pro 96\/100\/104T"},"content":{"rendered":"<p>&nbsp;<\/p>\n<div class=\"table-wrapper\">\n<table>\n<tbody>\n<tr>\n<td width=\"564\">Uno sguardo al prodotto<\/td>\n<td width=\"828\">Valore<\/td>\n<\/tr>\n<tr>\n<td width=\"564\">Versione<\/td>\n<td width=\"828\">S19j Pro<\/td>\n<\/tr>\n<tr>\n<td width=\"564\">Algoritmo\/monete crittografiche<\/td>\n<td width=\"828\">SHA256\/BTC\/BCH<\/td>\n<\/tr>\n<tr>\n<td width=\"564\">Hashrate, TH\/s<\/td>\n<td width=\"828\">96\/100\/104 + 3%<\/td>\n<\/tr>\n<tr>\n<td width=\"564\">alimentazione a parete a 25 \u2103, Watt<\/td>\n<td width=\"828\">2832\/2950\/3068 \u00b1 5%<\/td>\n<\/tr>\n<tr>\n<td width=\"564\">efficienza energetica a parete @25\u00b0C, J\/TH<\/td>\n<td width=\"828\">29,5 \u00b1 5%<\/td>\n<\/tr>\n<\/tbody>\n<\/table>\n<\/div>\n<p>&nbsp;<\/p>\n<div class=\"table-wrapper\">\n<table>\n<tbody>\n<tr>\n<td width=\"564\"><strong>Caratteristiche dettagliate<\/strong><\/td>\n<td width=\"828\"><strong>Valore<\/strong><\/td>\n<\/tr>\n<tr>\n<td colspan=\"2\" width=\"1392\"><strong>Alimentazione elettrica<\/strong><\/td>\n<\/tr>\n<tr>\n<td width=\"564\">Tensione di ingresso CA dell&#039;alimentatore, Volt (1-1)<\/td>\n<td width=\"828\">200~240<\/td>\n<\/tr>\n<tr>\n<td width=\"564\">Alimentazione CA Intervallo di frequenza di ingresso, Hz<\/td>\n<td width=\"828\">47~63<\/td>\n<\/tr>\n<tr>\n<td width=\"564\">Alimentazione Corrente di ingresso CA, Amp (1-2)<\/td>\n<td width=\"828\">20(1-3)<\/td>\n<\/tr>\n<tr>\n<td colspan=\"2\" width=\"1392\"><strong>Configurazione hardware<\/strong><\/td>\n<\/tr>\n<tr>\n<td width=\"564\">Modalit\u00e0 di connessione di rete<\/td>\n<td width=\"828\">RJ45 Ethernet 10\/100M<\/td>\n<\/tr>\n<tr>\n<td width=\"564\">Dimensioni del server (lunghezza*larghezza*altezza, senza<\/td>\n<td rowspan=\"2\" width=\"828\">400*195*290<\/td>\n<\/tr>\n<tr>\n<td width=\"564\">confezione), mm(2-1)<\/td>\n<\/tr>\n<tr>\n<td width=\"564\">Dimensioni del server (lunghezza*larghezza*altezza, con imballo), mm<\/td>\n<td width=\"828\">570*316*430<\/td>\n<\/tr>\n<tr>\n<td width=\"564\">Peso netto, kg (2-2)<\/td>\n<td width=\"828\">14.6<\/td>\n<\/tr>\n<tr>\n<td width=\"564\">Peso lordo, kg<\/td>\n<td width=\"828\">15.8<\/td>\n<\/tr>\n<tr>\n<td colspan=\"2\" width=\"1392\"><strong>Requisiti ambientali<\/strong><\/td>\n<\/tr>\n<tr>\n<td width=\"564\">Temperatura di funzionamento, \u00b0C<\/td>\n<td width=\"828\">0~40<\/td>\n<\/tr>\n<tr>\n<td width=\"564\">Temperatura di conservazione, \u00b0C<\/td>\n<td width=\"828\">-20~70<\/td>\n<\/tr>\n<tr>\n<td width=\"564\">Umidit\u00e0 operativa (senza condensa), RH<\/td>\n<td width=\"828\">10~90%<\/td>\n<\/tr>\n<tr>\n<td width=\"564\">Altitudine di funzionamento, m(3-1)<\/td>\n<td width=\"828\">\u22642000<\/td>\n<\/tr>\n<\/tbody>\n<\/table>\n<\/div>\n<p>&nbsp;<\/p>\n<h2><strong>Politica di spedizione<\/strong><\/h2>\n<p>Per gli ordini in stock, gli articoli saranno spediti entro 3 giorni lavorativi dall'elaborazione del pagamento.<\/p>\n<p>&nbsp;<\/p>\n<p>For pre-order (future-stock) orders, the items will be shipped within 3 working days once they have arrived at the company\u2019s warehouse. Regarding the release date, the company will always provide customers with an estimated time frame, but the actual delivery date will depend on the manufacturer\u2019s schedule.<\/p>\n<p>&nbsp;<\/p>\n<p>Le spese di spedizione per ogni ordine sono determinate dal peso del modello di macchina, dal contenuto dell'ordine e dal paese\/regione di destinazione. I clienti devono consultare l'azienda per ottenere informazioni dettagliate sulle tariffe.<\/p>\n<p>&nbsp;<\/p>\n<p>&nbsp;<\/p>\n<h2><strong>Politica dei depositi<\/strong><\/h2>\n<p>Per alcuni ordini speciali, i clienti devono pagare prima il deposito per bloccare l'ordine (50%). Dopo aver ricevuto la notifica di consegna, il cliente deve pagare il saldo entro 3 giorni lavorativi. In caso di circostanze particolari, il cliente deve informarci in anticipo per la negoziazione.<\/p>\n<p>&nbsp;<\/p>\n<p>Se il pagamento finale non viene effettuato entro 1 settimana dalla notifica, il cliente dovr\u00e0 pagare un'ulteriore tassa di deposito di $20 per unit\u00e0. Se il pagamento non viene ricevuto entro 2 settimane, l'ordine verr\u00e0 annullato e il deposito non verr\u00e0 rimborsato per motivi imputabili al cliente.<\/p>\n<p>&nbsp;<\/p>\n<p>&nbsp;<\/p>\n<h2><strong>Prevenzione delle frodi<\/strong><\/h2>\n<p>Please be aware and cautious to avoid being scammed.<\/p>\n<p>&nbsp;<\/p>\n<p><strong><b>Indirizzo ufficiale del portafoglio:<\/b><\/strong><\/p>\n<p>TRC20: TAc7***********************6rby<\/p>\n<p>ERC20: 0x90***********************7bffe<\/p>\n<p>&nbsp;<\/p>\n<p><strong><b>Disclaimer:<\/b><\/strong>\u00a0Currently, there are many scammers impersonating MinersKing members to conduct fraud. Please look for our company\u2019s official contact information and the sales staff contact information on the Contact page. When you are unable to confirm whether the other party is a MinersKing member, please contact us through the official website to verify and confirm. MinersKing will not bear any responsibility for transactions with non-MinersKing member accounts without contacting the official.<\/p>\n<p>&nbsp;<\/p>\n<p>&nbsp;<\/p>\n<h2><strong>Informazioni su MinersKing<\/strong><\/h2>\n<p>Fondata nel 2011, MinersKing \u00e8 un importante fornitore cinese di macchine minerarie con un team altamente qualificato e una vasta esperienza nel settore. Diamo priorit\u00e0 alla fornitura di prodotti e servizi eccezionali ai settori dell&#039;elettronica e dell&#039;estrazione mineraria.<\/p>\n<p>&nbsp;<\/p>\n<p>Through partnerships with industry leaders like Bitmain, MicroBT, Canaan, and more, we offer a diverse range of superior products tailored to meet our clients\u2019 specific requirements. Our comprehensive services, including testing, maintenance, and repair, ensure a seamless purchasing experience.<\/p>\n<p>&nbsp;<\/p>\n<p>Noi di MinersKing siamo fermi nel nostro impegno verso i nostri valori fondamentali di fornire prodotti convenienti e fornire servizi personalizzati della massima qualit\u00e0.<\/p>\n<p>&nbsp;<\/p>\n<p>MinersKing has set up its own warehouses and conducts bulk purchases from factories to offer customers the most competitive prices. With rapid business expansion, apart from multiple warehouses\u00a0and offices\u00a0in mainland China, MinersKing has also established warehouses\u00a0and offices\u00a0in Hong Kong, and Moscow to enhance convenience and reduce logistics costs for customers. Furthermore, MinersKing plans to establish additional warehouses globally to better cater to customer needs.<\/p>","protected":false},"excerpt":{"rendered":"<p>Modello\u00a0<b>Antminer S19j Pro\u00a0<\/b>da\u00a0<b>Bitmain\u00a0<\/b>estrazione\u00a0<b>Algoritmo SHA-256\u00a0<\/b>con un hashrate massimo di\u00a0<b>96Th\/s\u00a0<\/b>A\u00a0<b>104Th\/s<\/b><b>\u00a0<\/b>per un consumo energetico di\u00a0<strong>2832W<\/strong>\u00a0A\u00a0<b>3068W.<\/b><\/p>","protected":false},"featured_media":2698,"comment_status":"open","ping_status":"closed","template":"","meta":[],"product_brand":[],"product_cat":[33,44],"product_tag":[],"class_list":{"0":"post-1957","1":"product","2":"type-product","3":"status-publish","4":"has-post-thumbnail","6":"product_cat-antminer","7":"product_cat-bitcoin-mining","9":"first","10":"outofstock","11":"shipping-taxable","12":"purchasable","13":"product-type-simple"},"_links":{"self":[{"href":"https:\/\/minersking.com\/it\/wp-json\/wp\/v2\/product\/1957","targetHints":{"allow":["GET"]}}],"collection":[{"href":"https:\/\/minersking.com\/it\/wp-json\/wp\/v2\/product"}],"about":[{"href":"https:\/\/minersking.com\/it\/wp-json\/wp\/v2\/types\/product"}],"replies":[{"embeddable":true,"href":"https:\/\/minersking.com\/it\/wp-json\/wp\/v2\/comments?post=1957"}],"wp:featuredmedia":[{"embeddable":true,"href":"https:\/\/minersking.com\/it\/wp-json\/wp\/v2\/media\/2698"}],"wp:attachment":[{"href":"https:\/\/minersking.com\/it\/wp-json\/wp\/v2\/media?parent=1957"}],"wp:term":[{"taxonomy":"product_brand","embeddable":true,"href":"https:\/\/minersking.com\/it\/wp-json\/wp\/v2\/product_brand?post=1957"},{"taxonomy":"product_cat","embeddable":true,"href":"https:\/\/minersking.com\/it\/wp-json\/wp\/v2\/product_cat?post=1957"},{"taxonomy":"product_tag","embeddable":true,"href":"https:\/\/minersking.com\/it\/wp-json\/wp\/v2\/product_tag?post=1957"}],"curies":[{"name":"wp","href":"https:\/\/api.w.org\/{rel}","templated":true}]}}