{"id":2021,"date":"2024-01-01T06:33:28","date_gmt":"2024-01-01T06:33:28","guid":{"rendered":"http:\/\/minersking.com\/?post_type=product&#038;p=2021"},"modified":"2024-12-09T06:45:08","modified_gmt":"2024-12-09T06:45:08","slug":"bitmain-antminer-k7-58-63-5t-ckb-nervos-miner","status":"publish","type":"product","link":"https:\/\/minersking.com\/it\/prodotto\/bitmain-antminer-k7-58-63-5t-ckb-nervos-miner\/","title":{"rendered":"BITMAIN Antminer K7 58\/63.5T CKB Nervos Minatore"},"content":{"rendered":"<p>&nbsp;<\/p>\n<p>&nbsp;<\/p>\n<div class=\"table-wrapper\">\n<table>\n<tbody>\n<tr>\n<td width=\"496\">Misurare<\/td>\n<td width=\"706\">570 mm*316 mm*430 mm<\/td>\n<\/tr>\n<tr>\n<td width=\"496\">Algoritmo<\/td>\n<td width=\"706\">Eaglesong<\/td>\n<\/tr>\n<tr>\n<td width=\"496\">Peso<\/td>\n<td width=\"706\">17,7 kg<\/td>\n<\/tr>\n<tr>\n<td width=\"496\">Porta di connessione<\/td>\n<td width=\"706\">\n<p class=\"tgt color_text_0 un-step-trans\" data-section=\"0\"><span class=\"tgt color_text_0 highlight\" data-section=\"0\" data-sentence=\"0\" data-group=\"0-0\">RJ45Ethernet 10\/100M<\/span><\/p>\n<\/td>\n<\/tr>\n<tr>\n<td width=\"496\">Tensione in ingresso<\/td>\n<td width=\"706\">200~240 V<\/td>\n<\/tr>\n<tr>\n<td width=\"496\">Temp. operativa<\/td>\n<td width=\"706\">-20~70 \u2103 (Posizionare in un ambiente con una buona circolazione d&#039;aria)<\/td>\n<\/tr>\n<\/tbody>\n<\/table>\n<\/div>\n<p>&nbsp;<\/p>\n<h2><strong>Politica di spedizione<\/strong><\/h2>\n<p>Per gli ordini in stock, gli articoli saranno spediti entro 3 giorni lavorativi dall'elaborazione del pagamento.<\/p>\n<p>&nbsp;<\/p>\n<p>For pre-order (future-stock) orders, the items will be shipped within 3 working days once they have arrived at the company\u2019s warehouse. Regarding the release date, the company will always provide customers with an estimated time frame, but the actual delivery date will depend on the manufacturer\u2019s schedule.<\/p>\n<p>&nbsp;<\/p>\n<p>Le spese di spedizione per ogni ordine sono determinate dal peso del modello di macchina, dal contenuto dell'ordine e dal paese\/regione di destinazione. I clienti devono consultare l'azienda per ottenere informazioni dettagliate sulle tariffe.<\/p>\n<p>&nbsp;<\/p>\n<p>&nbsp;<\/p>\n<h2><strong>Politica dei depositi<\/strong><\/h2>\n<p>Per alcuni ordini speciali, i clienti devono pagare prima il deposito per bloccare l'ordine (50%). Dopo aver ricevuto la notifica di consegna, il cliente deve pagare il saldo entro 3 giorni lavorativi. In caso di circostanze particolari, il cliente deve informarci in anticipo per la negoziazione.<\/p>\n<p>&nbsp;<\/p>\n<p>Se il pagamento finale non viene effettuato entro 1 settimana dalla notifica, il cliente dovr\u00e0 pagare un'ulteriore tassa di deposito di $20 per unit\u00e0. Se il pagamento non viene ricevuto entro 2 settimane, l'ordine verr\u00e0 annullato e il deposito non verr\u00e0 rimborsato per motivi imputabili al cliente.<\/p>\n<p>&nbsp;<\/p>\n<p>&nbsp;<\/p>\n<h2><strong>Prevenzione delle frodi<\/strong><\/h2>\n<p>Please be aware and cautious to avoid being scammed.<\/p>\n<p>&nbsp;<\/p>\n<p><strong><b>Indirizzo ufficiale del portafoglio:<\/b><\/strong><\/p>\n<p>TRC20: TAc7***********************6rby<\/p>\n<p>ERC20: 0x90***********************7bffe<\/p>\n<p>&nbsp;<\/p>\n<p><strong><b>Disclaimer:<\/b><\/strong>\u00a0Currently, there are many scammers impersonating MinersKing members to conduct fraud. Please look for our company\u2019s official contact information and the sales staff contact information on the Contact page. When you are unable to confirm whether the other party is a MinersKing member, please contact us through the official website to verify and confirm. MinersKing will not bear any responsibility for transactions with non-MinersKing member accounts without contacting the official.<\/p>\n<p>&nbsp;<\/p>\n<p>&nbsp;<\/p>\n<h2><strong>Informazioni su MinersKing<\/strong><\/h2>\n<p>Fondata nel 2011, MinersKing \u00e8 un importante fornitore cinese di macchine minerarie con un team altamente qualificato e una vasta esperienza nel settore. Diamo priorit\u00e0 alla fornitura di prodotti e servizi eccezionali ai settori dell&#039;elettronica e dell&#039;estrazione mineraria.<\/p>\n<p>&nbsp;<\/p>\n<p>Through partnerships with industry leaders like Bitmain, MicroBT, Canaan, and more, we offer a diverse range of superior products tailored to meet our clients\u2019 specific requirements. Our comprehensive services, including testing, maintenance, and repair, ensure a seamless purchasing experience.<\/p>\n<p>&nbsp;<\/p>\n<p>Noi di MinersKing siamo fermi nel nostro impegno verso i nostri valori fondamentali di fornire prodotti convenienti e fornire servizi personalizzati della massima qualit\u00e0.<\/p>\n<p>&nbsp;<\/p>\n<p>MinersKing has set up its own warehouses and conducts bulk purchases from factories to offer customers the most competitive prices. With rapid business expansion, apart from multiple warehouses\u00a0and offices\u00a0in mainland China, MinersKing has also established warehouses\u00a0and offices\u00a0in Hong Kong, and Moscow to enhance convenience and reduce logistics costs for customers. Furthermore, MinersKing plans to establish additional warehouses globally to better cater to customer needs.<\/p>","protected":false},"excerpt":{"rendered":"<p>Modello\u00a0<strong>Antminer\u00a0<b>K7\uff0863.5Th\uff09<\/b><\/strong>da<strong>\u00a0Bitmain\u00a0<\/strong>estrazione\u00a0<strong>Algoritmo KHeavyHash<\/strong>\u00a0con un hashrate massimo di\u00a0<strong>58Th\/s\u00a0<\/strong>A\u00a0<b>63,5Th\/s<\/b>per un consumo energetico di\u00a0<strong>2813W<\/strong>\u00a0A\u00a0<strong>3500W.<\/strong><\/p>","protected":false},"featured_media":2713,"comment_status":"open","ping_status":"closed","template":"","meta":[],"product_brand":[],"product_cat":[33,86],"product_tag":[],"class_list":{"0":"post-2021","1":"product","2":"type-product","3":"status-publish","4":"has-post-thumbnail","6":"product_cat-antminer","7":"product_cat-ckb-mining","9":"first","10":"outofstock","11":"shipping-taxable","12":"purchasable","13":"product-type-simple"},"_links":{"self":[{"href":"https:\/\/minersking.com\/it\/wp-json\/wp\/v2\/product\/2021","targetHints":{"allow":["GET"]}}],"collection":[{"href":"https:\/\/minersking.com\/it\/wp-json\/wp\/v2\/product"}],"about":[{"href":"https:\/\/minersking.com\/it\/wp-json\/wp\/v2\/types\/product"}],"replies":[{"embeddable":true,"href":"https:\/\/minersking.com\/it\/wp-json\/wp\/v2\/comments?post=2021"}],"wp:featuredmedia":[{"embeddable":true,"href":"https:\/\/minersking.com\/it\/wp-json\/wp\/v2\/media\/2713"}],"wp:attachment":[{"href":"https:\/\/minersking.com\/it\/wp-json\/wp\/v2\/media?parent=2021"}],"wp:term":[{"taxonomy":"product_brand","embeddable":true,"href":"https:\/\/minersking.com\/it\/wp-json\/wp\/v2\/product_brand?post=2021"},{"taxonomy":"product_cat","embeddable":true,"href":"https:\/\/minersking.com\/it\/wp-json\/wp\/v2\/product_cat?post=2021"},{"taxonomy":"product_tag","embeddable":true,"href":"https:\/\/minersking.com\/it\/wp-json\/wp\/v2\/product_tag?post=2021"}],"curies":[{"name":"wp","href":"https:\/\/api.w.org\/{rel}","templated":true}]}}