{"id":2073,"date":"2024-01-01T07:01:57","date_gmt":"2024-01-01T07:01:57","guid":{"rendered":"http:\/\/minersking.com\/?post_type=product&#038;p=2073"},"modified":"2024-08-30T06:27:54","modified_gmt":"2024-08-30T06:27:54","slug":"iceriver-ks3m-6th","status":"publish","type":"product","link":"https:\/\/minersking.com\/it\/prodotto\/iceriver-ks3m-6th\/","title":{"rendered":"Iceriver KS3M Kaspa ASIC Miner (6TH\/s)"},"content":{"rendered":"<div class=\"woocommerce-tabs wc-tabs-wrapper\">\n<h2>Descrizione<\/h2>\n<p><strong>IceRiver KS3M<\/strong> is designed in Sep 2023. It uses the <strong>Algoritmo KHeavyHash<\/strong>\u00a0and can reach a peak hashrate of<strong> 6 TH\/s<\/strong>\u00a0consumando solo\u00a0<strong>3400W<\/strong>\u00a0di potenza.<\/p>\n<div class=\"table-wrapper\">\n<table width=\"1026\">\n<tbody>\n<tr>\n<td width=\"265\">KAS Hashrate<\/td>\n<td width=\"265\">6\u00b0\/S(\u00b110%)<\/td>\n<\/tr>\n<tr>\n<td width=\"265\">Potenza del muro<\/td>\n<td width=\"265\">3400 W\/h(\u00b110%)<\/td>\n<\/tr>\n<tr>\n<td width=\"265\">Specifiche<\/td>\n<td width=\"265\">6\u00b0 3400W<\/td>\n<\/tr>\n<tr>\n<td width=\"265\">Dimensione (con imballaggio)<\/td>\n<td width=\"265\">490\u00d7300\u00d7400(millimetro)<\/td>\n<\/tr>\n<tr>\n<td width=\"265\">Dimensione<\/td>\n<td width=\"265\">370\u00d7195\u00d7290(millimetro)<\/td>\n<\/tr>\n<tr>\n<td width=\"265\">Peso lordo<\/td>\n<td width=\"265\">17,1 kg<\/td>\n<\/tr>\n<tr>\n<td width=\"265\">Peso netto<\/td>\n<td width=\"265\">14,4 kg<\/td>\n<\/tr>\n<tr>\n<td width=\"265\">Connessione<\/td>\n<td width=\"265\">ethernet<\/td>\n<\/tr>\n<tr>\n<td width=\"265\">Ingresso tensione<\/td>\n<td width=\"265\">170-300 V CA<\/td>\n<\/tr>\n<tr>\n<td width=\"265\">Working Temp<\/td>\n<td width=\"265\">0~35 \u2103<\/td>\n<\/tr>\n<\/tbody>\n<\/table>\n<\/div>\n<\/div>\n<div>\n<h4 class=\"font-satoshi text-xl text-black dark:text-white md:text-xl lg:mb-2 lg:text-heading-5 xl:text-heading-5\">Algoritmi<\/h4>\n<p>Algoritmo: KHeavyHash<\/p>\n<p>Hashrate: 6TH\/s<\/p>\n<p>Consumo: 3400W<\/p>\n<p>Minable coins: Kaspa(KAS)<\/p>\n<h4>Raffreddamento ad aria Kaspa Miner<\/h4>\n<p>Iceriver released a new Kaspa miner called the KS3M in Sep 2023. It has a hashrate of 6 TH\/s and uses 3400 W of power to mine Kaspa coins.<\/p>\n<p>Il noto marchio Iceriver ha ottimizzato finemente il suo prodotto per l'algoritmo KHeavyHash. \u00c8 dotato di un sistema di raffreddamento ad aria che aiuta a rimuovere il calore prodotto durante il processo di mining delle criptovalute. Consigliamo vivamente questo mining rig Kaspa a chiunque voglia minare monete Kaspa in modo efficiente e redditizio.<\/p>\n<h2>Informazioni aggiuntive<\/h2>\n<ul>\n<li>Contact us to learn more about the details on different orders. Additionally, DDP (PRICE including shipping and customs fees) may also be available in some countries.<\/li>\n<li>An order or pre-order cannot be canceled under any circumstances, as it is considered final once it has been confirmed with us.<\/li>\n<\/ul>\n<\/div>","protected":false},"excerpt":{"rendered":"<p>Description IceRiver KS3M is designed in Sep 2023. It uses the KHeavyHash algorithm\u00a0and can reach a peak hashrate of 6 TH\/s\u00a0while consuming only\u00a03400W\u00a0of power. KAS Hashrate 6TH\/S(\u00b110%) Wall Power 3400W\/h(\u00b110%) Specifications 6TH 3400W Dimension(with packaging) 490\u00d7300\u00d7400(mm) Dimension 370\u00d7195\u00d7290(mm) Gross Weight 17.1kg Net Weight 14.4kg Connection ethernet Voltage Input 170-300V AC Working Temp 0~35 \u2103 Algorithms [&hellip;]<\/p>","protected":false},"featured_media":2079,"comment_status":"open","ping_status":"closed","template":"","meta":[],"product_brand":[],"product_cat":[36,85],"product_tag":[],"class_list":{"0":"post-2073","1":"product","2":"type-product","3":"status-publish","4":"has-post-thumbnail","6":"product_cat-iceriver","7":"product_cat-iceriver-kaspa-mining","9":"first","10":"instock","11":"featured","12":"shipping-taxable","13":"purchasable","14":"product-type-simple"},"_links":{"self":[{"href":"https:\/\/minersking.com\/it\/wp-json\/wp\/v2\/product\/2073","targetHints":{"allow":["GET"]}}],"collection":[{"href":"https:\/\/minersking.com\/it\/wp-json\/wp\/v2\/product"}],"about":[{"href":"https:\/\/minersking.com\/it\/wp-json\/wp\/v2\/types\/product"}],"replies":[{"embeddable":true,"href":"https:\/\/minersking.com\/it\/wp-json\/wp\/v2\/comments?post=2073"}],"wp:featuredmedia":[{"embeddable":true,"href":"https:\/\/minersking.com\/it\/wp-json\/wp\/v2\/media\/2079"}],"wp:attachment":[{"href":"https:\/\/minersking.com\/it\/wp-json\/wp\/v2\/media?parent=2073"}],"wp:term":[{"taxonomy":"product_brand","embeddable":true,"href":"https:\/\/minersking.com\/it\/wp-json\/wp\/v2\/product_brand?post=2073"},{"taxonomy":"product_cat","embeddable":true,"href":"https:\/\/minersking.com\/it\/wp-json\/wp\/v2\/product_cat?post=2073"},{"taxonomy":"product_tag","embeddable":true,"href":"https:\/\/minersking.com\/it\/wp-json\/wp\/v2\/product_tag?post=2073"}],"curies":[{"name":"wp","href":"https:\/\/api.w.org\/{rel}","templated":true}]}}