{"id":2073,"date":"2024-01-01T07:01:57","date_gmt":"2024-01-01T07:01:57","guid":{"rendered":"http:\/\/minersking.com\/?post_type=product&#038;p=2073"},"modified":"2024-08-30T06:27:54","modified_gmt":"2024-08-30T06:27:54","slug":"iceriver-ks3m-6th","status":"publish","type":"product","link":"https:\/\/minersking.com\/ru\/product\/iceriver-ks3m-6th\/","title":{"rendered":"Iceriver KS3M Kaspa ASIC Miner (6TH\/s)"},"content":{"rendered":"<div class=\"woocommerce-tabs wc-tabs-wrapper\">\n<h2>\u041e\u043f\u0438\u0441\u0430\u043d\u0438\u0435<\/h2>\n<p><strong>IceRiver KS3M<\/strong> is designed in Sep 2023. It uses the <strong>\u0410\u043b\u0433\u043e\u0440\u0438\u0442\u043c KHeavyHash<\/strong>\u00a0and can reach a peak hashrate of<strong> 6 TH\/s<\/strong>\u00a0\u043f\u043e\u0442\u0440\u0435\u0431\u043b\u044f\u044f \u043f\u0440\u0438 \u044d\u0442\u043e\u043c \u0442\u043e\u043b\u044c\u043a\u043e\u00a0<strong>3400 \u0412\u0442<\/strong>\u00a0\u0432\u043b\u0430\u0441\u0442\u0438.<\/p>\n<div class=\"table-wrapper\">\n<table width=\"1026\">\n<tbody>\n<tr>\n<td width=\"265\">\u0425\u0435\u0448\u0440\u0435\u0439\u0442 KAS<\/td>\n<td width=\"265\">6\u0422\/\u0421(\u00b110%)<\/td>\n<\/tr>\n<tr>\n<td width=\"265\">\u041d\u0430\u0441\u0442\u0435\u043d\u043d\u0430\u044f \u043c\u043e\u0449\u043d\u043e\u0441\u0442\u044c<\/td>\n<td width=\"265\">3400 \u0412\u0442\/\u0447 (\u00b110%)<\/td>\n<\/tr>\n<tr>\n<td width=\"265\">\u0422\u0435\u0445\u043d\u0438\u0447\u0435\u0441\u043a\u0438\u0435 \u0445\u0430\u0440\u0430\u043a\u0442\u0435\u0440\u0438\u0441\u0442\u0438\u043a\u0438<\/td>\n<td width=\"265\">6-\u0439 3400 \u0412\u0442<\/td>\n<\/tr>\n<tr>\n<td width=\"265\">\u0420\u0430\u0437\u043c\u0435\u0440 (\u0441 \u0443\u043f\u0430\u043a\u043e\u0432\u043a\u043e\u0439)<\/td>\n<td width=\"265\">490\u00d7300\u00d7400(\u043c\u043c)<\/td>\n<\/tr>\n<tr>\n<td width=\"265\">\u0418\u0437\u043c\u0435\u0440\u0435\u043d\u0438\u0435<\/td>\n<td width=\"265\">370\u00d7195\u00d7290(\u043c\u043c)<\/td>\n<\/tr>\n<tr>\n<td width=\"265\">\u0412\u0435\u0441 \u0431\u0440\u0443\u0442\u0442\u043e<\/td>\n<td width=\"265\">17,1 \u043a\u0433<\/td>\n<\/tr>\n<tr>\n<td width=\"265\">\u0412\u0435\u0441 \u043d\u0435\u0442\u0442\u043e<\/td>\n<td width=\"265\">14,4 \u043a\u0433<\/td>\n<\/tr>\n<tr>\n<td width=\"265\">\u0421\u0432\u044f\u0437\u044c<\/td>\n<td width=\"265\">Ethernet<\/td>\n<\/tr>\n<tr>\n<td width=\"265\">\u0412\u0445\u043e\u0434\u043d\u043e\u0435 \u043d\u0430\u043f\u0440\u044f\u0436\u0435\u043d\u0438\u0435<\/td>\n<td width=\"265\">170\u2013300 \u0412 \u043f\u0435\u0440\u0435\u043c\u0435\u043d\u043d\u043e\u0433\u043e \u0442\u043e\u043a\u0430<\/td>\n<\/tr>\n<tr>\n<td width=\"265\">\u0420\u0430\u0431\u043e\u0447\u0430\u044f \u0442\u0435\u043c\u043f\u0435\u0440\u0430\u0442\u0443\u0440\u0430<\/td>\n<td width=\"265\">0~35 \u2103<\/td>\n<\/tr>\n<\/tbody>\n<\/table>\n<\/div>\n<\/div>\n<div>\n<h4 class=\"font-satoshi text-xl text-black dark:text-white md:text-xl lg:mb-2 lg:text-heading-5 xl:text-heading-5\">\u0410\u043b\u0433\u043e\u0440\u0438\u0442\u043c\u044b<\/h4>\n<p>\u0410\u043b\u0433\u043e\u0440\u0438\u0442\u043c: KHeavyHash<\/p>\n<p>Hashrate: 6TH\/s<\/p>\n<p>\u041f\u043e\u0442\u0440\u0435\u0431\u043b\u0435\u043d\u0438\u0435: 3400W<\/p>\n<p>Minable coins: Kaspa(KAS)<\/p>\n<h4>\u0428\u0430\u0445\u0442\u0435\u0440 \u041a\u0430\u0441\u043f\u0430 \u0441 \u0432\u043e\u0437\u0434\u0443\u0448\u043d\u044b\u043c \u043e\u0445\u043b\u0430\u0436\u0434\u0435\u043d\u0438\u0435\u043c<\/h4>\n<p>Iceriver released a new Kaspa miner called the KS3M in Sep 2023. It has a hashrate of 6 TH\/s and uses 3400 W of power to mine Kaspa coins.<\/p>\n<p>\u0418\u0437\u0432\u0435\u0441\u0442\u043d\u044b\u0439 \u0431\u0440\u0435\u043d\u0434 Iceriver \u043e\u043f\u0442\u0438\u043c\u0438\u0437\u0438\u0440\u043e\u0432\u0430\u043b \u0441\u0432\u043e\u0439 \u043f\u0440\u043e\u0434\u0443\u043a\u0442 \u0434\u043b\u044f \u0440\u0430\u0431\u043e\u0442\u044b \u0441 \u0430\u043b\u0433\u043e\u0440\u0438\u0442\u043c\u043e\u043c KHeavyHash. \u041e\u043d \u043e\u0441\u043d\u0430\u0449\u0435\u043d \u0441\u0438\u0441\u0442\u0435\u043c\u043e\u0439 \u0432\u043e\u0437\u0434\u0443\u0448\u043d\u043e\u0433\u043e \u043e\u0445\u043b\u0430\u0436\u0434\u0435\u043d\u0438\u044f, \u043a\u043e\u0442\u043e\u0440\u0430\u044f \u043f\u043e\u043c\u043e\u0433\u0430\u0435\u0442 \u043e\u0442\u0432\u043e\u0434\u0438\u0442\u044c \u0442\u0435\u043f\u043b\u043e, \u0432\u044b\u0434\u0435\u043b\u044f\u0435\u043c\u043e\u0435 \u0432 \u043f\u0440\u043e\u0446\u0435\u0441\u0441\u0435 \u0434\u043e\u0431\u044b\u0447\u0438 \u043a\u0440\u0438\u043f\u0442\u043e\u0432\u0430\u043b\u044e\u0442\u044b. \u041c\u044b \u043d\u0430\u0441\u0442\u043e\u044f\u0442\u0435\u043b\u044c\u043d\u043e \u0440\u0435\u043a\u043e\u043c\u0435\u043d\u0434\u0443\u0435\u043c \u044d\u0442\u0443 \u0443\u0441\u0442\u0430\u043d\u043e\u0432\u043a\u0443 \u0434\u043b\u044f \u043c\u0430\u0439\u043d\u0438\u043d\u0433\u0430 Kaspa \u0432\u0441\u0435\u043c, \u043a\u0442\u043e \u0445\u043e\u0447\u0435\u0442 \u044d\u0444\u0444\u0435\u043a\u0442\u0438\u0432\u043d\u043e \u0438 \u043f\u0440\u0438\u0431\u044b\u043b\u044c\u043d\u043e \u0434\u043e\u0431\u044b\u0432\u0430\u0442\u044c \u043c\u043e\u043d\u0435\u0442\u044b Kaspa.<\/p>\n<h2>\u0414\u043e\u043f\u043e\u043b\u043d\u0438\u0442\u0435\u043b\u044c\u043d\u0430\u044f \u0438\u043d\u0444\u043e\u0440\u043c\u0430\u0446\u0438\u044f<\/h2>\n<ul>\n<li>Contact us to learn more about the details on different orders. Additionally, DDP (PRICE including shipping and customs fees) may also be available in some countries.<\/li>\n<li>\u0417\u0430\u043a\u0430\u0437 \u0438\u043b\u0438 \u043f\u0440\u0435\u0434\u0432\u0430\u0440\u0438\u0442\u0435\u043b\u044c\u043d\u044b\u0439 \u0437\u0430\u043a\u0430\u0437 \u043d\u0435 \u043c\u043e\u0436\u0435\u0442 \u0431\u044b\u0442\u044c \u043e\u0442\u043c\u0435\u043d\u0435\u043d \u043d\u0438 \u043f\u0440\u0438 \u043a\u0430\u043a\u0438\u0445 \u043e\u0431\u0441\u0442\u043e\u044f\u0442\u0435\u043b\u044c\u0441\u0442\u0432\u0430\u0445, \u0442\u0430\u043a \u043a\u0430\u043a \u043e\u043d \u0441\u0447\u0438\u0442\u0430\u0435\u0442\u0441\u044f \u043e\u043a\u043e\u043d\u0447\u0430\u0442\u0435\u043b\u044c\u043d\u044b\u043c, \u043a\u0430\u043a \u0442\u043e\u043b\u044c\u043a\u043e \u043e\u043d \u0431\u044b\u043b \u043f\u043e\u0434\u0442\u0432\u0435\u0440\u0436\u0434\u0435\u043d \u043d\u0430\u043c\u0438.<\/li>\n<\/ul>\n<\/div>","protected":false},"excerpt":{"rendered":"<p>Description IceRiver KS3M is designed in Sep 2023. It uses the KHeavyHash algorithm\u00a0and can reach a peak hashrate of 6 TH\/s\u00a0while consuming only\u00a03400W\u00a0of power. KAS Hashrate 6TH\/S(\u00b110%) Wall Power 3400W\/h(\u00b110%) Specifications 6TH 3400W Dimension(with packaging) 490\u00d7300\u00d7400(mm) Dimension 370\u00d7195\u00d7290(mm) Gross Weight 17.1kg Net Weight 14.4kg Connection ethernet Voltage Input 170-300V AC Working Temp 0~35 \u2103 Algorithms [&hellip;]<\/p>","protected":false},"featured_media":2079,"comment_status":"open","ping_status":"closed","template":"","meta":[],"product_brand":[],"product_cat":[36,85],"product_tag":[],"class_list":{"0":"post-2073","1":"product","2":"type-product","3":"status-publish","4":"has-post-thumbnail","6":"product_cat-iceriver","7":"product_cat-iceriver-kaspa-mining","9":"first","10":"instock","11":"featured","12":"shipping-taxable","13":"purchasable","14":"product-type-simple"},"_links":{"self":[{"href":"https:\/\/minersking.com\/ru\/wp-json\/wp\/v2\/product\/2073","targetHints":{"allow":["GET"]}}],"collection":[{"href":"https:\/\/minersking.com\/ru\/wp-json\/wp\/v2\/product"}],"about":[{"href":"https:\/\/minersking.com\/ru\/wp-json\/wp\/v2\/types\/product"}],"replies":[{"embeddable":true,"href":"https:\/\/minersking.com\/ru\/wp-json\/wp\/v2\/comments?post=2073"}],"wp:featuredmedia":[{"embeddable":true,"href":"https:\/\/minersking.com\/ru\/wp-json\/wp\/v2\/media\/2079"}],"wp:attachment":[{"href":"https:\/\/minersking.com\/ru\/wp-json\/wp\/v2\/media?parent=2073"}],"wp:term":[{"taxonomy":"product_brand","embeddable":true,"href":"https:\/\/minersking.com\/ru\/wp-json\/wp\/v2\/product_brand?post=2073"},{"taxonomy":"product_cat","embeddable":true,"href":"https:\/\/minersking.com\/ru\/wp-json\/wp\/v2\/product_cat?post=2073"},{"taxonomy":"product_tag","embeddable":true,"href":"https:\/\/minersking.com\/ru\/wp-json\/wp\/v2\/product_tag?post=2073"}],"curies":[{"name":"wp","href":"https:\/\/api.w.org\/{rel}","templated":true}]}}