{"id":2080,"date":"2024-01-01T07:04:02","date_gmt":"2024-01-01T07:04:02","guid":{"rendered":"http:\/\/minersking.com\/?post_type=product&#038;p=2080"},"modified":"2024-08-30T06:25:21","modified_gmt":"2024-08-30T06:25:21","slug":"iceriver-ks3l-5t-kas-miner","status":"publish","type":"product","link":"https:\/\/minersking.com\/ru\/product\/iceriver-ks3l-5t-kas-miner\/","title":{"rendered":"Iceriver KS3L Kaspa ASIC Miner (5TH\/s)"},"content":{"rendered":"<h2>\u041e\u043f\u0438\u0441\u0430\u043d\u0438\u0435<\/h2>\n<p><strong>IceRiver KS3L<\/strong> is designed\u00a0 in August 2023. It uses the <strong>\u0410\u043b\u0433\u043e\u0440\u0438\u0442\u043c KHeavyHash<\/strong> and can reach a peak hashrate of<strong> 5 TH\/s<\/strong> \u043f\u043e\u0442\u0440\u0435\u0431\u043b\u044f\u044f \u043f\u0440\u0438 \u044d\u0442\u043e\u043c \u0442\u043e\u043b\u044c\u043a\u043e <strong>3200W<\/strong> \u0432\u043b\u0430\u0441\u0442\u0438.<\/p>\n<h2>\u0422\u0435\u0445\u043d\u0438\u0447\u0435\u0441\u043a\u0438\u0435 \u0445\u0430\u0440\u0430\u043a\u0442\u0435\u0440\u0438\u0441\u0442\u0438\u043a\u0438<\/h2>\n<div class=\"table-wrapper\">\n<table class=\"woocommerce-product-attributes shop_attributes\">\n<tbody>\n<tr class=\"woocommerce-product-attributes-item woocommerce-product-attributes-item--attribute_kas-hashrate\">\n<th class=\"woocommerce-product-attributes-item__label\">\u0425\u0435\u0448\u0440\u0435\u0439\u0442<\/th>\n<td class=\"woocommerce-product-attributes-item__value\">5\u0422\/\u0421(\u00b1101\u0422\u041f3\u0422)<\/td>\n<\/tr>\n<tr class=\"woocommerce-product-attributes-item woocommerce-product-attributes-item--attribute_wall-power\">\n<th class=\"woocommerce-product-attributes-item__label\">Power Comsumption<\/th>\n<td class=\"woocommerce-product-attributes-item__value\">3200 \u0412\u0442\/\u0447 (\u00b110%)<\/td>\n<\/tr>\n<tr class=\"woocommerce-product-attributes-item woocommerce-product-attributes-item--attribute_specifications\">\n<th class=\"woocommerce-product-attributes-item__label\">Efficiency<\/th>\n<td class=\"woocommerce-product-attributes-item__value\">5-\u0439 3200 \u0412\u0442<\/td>\n<\/tr>\n<tr class=\"woocommerce-product-attributes-item woocommerce-product-attributes-item--attribute_dimensionwith-packaging\">\n<th class=\"woocommerce-product-attributes-item__label\">Dimension with packaging<\/th>\n<td class=\"woocommerce-product-attributes-item__value\">490\u00d7300\u00d7400(\u043c\u043c)<\/td>\n<\/tr>\n<tr class=\"woocommerce-product-attributes-item woocommerce-product-attributes-item--attribute_dimension\">\n<th class=\"woocommerce-product-attributes-item__label\">\u0418\u0437\u043c\u0435\u0440\u0435\u043d\u0438\u0435<\/th>\n<td class=\"woocommerce-product-attributes-item__value\">370\u00d7195\u00d7290(\u043c\u043c)<\/td>\n<\/tr>\n<tr class=\"woocommerce-product-attributes-item woocommerce-product-attributes-item--attribute_gross-weight\">\n<th class=\"woocommerce-product-attributes-item__label\">\u0412\u0435\u0441 \u0431\u0440\u0443\u0442\u0442\u043e<\/th>\n<td class=\"woocommerce-product-attributes-item__value\">17,1 \u043a\u0433<\/td>\n<\/tr>\n<tr class=\"woocommerce-product-attributes-item woocommerce-product-attributes-item--attribute_net-weight\">\n<th class=\"woocommerce-product-attributes-item__label\">\u0412\u0435\u0441 \u043d\u0435\u0442\u0442\u043e<\/th>\n<td class=\"woocommerce-product-attributes-item__value\">14,4 \u043a\u0433<\/td>\n<\/tr>\n<tr class=\"woocommerce-product-attributes-item woocommerce-product-attributes-item--attribute_connection\">\n<th class=\"woocommerce-product-attributes-item__label\">Network Port<\/th>\n<td class=\"woocommerce-product-attributes-item__value\">Ethernet<\/td>\n<\/tr>\n<tr class=\"woocommerce-product-attributes-item woocommerce-product-attributes-item--attribute_voltage-input\">\n<th class=\"woocommerce-product-attributes-item__label\">\u0412\u0445\u043e\u0434\u043d\u043e\u0435 \u043d\u0430\u043f\u0440\u044f\u0436\u0435\u043d\u0438\u0435<\/th>\n<td class=\"woocommerce-product-attributes-item__value\">170\u2013300 \u0412 \u043f\u0435\u0440\u0435\u043c\u0435\u043d\u043d\u043e\u0433\u043e \u0442\u043e\u043a\u0430<\/td>\n<\/tr>\n<tr class=\"woocommerce-product-attributes-item woocommerce-product-attributes-item--attribute_operating-temp\">\n<th class=\"woocommerce-product-attributes-item__label\">\u0420\u0430\u0431\u043e\u0447\u0430\u044f \u0442\u0435\u043c\u043f\u0435\u0440\u0430\u0442\u0443\u0440\u0430<\/th>\n<td class=\"woocommerce-product-attributes-item__value\">0~35 \u2103<\/td>\n<\/tr>\n<\/tbody>\n<\/table>\n<\/div>\n<h4 class=\"font-satoshi text-xl text-black dark:text-white md:text-xl lg:mb-2 lg:text-heading-5 xl:text-heading-5\">\u0410\u043b\u0433\u043e\u0440\u0438\u0442\u043c\u044b<\/h4>\n<p>\u0410\u043b\u0433\u043e\u0440\u0438\u0442\u043c: KHeavyHash<\/p>\n<p>Hashrate: 5TH\/s<\/p>\n<p>Consumption: 3200W<\/p>\n<p>Minable coins: Kaspa(KAS)<\/p>\n<h4>\u0428\u0430\u0445\u0442\u0435\u0440 \u041a\u0430\u0441\u043f\u0430 \u0441 \u0432\u043e\u0437\u0434\u0443\u0448\u043d\u044b\u043c \u043e\u0445\u043b\u0430\u0436\u0434\u0435\u043d\u0438\u0435\u043c<\/h4>\n<p>Iceriver released a new Kaspa miner called the KS3L in April 2023. It has a hashrate of 5 TH\/s and uses 3200 W of power to mine Kaspa coins.<\/p>\n<p>\u0418\u0437\u0432\u0435\u0441\u0442\u043d\u044b\u0439 \u0431\u0440\u0435\u043d\u0434 Iceriver \u043e\u043f\u0442\u0438\u043c\u0438\u0437\u0438\u0440\u043e\u0432\u0430\u043b \u0441\u0432\u043e\u0439 \u043f\u0440\u043e\u0434\u0443\u043a\u0442 \u0434\u043b\u044f \u0440\u0430\u0431\u043e\u0442\u044b \u0441 \u0430\u043b\u0433\u043e\u0440\u0438\u0442\u043c\u043e\u043c KHeavyHash. \u041e\u043d \u043e\u0441\u043d\u0430\u0449\u0435\u043d \u0441\u0438\u0441\u0442\u0435\u043c\u043e\u0439 \u0432\u043e\u0437\u0434\u0443\u0448\u043d\u043e\u0433\u043e \u043e\u0445\u043b\u0430\u0436\u0434\u0435\u043d\u0438\u044f, \u043a\u043e\u0442\u043e\u0440\u0430\u044f \u043f\u043e\u043c\u043e\u0433\u0430\u0435\u0442 \u043e\u0442\u0432\u043e\u0434\u0438\u0442\u044c \u0442\u0435\u043f\u043b\u043e, \u0432\u044b\u0434\u0435\u043b\u044f\u0435\u043c\u043e\u0435 \u0432 \u043f\u0440\u043e\u0446\u0435\u0441\u0441\u0435 \u0434\u043e\u0431\u044b\u0447\u0438 \u043a\u0440\u0438\u043f\u0442\u043e\u0432\u0430\u043b\u044e\u0442\u044b. \u041c\u044b \u043d\u0430\u0441\u0442\u043e\u044f\u0442\u0435\u043b\u044c\u043d\u043e \u0440\u0435\u043a\u043e\u043c\u0435\u043d\u0434\u0443\u0435\u043c \u044d\u0442\u0443 \u0443\u0441\u0442\u0430\u043d\u043e\u0432\u043a\u0443 \u0434\u043b\u044f \u043c\u0430\u0439\u043d\u0438\u043d\u0433\u0430 Kaspa \u0432\u0441\u0435\u043c, \u043a\u0442\u043e \u0445\u043e\u0447\u0435\u0442 \u044d\u0444\u0444\u0435\u043a\u0442\u0438\u0432\u043d\u043e \u0438 \u043f\u0440\u0438\u0431\u044b\u043b\u044c\u043d\u043e \u0434\u043e\u0431\u044b\u0432\u0430\u0442\u044c \u043c\u043e\u043d\u0435\u0442\u044b Kaspa.<\/p>\n<h2>\u0414\u043e\u043f\u043e\u043b\u043d\u0438\u0442\u0435\u043b\u044c\u043d\u0430\u044f \u0438\u043d\u0444\u043e\u0440\u043c\u0430\u0446\u0438\u044f<\/h2>\n<ul>\n<li>Contact us to learn more about the details on different orders. Additionally, DDP (PRICE including shipping and customs fees) may also be available in some countries.<\/li>\n<li>\u0417\u0430\u043a\u0430\u0437 \u0438\u043b\u0438 \u043f\u0440\u0435\u0434\u0432\u0430\u0440\u0438\u0442\u0435\u043b\u044c\u043d\u044b\u0439 \u0437\u0430\u043a\u0430\u0437 \u043d\u0435 \u043c\u043e\u0436\u0435\u0442 \u0431\u044b\u0442\u044c \u043e\u0442\u043c\u0435\u043d\u0435\u043d \u043d\u0438 \u043f\u0440\u0438 \u043a\u0430\u043a\u0438\u0445 \u043e\u0431\u0441\u0442\u043e\u044f\u0442\u0435\u043b\u044c\u0441\u0442\u0432\u0430\u0445, \u0442\u0430\u043a \u043a\u0430\u043a \u043e\u043d \u0441\u0447\u0438\u0442\u0430\u0435\u0442\u0441\u044f \u043e\u043a\u043e\u043d\u0447\u0430\u0442\u0435\u043b\u044c\u043d\u044b\u043c, \u043a\u0430\u043a \u0442\u043e\u043b\u044c\u043a\u043e \u043e\u043d \u0431\u044b\u043b \u043f\u043e\u0434\u0442\u0432\u0435\u0440\u0436\u0434\u0435\u043d \u043d\u0430\u043c\u0438.<\/li>\n<\/ul>","protected":false},"excerpt":{"rendered":"<p>Description IceRiver KS3L is designed\u00a0 in August 2023. It uses the KHeavyHash algorithm and can reach a peak hashrate of 5 TH\/s while consuming only 3200W of power. Specification Hashrate 5TH\/S(\u00b110%) Power Comsumption 3200W\/h(\u00b110%) Efficiency 5TH 3200W Dimension with packaging 490\u00d7300\u00d7400(mm) Dimension 370\u00d7195\u00d7290(mm) Gross Weight 17.1kg Net Weight 14.4kg Network Port ethernet Voltage Input 170-300V [&hellip;]<\/p>","protected":false},"featured_media":2084,"comment_status":"open","ping_status":"closed","template":"","meta":[],"product_brand":[],"product_cat":[36,85],"product_tag":[],"class_list":{"0":"post-2080","1":"product","2":"type-product","3":"status-publish","4":"has-post-thumbnail","6":"product_cat-iceriver","7":"product_cat-iceriver-kaspa-mining","9":"first","10":"outofstock","11":"shipping-taxable","12":"purchasable","13":"product-type-simple"},"_links":{"self":[{"href":"https:\/\/minersking.com\/ru\/wp-json\/wp\/v2\/product\/2080","targetHints":{"allow":["GET"]}}],"collection":[{"href":"https:\/\/minersking.com\/ru\/wp-json\/wp\/v2\/product"}],"about":[{"href":"https:\/\/minersking.com\/ru\/wp-json\/wp\/v2\/types\/product"}],"replies":[{"embeddable":true,"href":"https:\/\/minersking.com\/ru\/wp-json\/wp\/v2\/comments?post=2080"}],"wp:featuredmedia":[{"embeddable":true,"href":"https:\/\/minersking.com\/ru\/wp-json\/wp\/v2\/media\/2084"}],"wp:attachment":[{"href":"https:\/\/minersking.com\/ru\/wp-json\/wp\/v2\/media?parent=2080"}],"wp:term":[{"taxonomy":"product_brand","embeddable":true,"href":"https:\/\/minersking.com\/ru\/wp-json\/wp\/v2\/product_brand?post=2080"},{"taxonomy":"product_cat","embeddable":true,"href":"https:\/\/minersking.com\/ru\/wp-json\/wp\/v2\/product_cat?post=2080"},{"taxonomy":"product_tag","embeddable":true,"href":"https:\/\/minersking.com\/ru\/wp-json\/wp\/v2\/product_tag?post=2080"}],"curies":[{"name":"wp","href":"https:\/\/api.w.org\/{rel}","templated":true}]}}